{"id":688025,"date":"2025-10-17T23:10:38","date_gmt":"2025-10-17T20:10:38","guid":{"rendered":"https:\/\/nbg.eu\/product\/puoliautomaattinen-pistooli-kmr-w-02-spectra-s-kaliiperi-9x19\/"},"modified":"2026-04-16T16:49:02","modified_gmt":"2026-04-16T13:49:02","slug":"puoliautomaattinen-pistooli-kmr-w-02-spectra-s-kaliiperi-9x19","status":"publish","type":"product","link":"https:\/\/nbg.eu\/fi\/tuote\/puoliautomaattinen-pistooli-kmr-w-02-spectra-s-kaliiperi-9x19\/","title":{"rendered":"KMR Puoliautomaattinen Pistooli W-02 SPECTRA S"},"content":{"rendered":"<h2>KMR W-02 SPECTRA S OR puoliautomaattinen pistooli &#8211; kaliiperi 9&#215;19<\/h2>\n<p>Nopeus yhdistettyn\u00e4 kompaktiin kokoon. KMR W-02 SPECTRA S OR on pistooli, jossa on kompaktimpi rakenne ja pienempi kahva. Kuten muissakin malleissamme, voit odottaa t\u00e4lt\u00e4 pistoolilta tarkkuutta ja sujuvaa toimintaa. Pistooli on varustettu BRS-piipun vakautinj\u00e4rjestelm\u00e4ll\u00e4, KMR-lis\u00e4varusteilla, t\u00e4ysin s\u00e4\u00e4dett\u00e4v\u00e4ll\u00e4 takapiipulla, kilpa-aseella ja optiikoille valmiilla liittym\u00e4ll\u00e4.<\/p>\n<p>Ominaisuudet:<\/p>\n<ul>\n<li>5&#8243; raskas, uurrettu, nitriditty piippu<\/li>\n<li>BRS &#8211; Piipun rengasj\u00e4rjestelm\u00e4 &#8211; piipun vakautinj\u00e4rjestelm\u00e4 liukuosassa<\/li>\n<li>Runko ja liukuosa ter\u00e4ksest\u00e4, CNC-koneistettu yhten\u00e4isest\u00e4 aihiosta<\/li>\n<li>Nitriditty runko ja liukuosa &#8211; musta<\/li>\n<li>Runkoa pienennetty kahva-alueella<\/li>\n<li>Optiikoille valmis liit\u00e4nt\u00e4 (OR)<\/li>\n<li>Kuituvaloinen et\u00e4visir (1 mm)<\/li>\n<li>T\u00e4ysin s\u00e4\u00e4dett\u00e4v\u00e4 OR-takavisir<\/li>\n<li>SA\/DA liipaisinmekanismi<\/li>\n<li>Ter\u00e4ksinen uritettu SA\/DA liipaisin, s\u00e4\u00e4dett\u00e4v\u00e4ll\u00e4 ylim\u00e4\u00e4r\u00e4isell\u00e4 matkalla &#8211; musta<\/li>\n<li>Lyhyt palautus<\/li>\n<li>Kilpa-ase SA\/DA-vasara<\/li>\n<li>Pidentetty vasen manuaalinen varmistin<\/li>\n<li>Litte\u00e4 oikea manuaalinen varmistin<\/li>\n<li>Duralumiini WAVES -kahvat &#8211; tummanpunainen<\/li>\n<li>S\u00e4\u00e4dett\u00e4v\u00e4 duralumiini-lippaanvapautuspainike &#8211; musta<\/li>\n<li>Lipas 9&#215;19, 9&#215;21, kapasiteetti 17 patruunaa<\/li>\n<li>Lipas &#8211; 3x<\/li>\n<li>KMR-pistoolin kotelo, puhdistussarja, KMR-\u00f6ljy, piipun kiinnitysty\u00f6kalu, p\u00e4\u00e4jousi 14 lbs, takaisinjousi 11 lbs, 13 lbs, puskurisarja, kuusioavaimet, kiinnitystukka, takuukortti, k\u00e4ytt\u00f6ohje<\/li>\n<\/ul>\n<p>Tekniset tiedot:<\/p>\n<ul>\n<li>Kaliiperi: 9&#215;19, 9&#215;21<\/li>\n<li>Kokonaispituus: 220 mm \/ 8,7 in<\/li>\n<li>Liukuosan pituus: 194 mm \/ 7,6 in<\/li>\n<li>Kokonaisleveys: 39 mm \/ 1,5 in<\/li>\n<li>Liukuosan leveys: 26 mm \/ 1 in<\/li>\n<li>Kokonaiskorkeus: 146 mm \/ 5,7 in<\/li>\n<li>T\u00e4ht\u00e4inlinja: 177 mm \/ 7 in<\/li>\n<li>Piipun pituus: 127 mm \/ 5 in<\/li>\n<li>Lipaskapasiteetti: 17<\/li>\n<li>Liipaisinmekanismi: SA \/ DA<\/li>\n<li>Liipaisuvoima: 17,5 N \/ 45 N<\/li>\n<li>Takajousi: 12 lbs<\/li>\n<li>P\u00e4\u00e4jousi: 17 lbs<\/li>\n<li>Paino (ilman lipasta): 1230 g \/ 43,4 oz<\/li>\n<li>Paino (tyhj\u00e4ll\u00e4 lippaalla): 1320 g \/ 46,6 oz<\/li>\n<\/ul>\n","protected":false},"excerpt":{"rendered":"<p>Nopeus yhdistettyn\u00e4 kompaktiin kokoon. KMR W-02 SPECTRA S OR on pistooli, jossa on kompaktimpi muotoilu ja lyhyempi kahva. Kuten muissakin malleissamme, t\u00e4ll\u00e4 pistoolilla voit odottaa korkeaa tarkkuutta ja sujuvaa toimintaa. Pistooli on varustettu BRS-piipun vakaajalla, KMR-lis\u00e4varusteilla, t\u00e4ysin s\u00e4\u00e4dett\u00e4v\u00e4ll\u00e4 takavisiirill\u00e4, kilpakoneistolla ja optiikkavalmiilla liit\u00e4nn\u00e4ll\u00e4.<\/p>\n","protected":false},"featured_media":688058,"template":"","meta":{"_acf_changed":false},"product_brand":[11494],"product_cat":[13224],"product_tag":[],"class_list":{"0":"post-688025","1":"product","2":"type-product","3":"status-publish","4":"has-post-thumbnail","6":"product_brand-kmr-precision","7":"product_cat-pistoolit","9":"first","10":"instock","11":"taxable","12":"shipping-taxable","13":"purchasable","14":"product-type-simple"},"acf":[],"_links":{"self":[{"href":"https:\/\/nbg.eu\/fi\/wp-json\/wp\/v2\/product\/688025","targetHints":{"allow":["GET"]}}],"collection":[{"href":"https:\/\/nbg.eu\/fi\/wp-json\/wp\/v2\/product"}],"about":[{"href":"https:\/\/nbg.eu\/fi\/wp-json\/wp\/v2\/types\/product"}],"wp:featuredmedia":[{"embeddable":true,"href":"https:\/\/nbg.eu\/fi\/wp-json\/wp\/v2\/media\/688058"}],"wp:attachment":[{"href":"https:\/\/nbg.eu\/fi\/wp-json\/wp\/v2\/media?parent=688025"}],"wp:term":[{"taxonomy":"product_brand","embeddable":true,"href":"https:\/\/nbg.eu\/fi\/wp-json\/wp\/v2\/product_brand?post=688025"},{"taxonomy":"product_cat","embeddable":true,"href":"https:\/\/nbg.eu\/fi\/wp-json\/wp\/v2\/product_cat?post=688025"},{"taxonomy":"product_tag","embeddable":true,"href":"https:\/\/nbg.eu\/fi\/wp-json\/wp\/v2\/product_tag?post=688025"}],"curies":[{"name":"wp","href":"https:\/\/api.w.org\/{rel}","templated":true}]}}