{"id":688138,"date":"2025-10-17T23:30:59","date_gmt":"2025-10-17T20:30:59","guid":{"rendered":"https:\/\/nbg.eu\/product\/puoliautomaattinen-pistooli-kmr-umbra-w-02-kaliiperi-9x19-kierteisella-piipulla\/"},"modified":"2026-04-16T16:48:58","modified_gmt":"2026-04-16T13:48:58","slug":"puoliautomaattinen-pistooli-kmr-umbra-w-02-kaliiperi-9x19-kierteisella-piipulla","status":"publish","type":"product","link":"https:\/\/nbg.eu\/fi\/tuote\/puoliautomaattinen-pistooli-kmr-umbra-w-02-kaliiperi-9x19-kierteisella-piipulla\/","title":{"rendered":"KMR Puoliautomaattinen Pistooli W-02 UMBRA Kierteitetyll\u00e4 Piipulla"},"content":{"rendered":"<h2>KMR W-02 UMBRA OR &#8211; Tehokas ja kompakti pistooli kilpak\u00e4ytt\u00f6\u00f6n<\/h2>\n<p>T\u00e4m\u00e4n kompaktin pistoolin kanssa et huku kilpailuun, p\u00e4invastoin, voit yll\u00e4tt\u00e4\u00e4.<\/p>\n<p>Pistooli on varustettu KMR-lis\u00e4varusteilla ja BRS-piipun vakautusj\u00e4rjestelm\u00e4ll\u00e4, joten se tarkoittaa osumaa maalitauluun.<\/p>\n<p>T\u00e4m\u00e4 malli ei ole vain urheiluampumiseen, vaan kaikille intohimoisille ampujille.<\/p>\n<h2>Keskeiset ominaisuudet<\/h2>\n<ul>\n<li>4.5&#8243; Raskas, Uritettu, Nitritetty Piippu<\/li>\n<li>BRS &#8211; Piipun Rengasj\u00e4rjestelm\u00e4 &#8211; Piipun Vakautusj\u00e4rjestelm\u00e4 Liukurissa<\/li>\n<li>Runko ja Liukuri Ter\u00e4ksest\u00e4, Jyrsinill\u00e4 Massiivisesta Aihiosta Valmistettu<\/li>\n<li>Nitritetty Runko ja Liukuri &#8211; Musta<\/li>\n<li>Optiikkavalmisteinen Liit\u00e4nt\u00e4 (OR)<\/li>\n<li>Kuituoptiikkaper\u00e4sin (1 mm)<\/li>\n<li>T\u00e4ysin S\u00e4\u00e4dett\u00e4v\u00e4 OR-Per\u00e4sin<\/li>\n<li>SA\/DA-Laukausinmekanismi<\/li>\n<li>Ter\u00e4ksinen Uritettu SA\/DA-Liipaisin S\u00e4\u00e4dett\u00e4v\u00e4ll\u00e4 Ylimatkoilla &#8211; Musta<\/li>\n<li>Lyhyt Palautus<\/li>\n<li>Kilpailuk\u00e4ytt\u00f6\u00f6n Suunniteltu SA\/DA-Vipuvarsi<\/li>\n<li>Laajennettu Vasemmanpuoleinen Manuaalinen Varmistin<\/li>\n<li>Litte\u00e4 Oikeanpuoleinen Manuaalinen Varmistin<\/li>\n<li>Durallux WAVES-Kahvat &#8211; Musta<\/li>\n<li>S\u00e4\u00e4dett\u00e4v\u00e4 Durallux Lipastulpan Vapautuspainike &#8211; Musta<\/li>\n<li>Lipas 9&#215;19, 9&#215;21 kapasiteetilla 17 patruunaa<\/li>\n<\/ul>\n<h2>Mit\u00e4 Pakkaus Sis\u00e4lt\u00e4\u00e4<\/h2>\n<ul>\n<li>KMR W-02 UMBRA OR-pistooli<\/li>\n<li>3 kpl lipasta<\/li>\n<li>Puhdistuspakkaus<\/li>\n<li>KMR-\u00f6ljy<\/li>\n<li>Piipun Kiinnitysty\u00f6kalu<\/li>\n<li>P\u00e4\u00e4jousi 14 lbs<\/li>\n<li>Paluujousi 11 lbs, 13 lbs<\/li>\n<li>Iskunvaimenninsarja<\/li>\n<li>Kuusiokulma-avaimet<\/li>\n<li>Kiinnitysaine<\/li>\n<li>Takuukortti<\/li>\n<li>K\u00e4ytt\u00f6ohje<\/li>\n<li>Sarja KMR Precision Arms -mainostarroja<\/li>\n<\/ul>\n<h2>Tekniset Tiedot<\/h2>\n<ul>\n<li>Kaliiperi: 9&#215;19, 9&#215;21<\/li>\n<li>Kokonaispituus: 208 mm \/ 8.2 tuumaa<\/li>\n<li>Liukurin Pituus: 181 mm \/ 7 tuumaa<\/li>\n<li>Kokonaisleveys: 39 mm \/ 1.5 tuumaa<\/li>\n<li>Liukurin Leveys: 26 mm \/ 1 tuuma<\/li>\n<li>Kokonaiskorkeus: 143 mm \/ 5.6 tuumaa<\/li>\n<li>T\u00e4ht\u00e4inlinja: 164 mm \/ 6.5 tuumaa<\/li>\n<li>Piipun Pituus: 114 mm \/ 4.5 tuumaa<\/li>\n<li>Lipaskapasiteetti: 17<\/li>\n<li>Laukausinmekanismi: SA \/ DA<\/li>\n<li>Liipaisimen Vedot: 17,5 N \/ 45 N<\/li>\n<li>Paluujousi: 12 lbs<\/li>\n<li>P\u00e4\u00e4jousi: 17 lbs<\/li>\n<li>Paino (ilman lipasta): 1180 g \/ 41.6 unssia<\/li>\n<li>Paino (tyhj\u00e4ll\u00e4 lippaalla): 1270 g \/ 44.8 unssia<\/li>\n<\/ul>\n","protected":false},"excerpt":{"rendered":"<p>T\u00c4RKE\u00c4: VAIN K\u00c4\u00c4NNETTY TEKSTI, ILMAN JOHDANTOA TAI SELITYKSI\u00c4.<\/p>\n<p>Pieni ja kompakti, kuitenkin tehokas KMR W-02 UMBRA OR 9&#215;19 pistooli kierresuuttimella ja BRS-piipun vakautuksella.<\/p>\n","protected":false},"featured_media":0,"template":"","meta":{"_acf_changed":false},"product_brand":[],"product_cat":[13241],"product_tag":[],"class_list":{"0":"post-688138","1":"product","2":"type-product","3":"status-publish","5":"product_cat-luokittelematon","7":"first","8":"instock","9":"taxable","10":"shipping-taxable","11":"purchasable","12":"product-type-simple"},"acf":[],"_links":{"self":[{"href":"https:\/\/nbg.eu\/fi\/wp-json\/wp\/v2\/product\/688138","targetHints":{"allow":["GET"]}}],"collection":[{"href":"https:\/\/nbg.eu\/fi\/wp-json\/wp\/v2\/product"}],"about":[{"href":"https:\/\/nbg.eu\/fi\/wp-json\/wp\/v2\/types\/product"}],"wp:attachment":[{"href":"https:\/\/nbg.eu\/fi\/wp-json\/wp\/v2\/media?parent=688138"}],"wp:term":[{"taxonomy":"product_brand","embeddable":true,"href":"https:\/\/nbg.eu\/fi\/wp-json\/wp\/v2\/product_brand?post=688138"},{"taxonomy":"product_cat","embeddable":true,"href":"https:\/\/nbg.eu\/fi\/wp-json\/wp\/v2\/product_cat?post=688138"},{"taxonomy":"product_tag","embeddable":true,"href":"https:\/\/nbg.eu\/fi\/wp-json\/wp\/v2\/product_tag?post=688138"}],"curies":[{"name":"wp","href":"https:\/\/api.w.org\/{rel}","templated":true}]}}