{"id":688792,"date":"2025-12-22T15:23:07","date_gmt":"2025-12-22T12:23:07","guid":{"rendered":"https:\/\/nbg.eu\/product\/hyllus-duffel-military-green-65-litra\/"},"modified":"2026-04-15T14:18:53","modified_gmt":"2026-04-15T11:18:53","slug":"hyllus-duffel-military-green-65-litra","status":"publish","type":"product","link":"https:\/\/nbg.eu\/fi\/tuote\/hyllus-duffel-military-green-65-litra\/","title":{"rendered":"Eberlestock Duffel-laukku Hyllus &#8211; 65 Litraa"},"content":{"rendered":"<h2>Hyllus-duffel &#8211; 65 litraa<\/h2>\n<p>Hyllus-duffel on vesienkest\u00e4v\u00e4, eritt\u00e4in kest\u00e4v\u00e4 duffel-laukku, joka sopii erinomaisesti v\u00e4lineiden kokoamiseen pakettiautossa tai matkatavarahyllyss\u00e4. Pohja ja sivusein\u00e4t on valmistettu 1000D TPU-k\u00e4sitellyst\u00e4 nailonista, ja yl\u00e4osa on 500D TPU-k\u00e4sitelty\u00e4 nailonripsiraksaa.<\/p>\n<p>Sis\u00e4- ja ulkotaskuissa on vetoketjut, joten pienten tavaroiden j\u00e4rjest\u00e4minen on helppoa ja turvallista. Suuri p\u00e4\u00e4osasto mahdollistaa nopean kuormaamisen vaatteille ja suurille esineille. Hyllyksess\u00e4 on nauharemmi, jonka avulla sen voi kiinnitt\u00e4\u00e4 teleskooppikahvaan.<\/p>\n<h2>Mitat<\/h2>\n<p>65 l:n tilavuus: 3966 kuutiotuumaa<br \/>\n65 l:n paino: 2,5 paunaa<br \/>\n65 l:n mitat: 11 korkeus x 27 pituus x 13 leveys<\/p>\n<h2>Ominaisuudet<\/h2>\n<p>Vesienkest\u00e4v\u00e4 rakenne<br \/>\nSuuri p\u00e4\u00e4osasto sis\u00e4puolisilla j\u00e4rjest\u00e4mistasku<br \/>\nUlkoiset vetoketjulliset taskut molemmilla sivuilla ja edess\u00e4<br \/>\nDuffel-kantohihnat<\/p>\n","protected":false},"excerpt":{"rendered":"<p>Hyllus Duffel- 65 litra on vesienkest\u00e4v\u00e4, eritt\u00e4in kest\u00e4v\u00e4 duffelilaukku, jonka tilavuus on 3966ci ja paino 2,5 puntaa.<\/p>\n","protected":false},"featured_media":688861,"template":"","meta":{"_acf_changed":false},"product_brand":[15142],"product_cat":[13165],"product_tag":[],"class_list":{"0":"post-688792","1":"product","2":"type-product","3":"status-publish","4":"has-post-thumbnail","6":"product_brand-eberlestock","7":"product_cat-ampumalaukut","9":"first","10":"instock","11":"taxable","12":"shipping-taxable","13":"purchasable","14":"product-type-variable","15":"wvs-archive-product-wrapper"},"acf":[],"_links":{"self":[{"href":"https:\/\/nbg.eu\/fi\/wp-json\/wp\/v2\/product\/688792","targetHints":{"allow":["GET"]}}],"collection":[{"href":"https:\/\/nbg.eu\/fi\/wp-json\/wp\/v2\/product"}],"about":[{"href":"https:\/\/nbg.eu\/fi\/wp-json\/wp\/v2\/types\/product"}],"wp:featuredmedia":[{"embeddable":true,"href":"https:\/\/nbg.eu\/fi\/wp-json\/wp\/v2\/media\/688861"}],"wp:attachment":[{"href":"https:\/\/nbg.eu\/fi\/wp-json\/wp\/v2\/media?parent=688792"}],"wp:term":[{"taxonomy":"product_brand","embeddable":true,"href":"https:\/\/nbg.eu\/fi\/wp-json\/wp\/v2\/product_brand?post=688792"},{"taxonomy":"product_cat","embeddable":true,"href":"https:\/\/nbg.eu\/fi\/wp-json\/wp\/v2\/product_cat?post=688792"},{"taxonomy":"product_tag","embeddable":true,"href":"https:\/\/nbg.eu\/fi\/wp-json\/wp\/v2\/product_tag?post=688792"}],"curies":[{"name":"wp","href":"https:\/\/api.w.org\/{rel}","templated":true}]}}