{"id":688900,"date":"2025-12-22T15:33:09","date_gmt":"2025-12-22T12:33:09","guid":{"rendered":"https:\/\/nbg.eu\/product\/hyllus-duffel-military-green-45-liter\/"},"modified":"2026-04-15T14:18:50","modified_gmt":"2026-04-15T11:18:50","slug":"hyllus-duffel-military-green-45-liter","status":"publish","type":"product","link":"https:\/\/nbg.eu\/fi\/tuote\/hyllus-duffel-military-green-45-liter\/","title":{"rendered":"Eberlestock Duffel-laukku Hyllus &#8211; 45 Litraa"},"content":{"rendered":"<h2>Hyllus-laukku, 45 litraa<\/h2>\n<p>Hyllus-laukku on vedenkest\u00e4v\u00e4 ja eritt\u00e4in kest\u00e4v\u00e4 laukku, joka sopii hyvin tavaroiden kokoamiseen kuorma-autoon tai matkalaukkuun. Pohja ja sivusein\u00e4t on valmistettu 1000D:n TPU-p\u00e4\u00e4llysteisest\u00e4 nailonista, ja yl\u00e4osa on 500D:n TPU-p\u00e4\u00e4llysteist\u00e4 nailonia.<\/p>\n<p>Sis\u00e4iset ja ulkoiset vetoketjulliset taskut helpottavat pienten tavaroiden j\u00e4rjest\u00e4mist\u00e4 ja turvaamista, kun taas ison p\u00e4\u00e4osaston suuri aukko mahdollistaa nopeamman varastoimisen vaatteille ja suuremmille tavaroille. Hyllus-laukussa on my\u00f6s nauharemmi, jolla sen voi kiinnitt\u00e4\u00e4 helposti teleskoooppiseen matkalaukkujen kahvaan.<\/p>\n<h2>Mitat<\/h2>\n<p>45 litran tilavuus: 2746 kuutuumaa<br \/>\n45 litran paino: 0,9 kiloa<br \/>\n45 litran mitat: 10 korkeus x 22 pituus x 12 leveys<\/p>\n<h2>Ominaisuudet<\/h2>\n<ul>\n<li>Vedenkest\u00e4v\u00e4 rakenne<\/li>\n<li>Suuri p\u00e4\u00e4osasto, jossa on vetoketjullisia sis\u00e4taskuja<\/li>\n<li>Ulkoiset vetoketjulliset taskut molemmilla sivuilla ja edess\u00e4<\/li>\n<li>Laukun kantohihnat<\/li>\n<\/ul>\n","protected":false},"excerpt":{"rendered":"<p>Hyllus-duffelipussi on vedenkest\u00e4v\u00e4, eritt\u00e4in kest\u00e4v\u00e4 45 litran laukku, joka sopii hyvin varusteille niin pakettiauton kuormatilassa kuin lentokoneen yl\u00e4lokeroissakin.<\/p>\n","protected":false},"featured_media":705363,"template":"","meta":{"_acf_changed":false},"product_brand":[15142],"product_cat":[13165],"product_tag":[],"class_list":{"0":"post-688900","1":"product","2":"type-product","3":"status-publish","4":"has-post-thumbnail","6":"product_brand-eberlestock","7":"product_cat-ampumalaukut","9":"first","10":"instock","11":"taxable","12":"shipping-taxable","13":"purchasable","14":"product-type-variable","15":"wvs-archive-product-wrapper"},"acf":[],"_links":{"self":[{"href":"https:\/\/nbg.eu\/fi\/wp-json\/wp\/v2\/product\/688900","targetHints":{"allow":["GET"]}}],"collection":[{"href":"https:\/\/nbg.eu\/fi\/wp-json\/wp\/v2\/product"}],"about":[{"href":"https:\/\/nbg.eu\/fi\/wp-json\/wp\/v2\/types\/product"}],"wp:featuredmedia":[{"embeddable":true,"href":"https:\/\/nbg.eu\/fi\/wp-json\/wp\/v2\/media\/705363"}],"wp:attachment":[{"href":"https:\/\/nbg.eu\/fi\/wp-json\/wp\/v2\/media?parent=688900"}],"wp:term":[{"taxonomy":"product_brand","embeddable":true,"href":"https:\/\/nbg.eu\/fi\/wp-json\/wp\/v2\/product_brand?post=688900"},{"taxonomy":"product_cat","embeddable":true,"href":"https:\/\/nbg.eu\/fi\/wp-json\/wp\/v2\/product_cat?post=688900"},{"taxonomy":"product_tag","embeddable":true,"href":"https:\/\/nbg.eu\/fi\/wp-json\/wp\/v2\/product_tag?post=688900"}],"curies":[{"name":"wp","href":"https:\/\/api.w.org\/{rel}","templated":true}]}}