{"id":689067,"date":"2025-03-06T13:06:02","date_gmt":"2025-03-06T10:06:02","guid":{"rendered":"https:\/\/nbg.eu\/product\/clawgear-m-lok-qd-mount\/"},"modified":"2026-05-13T15:10:01","modified_gmt":"2026-05-13T12:10:01","slug":"clawgear-m-lok-qd-mount","status":"publish","type":"product","link":"https:\/\/nbg.eu\/fi\/tuote\/clawgear-m-lok-qd-mount\/","title":{"rendered":"Clawgear M-LOK QD Mount"},"content":{"rendered":"<h2>Clawgear M-LOK QD -kiinnike: Turvallinen, takertumaton hihnanpidike<\/h2>\n<p>Paranna tuliasemasi kokoonpanoa Clawgear M-LOK QD -kiinnikkeell\u00e4, joka on suunniteltu h\u00e4iri\u00f6tt\u00f6m\u00e4\u00e4n suorituskykyyn ja saumattomaan hihnanliit\u00e4nt\u00e4\u00e4n. T\u00e4m\u00e4 matalaprofiilinen kiinnike on valmistettu korkealujuuksisesta alumiinista ja k\u00e4sitelty milspec-anodisoidulla pinnoitteella, mik\u00e4 takaa erinomaisen kest\u00e4vyyden ja korroosionkest\u00e4vyyden sek\u00e4 pitk\u00e4aikaisen luotettavuuden kent\u00e4ll\u00e4.<\/p>\n<p>Suora M-LOK-kiinnitys tarjoaa turvallisen ja takertumattoman liit\u00e4nn\u00e4n, kun taas kiertoa est\u00e4v\u00e4 ominaisuus varmistaa, ett\u00e4 hihnan py\u00f6riv\u00e4 osa pysyy tukevasti paikallaan, est\u00e4en ei-toivotun liikkeen tai siirtymisen. Yhteensopiva kaikkien tavanomaisten QD-kiinnikkeiden kanssa, Clawgear M-LOK QD -kiinnike mahdollistaa nopean ja helpon hihnanliit\u00e4nn\u00e4n ja -irrotuksen, virtaviivaistamalla siirtymisi\u00e4si ja parantamalla yleist\u00e4 ampumiskokemustasi.<\/p>\n<p>Olipa kyseess\u00e4 vaativat taktiset tilanteet tai ulkoiluretkeilyyn l\u00e4ht\u00f6, Clawgear M-LOK QD -kiinnike on luotettava ja monipuolinen ratkaisu hihnanpidikkeen tarpeisiisi. Paranna tuliaseen suorituskyky\u00e4 t\u00e4ll\u00e4 kest\u00e4v\u00e4ll\u00e4 ja k\u00e4ytt\u00e4j\u00e4yst\u00e4v\u00e4llisell\u00e4 lis\u00e4varusteella.<\/p>\n","protected":false},"excerpt":{"rendered":"<p>Korkealaatuinen alumiininen M-LOK QD-kiinnitys, jossa on matala profiili ja anti-rotaatiosuunnittelu, jotta se sopii kiinni karkaisemattomaan ja karkeaan kantohihnaan.<\/p>\n","protected":false},"featured_media":240594,"template":"","meta":{"_acf_changed":false},"product_brand":[11222],"product_cat":[13161,13225,13186],"product_tag":[],"class_list":{"0":"post-689067","1":"product","2":"type-product","3":"status-publish","4":"has-post-thumbnail","6":"product_brand-clawgear","7":"product_cat-hihnat","8":"product_cat-kivaeaeri","9":"product_cat-kivaeaerin-viritys","11":"first","12":"outofstock","13":"taxable","14":"shipping-taxable","15":"purchasable","16":"product-type-simple"},"acf":[],"_links":{"self":[{"href":"https:\/\/nbg.eu\/fi\/wp-json\/wp\/v2\/product\/689067","targetHints":{"allow":["GET"]}}],"collection":[{"href":"https:\/\/nbg.eu\/fi\/wp-json\/wp\/v2\/product"}],"about":[{"href":"https:\/\/nbg.eu\/fi\/wp-json\/wp\/v2\/types\/product"}],"wp:featuredmedia":[{"embeddable":true,"href":"https:\/\/nbg.eu\/fi\/wp-json\/wp\/v2\/media\/240594"}],"wp:attachment":[{"href":"https:\/\/nbg.eu\/fi\/wp-json\/wp\/v2\/media?parent=689067"}],"wp:term":[{"taxonomy":"product_brand","embeddable":true,"href":"https:\/\/nbg.eu\/fi\/wp-json\/wp\/v2\/product_brand?post=689067"},{"taxonomy":"product_cat","embeddable":true,"href":"https:\/\/nbg.eu\/fi\/wp-json\/wp\/v2\/product_cat?post=689067"},{"taxonomy":"product_tag","embeddable":true,"href":"https:\/\/nbg.eu\/fi\/wp-json\/wp\/v2\/product_tag?post=689067"}],"curies":[{"name":"wp","href":"https:\/\/api.w.org\/{rel}","templated":true}]}}