{"id":689221,"date":"2024-08-18T11:35:41","date_gmt":"2024-08-18T08:35:41","guid":{"rendered":"https:\/\/nbg.eu\/product\/ejector-sa-da-kmr\/"},"modified":"2026-05-13T15:09:48","modified_gmt":"2026-05-13T12:09:48","slug":"ejector-sa-da-kmr","status":"publish","type":"product","link":"https:\/\/nbg.eu\/fi\/tuote\/ejector-sa-da-kmr\/","title":{"rendered":"KMR Ulosheitin SA\/DA"},"content":{"rendered":"<h2>Ejector SA\/DA KMR Aseille KMR<\/h2>\n<p>Ejector SA\/DA KMR on monipuolinen ja luotettava lis\u00e4varuste, joka on suunniteltu k\u00e4ytett\u00e4v\u00e4ksi erilaisten Aseille KMR -mallien kanssa. Siin\u00e4 on yksitt\u00e4istoiminta (SA)- ja kaksitoiminta (DA) -mekanismi, joka tarjoaa k\u00e4ytt\u00e4jille lis\u00e4\u00e4 joustavuutta ja hallintaa toiminnan aikana. Se on yhteensopiva seuraavien mallien kanssa:<\/p>\n<ul>\n<li>KMR L-02 EMIQ<\/li>\n<li>KMR L-02 EMIQ (OR)<\/li>\n<li>KMR L-02 ORCA VUODESTA 2024 L\u00c4HTIEN<\/li>\n<li>KMR L-02 ORCA VUOTEEN 2023 ASTI<\/li>\n<li>KMR L-02 SPECTRA VUODESTA 2024 L\u00c4HTIEN<\/li>\n<li>KMR L-02 SPECTRA VUOTEEN 2023 ASTI<\/li>\n<li>KMR L-02 UMBRA (OR) SR<\/li>\n<li>KMR W-02 CUDA (OR)<\/li>\n<li>KMR W-02 UMBRA<\/li>\n<li>KMR W-02 UMBRA (OR)<\/li>\n<\/ul>\n<p>Tuotenumero 1060-00701-0401<\/p>\n","protected":false},"excerpt":{"rendered":"<p>Ulosty\u00f6nt\u00e4v\u00e4 SA\/DA KMR &#8211; luotettava ja monipuolinen aseen lis\u00e4varuste KMR-j\u00e4rjestelm\u00e4\u00e4n.<\/p>\n","protected":false},"featured_media":25681,"template":"","meta":{"_acf_changed":false},"product_brand":[11494],"product_cat":[13175],"product_tag":[],"class_list":{"0":"post-689221","1":"product","2":"type-product","3":"status-publish","4":"has-post-thumbnail","6":"product_brand-kmr-precision","7":"product_cat-kmr-osat","9":"first","10":"instock","11":"taxable","12":"shipping-taxable","13":"product-type-simple"},"acf":[],"_links":{"self":[{"href":"https:\/\/nbg.eu\/fi\/wp-json\/wp\/v2\/product\/689221","targetHints":{"allow":["GET"]}}],"collection":[{"href":"https:\/\/nbg.eu\/fi\/wp-json\/wp\/v2\/product"}],"about":[{"href":"https:\/\/nbg.eu\/fi\/wp-json\/wp\/v2\/types\/product"}],"wp:featuredmedia":[{"embeddable":true,"href":"https:\/\/nbg.eu\/fi\/wp-json\/wp\/v2\/media\/25681"}],"wp:attachment":[{"href":"https:\/\/nbg.eu\/fi\/wp-json\/wp\/v2\/media?parent=689221"}],"wp:term":[{"taxonomy":"product_brand","embeddable":true,"href":"https:\/\/nbg.eu\/fi\/wp-json\/wp\/v2\/product_brand?post=689221"},{"taxonomy":"product_cat","embeddable":true,"href":"https:\/\/nbg.eu\/fi\/wp-json\/wp\/v2\/product_cat?post=689221"},{"taxonomy":"product_tag","embeddable":true,"href":"https:\/\/nbg.eu\/fi\/wp-json\/wp\/v2\/product_tag?post=689221"}],"curies":[{"name":"wp","href":"https:\/\/api.w.org\/{rel}","templated":true}]}}