{"id":689265,"date":"2024-08-17T17:58:41","date_gmt":"2024-08-17T14:58:41","guid":{"rendered":"https:\/\/nbg.eu\/product\/ejector-spring-kmr\/"},"modified":"2026-05-13T16:02:32","modified_gmt":"2026-05-13T13:02:32","slug":"ejector-spring-kmr","status":"publish","type":"product","link":"https:\/\/nbg.eu\/fi\/tuote\/ejector-spring-kmr\/","title":{"rendered":"KMR Ulosheittimen Jousi"},"content":{"rendered":"<h2>Ejector Spring KMR<\/h2>\n<p>Ejector Spring KMR on olennainen osa moniin aseisiin, suunniteltu tarjoamaan luotettava ja tasainen tyhjien hylsyjen poisto.<\/p>\n<p>T\u00e4m\u00e4 jousi on suunniteltu tarkkuudella ja kest\u00e4vyydell\u00e4 mieless\u00e4, ja se varmistaa luotettavan tyhjien hylsyjen poiston, pit\u00e4en aseesi toiminnan tasaisena ja johdonmukaisena. Korkealaatuisista materiaaleista valmistettuna, t\u00e4m\u00e4 jousi on suunniteltu kest\u00e4m\u00e4\u00e4n s\u00e4\u00e4nn\u00f6llisen k\u00e4yt\u00f6n rasituksia ja tarjoamaan pitk\u00e4kestoista suorituskyky\u00e4.<\/p>\n<p>Oletpa sitten ammattiampuja tai harrastaja, t\u00e4m\u00e4 osa on v\u00e4ltt\u00e4m\u00e4t\u00f6n lis\u00e4varuste KMR-yhteensopivien aseidesi optimaalisen suorituskyvyn yll\u00e4pit\u00e4miseksi. Investoi t\u00e4h\u00e4n luotettavaan komponenttiin ja koe, kuinka se voi parantaa ampumiskokemustasi.<\/p>\n<\/p>\n<p>K\u00e4ytett\u00e4v\u00e4ksi aseisiin KMR:<\/p>\n<\/p>\n<p>KMR L-02 EMIQ<\/p>\n<\/p>\n<p>KMR L-02 EMIQ (OR)<\/p>\n<\/p>\n<p>KMR L-02 ORCA ALKAEN 2024<\/p>\n<\/p>\n<p>KMR L-02 ORCA VUOTEEN 2023 ASTI<\/p>\n<\/p>\n<p>KMR L-02 SPECTRA ALKAEN 2024<\/p>\n<\/p>\n<p>KMR L-02 SPECTRA VUOTEEN 2023 ASTI<\/p>\n<\/p>\n<p>KMR L-02 UMBRA (OR) SR<\/p>\n<\/p>\n<p>KMR S-02 ALKAEN 2024<\/p>\n<\/p>\n<p>KMR W-02 CUDA (OR)<\/p>\n<\/p>\n<p>KMR W-02 UMBRA<\/p>\n<\/p>\n<p>KMR W-02 UMBRA (OR)<\/p>\n","protected":false},"excerpt":{"rendered":"<p>Ponnahdusjousi KMR-sarjan aseisiin, yhteensopiva useiden mallien kanssa.<\/p>\n","protected":false},"featured_media":24729,"template":"","meta":{"_acf_changed":false},"product_brand":[11494],"product_cat":[13193,13175],"product_tag":[],"class_list":{"0":"post-689265","1":"product","2":"type-product","3":"status-publish","4":"has-post-thumbnail","6":"product_brand-kmr-precision","7":"product_cat-jouset","8":"product_cat-kmr-osat","10":"first","11":"instock","12":"taxable","13":"shipping-taxable","14":"product-type-simple"},"acf":[],"_links":{"self":[{"href":"https:\/\/nbg.eu\/fi\/wp-json\/wp\/v2\/product\/689265","targetHints":{"allow":["GET"]}}],"collection":[{"href":"https:\/\/nbg.eu\/fi\/wp-json\/wp\/v2\/product"}],"about":[{"href":"https:\/\/nbg.eu\/fi\/wp-json\/wp\/v2\/types\/product"}],"wp:featuredmedia":[{"embeddable":true,"href":"https:\/\/nbg.eu\/fi\/wp-json\/wp\/v2\/media\/24729"}],"wp:attachment":[{"href":"https:\/\/nbg.eu\/fi\/wp-json\/wp\/v2\/media?parent=689265"}],"wp:term":[{"taxonomy":"product_brand","embeddable":true,"href":"https:\/\/nbg.eu\/fi\/wp-json\/wp\/v2\/product_brand?post=689265"},{"taxonomy":"product_cat","embeddable":true,"href":"https:\/\/nbg.eu\/fi\/wp-json\/wp\/v2\/product_cat?post=689265"},{"taxonomy":"product_tag","embeddable":true,"href":"https:\/\/nbg.eu\/fi\/wp-json\/wp\/v2\/product_tag?post=689265"}],"curies":[{"name":"wp","href":"https:\/\/api.w.org\/{rel}","templated":true}]}}