{"id":689274,"date":"2024-09-17T07:54:09","date_gmt":"2024-09-17T04:54:09","guid":{"rendered":"https:\/\/nbg.eu\/product\/extractor-40-sw-kmr\/"},"modified":"2026-04-16T16:51:48","modified_gmt":"2026-04-16T13:51:48","slug":"extractor-40-sw-kmr","status":"publish","type":"product","link":"https:\/\/nbg.eu\/fi\/tuote\/extractor-40-sw-kmr\/","title":{"rendered":"KMR Ulosvedin .40 S&amp;W"},"content":{"rendered":"<h2>KMR Tarkkuuden Purkaja &#8211; .40 S&amp;W<\/h2>\n<p>Varmista, ett\u00e4 KMR-pistoolisi toimii t\u00e4ydell\u00e4 teholla t\u00e4ll\u00e4 omistetulla .40 S&amp;W-purkajalla. T\u00e4m\u00e4 osa on suunniteltu .40 kaliiperin korkeampiin paineisiin ja erityiseen kuorikokoon, ja se on avain luotettavan aseen yll\u00e4pitoon.<\/p>\n<h3>Tekninen Erinomaisuus:<\/h3>\n<ul>\n<li><strong>Kaliiperist\u00e4 R\u00e4\u00e4t\u00e4l\u00f6ity Suunnittelu:<\/strong> Toisin kuin yleiset osat, t\u00e4m\u00e4 purkaja on tarkkuusty\u00f6stetty sovittamaan .40 S&amp;W-kuorenreunan tarkemmin tiukempiin toleransseihin ja positiivisempaan purkamiseen.<\/li>\n<li><strong>Parannettu Kest\u00e4vyys:<\/strong> Valmistettu karkaistusta ter\u00e4sseoksesta kest\u00e4m\u00e4\u00e4n .40 S&amp;W-kaliiperin lis\u00e4\u00e4ntyneit\u00e4 liukunopeuksia ja takaiskuvoimia.<\/li>\n<li><strong>Tarttumaton Toiminta:<\/strong> Sis\u00e4lt\u00e4\u00e4 korroosionkest\u00e4v\u00e4n pinnoitteen, joka v\u00e4hent\u00e4\u00e4 kitkaa ja est\u00e4\u00e4 hiilimustaa haittaamasta purkukoukun toimintaa.<\/li>\n<li><strong>T\u00e4ydellinen Sopivuus:<\/strong> Suunniteltu saumattomaan integraatioon KMR-luistikokoonpanoihin, yll\u00e4pit\u00e4en ammattimaisen k\u00e4yt\u00f6n vaatimaa tarkkaa kireytt\u00e4.<\/li>\n<\/ul>\n<p>Purkaja on kriittinen kulumisen kohde. P\u00e4ivitt\u00e4m\u00e4ll\u00e4 t\u00e4h\u00e4n alkuper\u00e4iseen KMR-osaan v\u00e4lt\u00e4t mahdolliset toimintah\u00e4iri\u00f6t ja varmistat, ett\u00e4 pistoolisi on valmis IPSC\/USPSA-kilpailujen tai p\u00e4ivitt\u00e4isten t\u00f6iden vaatimuksiin.<\/p>\n","protected":false},"excerpt":{"rendered":"<p>1080-00302-0400<\/p>\n","protected":false},"featured_media":25704,"template":"","meta":{"_acf_changed":false},"product_brand":[11494],"product_cat":[13175],"product_tag":[],"class_list":{"0":"post-689274","1":"product","2":"type-product","3":"status-publish","4":"has-post-thumbnail","6":"product_brand-kmr-precision","7":"product_cat-kmr-osat","9":"first","10":"instock","11":"taxable","12":"shipping-taxable","13":"product-type-simple"},"acf":[],"_links":{"self":[{"href":"https:\/\/nbg.eu\/fi\/wp-json\/wp\/v2\/product\/689274","targetHints":{"allow":["GET"]}}],"collection":[{"href":"https:\/\/nbg.eu\/fi\/wp-json\/wp\/v2\/product"}],"about":[{"href":"https:\/\/nbg.eu\/fi\/wp-json\/wp\/v2\/types\/product"}],"wp:featuredmedia":[{"embeddable":true,"href":"https:\/\/nbg.eu\/fi\/wp-json\/wp\/v2\/media\/25704"}],"wp:attachment":[{"href":"https:\/\/nbg.eu\/fi\/wp-json\/wp\/v2\/media?parent=689274"}],"wp:term":[{"taxonomy":"product_brand","embeddable":true,"href":"https:\/\/nbg.eu\/fi\/wp-json\/wp\/v2\/product_brand?post=689274"},{"taxonomy":"product_cat","embeddable":true,"href":"https:\/\/nbg.eu\/fi\/wp-json\/wp\/v2\/product_cat?post=689274"},{"taxonomy":"product_tag","embeddable":true,"href":"https:\/\/nbg.eu\/fi\/wp-json\/wp\/v2\/product_tag?post=689274"}],"curies":[{"name":"wp","href":"https:\/\/api.w.org\/{rel}","templated":true}]}}