{"id":689303,"date":"2024-08-18T11:36:41","date_gmt":"2024-08-18T08:36:41","guid":{"rendered":"https:\/\/nbg.eu\/product\/extractor-9x19-kmr\/"},"modified":"2026-05-13T16:01:57","modified_gmt":"2026-05-13T13:01:57","slug":"extractor-9x19-kmr","status":"publish","type":"product","link":"https:\/\/nbg.eu\/fi\/tuote\/extractor-9x19-kmr\/","title":{"rendered":"KMR Ulosvedin 9&#215;19"},"content":{"rendered":"<h2>KMR Precision Extractor \u2013 9x19mm<\/h2>\n<p>T\u00e4m\u00e4 tarkasti suunniteltu extractor on t\u00e4rke\u00e4 varaosa, joka on suunniteltu erityisesti 9x19mm:n KMR-pistooleja varten. Se on rakennettu kest\u00e4m\u00e4\u00e4n kovaa kilpa-ammuntaa, ja se varmistaa virheet\u00f6nt\u00e4 9mm:n hylsyjen poistoa kammiosta jokaisen laukauksen j\u00e4lkeen.<\/p>\n<h3>Tekninen Erinomaisuus:<\/h3>\n<ul>\n<li><strong>Optimoitu 9x19mm:lle:<\/strong> Tarkkaan viritetty 9mm Luger -patruunan reunan mittoihin varmistaakseen maksimaalisen tarttumisen ja luotettavuuden.<\/li>\n<li><strong>Korkealaatuinen Ter\u00e4s:<\/strong> Koneistettu korkealaatuisesta, l\u00e4mp\u00f6k\u00e4sitellyst\u00e4 ter\u00e4ksest\u00e4, jotta estet\u00e4\u00e4n urien kuluminen ja kest\u00e4\u00e4 liipaisimen syklin korkeat voimat.<\/li>\n<li><strong>OEM-yhteensopivuus:<\/strong> Suora vaihto-osa KMR-malleille, kuten L-02 ja W-02, takaavat t\u00e4ydellisen sopivuuden.<\/li>\n<li><strong>Tasainen Suorituskyky:<\/strong> Erikoisesti muotoiltu kynsigeometria minimoi &#8221;Failure to Extract&#8221; (FTE) -h\u00e4iri\u00f6it\u00e4, jopa nopean tulen aikana.<\/li>\n<\/ul>\n<p>Pid\u00e4 pistoolisi kilpailukykyisen\u00e4 varmistamalla, ett\u00e4 poistoj\u00e4rjestelm\u00e4 on parhaassa kunnossa. T\u00e4m\u00e4 alkuper\u00e4inen KMR-osa on v\u00e4ltt\u00e4m\u00e4t\u00f6n kaikille ampujille, jotka vaativat 100% luotettavuutta ampumaradalla tai kilpailuissa.<\/p>\n","protected":false},"excerpt":{"rendered":"<p>1080-00301-0400<\/p>\n","protected":false},"featured_media":25704,"template":"","meta":{"_acf_changed":false},"product_brand":[11494],"product_cat":[13175],"product_tag":[],"class_list":{"0":"post-689303","1":"product","2":"type-product","3":"status-publish","4":"has-post-thumbnail","6":"product_brand-kmr-precision","7":"product_cat-kmr-osat","9":"first","10":"instock","11":"taxable","12":"shipping-taxable","13":"product-type-simple"},"acf":[],"_links":{"self":[{"href":"https:\/\/nbg.eu\/fi\/wp-json\/wp\/v2\/product\/689303","targetHints":{"allow":["GET"]}}],"collection":[{"href":"https:\/\/nbg.eu\/fi\/wp-json\/wp\/v2\/product"}],"about":[{"href":"https:\/\/nbg.eu\/fi\/wp-json\/wp\/v2\/types\/product"}],"wp:featuredmedia":[{"embeddable":true,"href":"https:\/\/nbg.eu\/fi\/wp-json\/wp\/v2\/media\/25704"}],"wp:attachment":[{"href":"https:\/\/nbg.eu\/fi\/wp-json\/wp\/v2\/media?parent=689303"}],"wp:term":[{"taxonomy":"product_brand","embeddable":true,"href":"https:\/\/nbg.eu\/fi\/wp-json\/wp\/v2\/product_brand?post=689303"},{"taxonomy":"product_cat","embeddable":true,"href":"https:\/\/nbg.eu\/fi\/wp-json\/wp\/v2\/product_cat?post=689303"},{"taxonomy":"product_tag","embeddable":true,"href":"https:\/\/nbg.eu\/fi\/wp-json\/wp\/v2\/product_tag?post=689303"}],"curies":[{"name":"wp","href":"https:\/\/api.w.org\/{rel}","templated":true}]}}