{"id":689335,"date":"2024-08-17T15:16:22","date_gmt":"2024-08-17T12:16:22","guid":{"rendered":"https:\/\/nbg.eu\/product\/extractor-pin-22-lr-2x10-kmr\/"},"modified":"2026-05-13T16:02:12","modified_gmt":"2026-05-13T13:02:12","slug":"extractor-pin-22-lr-2x10-kmr","status":"publish","type":"product","link":"https:\/\/nbg.eu\/fi\/tuote\/extractor-pin-22-lr-2x10-kmr\/","title":{"rendered":"KMR Ulosvetimen Tappi .22 LR 2&#215;10"},"content":{"rendered":"<h2>Extractor Pin 22 Lr 2X10 KMR &#8211; Tarkka k\u00e4\u00e4nn\u00f6spiste luotettavalle ulosty\u00f6nt\u00e4miselle<\/h2>\n<p>Suunniteltu .22 LR KMR rintapatruuna-alustalle, Extractor Pin 22 Lr 2X10 KMR tarjoaa kriittisen k\u00e4\u00e4nn\u00f6spisteen ulosty\u00f6nt\u00f6mekanismille, jotta se toimii luotettavasti. T\u00e4m\u00e4 tarkkuuden omaava (2x10mm) metalli-ulosty\u00f6nt\u00f6kappale varmistaa tasaisen j\u00e4nnitteen ja est\u00e4\u00e4 ulosty\u00f6nt\u00f6kappaleen liukumisen tai leikkautumisen nopeassa tulessa, mik\u00e4 takaa KMR-pistoolin tyhjien hylsyjen luotettavan ulosty\u00f6nt\u00e4misen.<\/p>\n<p>Extractor Pin 22 Lr 2X10 KMR on olennainen osa .22 LR KMR:n optimaalisen suorituskyvyn yll\u00e4pit\u00e4misess\u00e4. Sen kest\u00e4v\u00e4 rakenne ja huolellinen suunnittelu tarjoavat tarvittavan k\u00e4\u00e4nn\u00f6stuen, jotta ulosty\u00f6nt\u00e4j\u00e4 toimii moitteettomasti, laukaus toisensa j\u00e4lkeen. Oletpa sitten harrastelija, ampuja tai kilpailija, t\u00e4m\u00e4 ulosty\u00f6nt\u00f6pultti on arvokas p\u00e4ivitys, joka varmistaa, ett\u00e4 KMR-pistoolisi toimii t\u00e4ydellisesti.<\/p>\n<p>P\u00e4ivit\u00e4 .22 LR KMR:si Extractor Pin 22 Lr 2X10 KMR:ll\u00e4 ja koe luottamuksen tunne tarkasta ja johdonmukaisesta k\u00e4\u00e4nn\u00f6spisteest\u00e4, joka pit\u00e4\u00e4 ulosty\u00f6nt\u00e4j\u00e4si toiminnassa luotettavasti. Investoi yksityiskohtiin, jotka tekev\u00e4t erot, ja nauti rauhan tunteesta, joka tulee tulesta, joka ty\u00f6nt\u00e4\u00e4 ulos riippumattomasti.<\/p>\n","protected":false},"excerpt":{"rendered":"<p>Tarkka 2&#215;10 mm:n ulosvetimen niveltappi .22 LR KMR-pistooleille; karkaistu ter\u00e4srakenne.<\/p>\n","protected":false},"featured_media":24060,"template":"","meta":{"_acf_changed":false},"product_brand":[11494],"product_cat":[13175],"product_tag":[],"class_list":{"0":"post-689335","1":"product","2":"type-product","3":"status-publish","4":"has-post-thumbnail","6":"product_brand-kmr-precision","7":"product_cat-kmr-osat","9":"first","10":"instock","11":"taxable","12":"shipping-taxable","13":"product-type-simple"},"acf":[],"_links":{"self":[{"href":"https:\/\/nbg.eu\/fi\/wp-json\/wp\/v2\/product\/689335","targetHints":{"allow":["GET"]}}],"collection":[{"href":"https:\/\/nbg.eu\/fi\/wp-json\/wp\/v2\/product"}],"about":[{"href":"https:\/\/nbg.eu\/fi\/wp-json\/wp\/v2\/types\/product"}],"wp:featuredmedia":[{"embeddable":true,"href":"https:\/\/nbg.eu\/fi\/wp-json\/wp\/v2\/media\/24060"}],"wp:attachment":[{"href":"https:\/\/nbg.eu\/fi\/wp-json\/wp\/v2\/media?parent=689335"}],"wp:term":[{"taxonomy":"product_brand","embeddable":true,"href":"https:\/\/nbg.eu\/fi\/wp-json\/wp\/v2\/product_brand?post=689335"},{"taxonomy":"product_cat","embeddable":true,"href":"https:\/\/nbg.eu\/fi\/wp-json\/wp\/v2\/product_cat?post=689335"},{"taxonomy":"product_tag","embeddable":true,"href":"https:\/\/nbg.eu\/fi\/wp-json\/wp\/v2\/product_tag?post=689335"}],"curies":[{"name":"wp","href":"https:\/\/api.w.org\/{rel}","templated":true}]}}