{"id":689340,"date":"2024-08-16T23:18:23","date_gmt":"2024-08-16T20:18:23","guid":{"rendered":"https:\/\/nbg.eu\/product\/extractor-pin-kmr\/"},"modified":"2026-05-13T16:02:07","modified_gmt":"2026-05-13T13:02:07","slug":"extractor-pin-kmr","status":"publish","type":"product","link":"https:\/\/nbg.eu\/fi\/tuote\/extractor-pin-kmr\/","title":{"rendered":"KMR Ulosvetimen Tappi"},"content":{"rendered":"<h2>KMR-pistoolien ulosvedintappi<\/h2>\n<p>Paranna KMR-pistoolisi suorituskyky\u00e4 ja luotettavuutta ulosvedintapilla. T\u00e4m\u00e4 osa on valmistettu karkaisusta ter\u00e4ksest\u00e4 ja suunniteltu tarkkaan tehtaan m\u00e4\u00e4ritysten mukaan, mik\u00e4 takaa t\u00e4ydellisen sovituksen liukukehykseesi. Kulutusta kest\u00e4v\u00e4 pinnoite takaa pitk\u00e4kestoisen kest\u00e4vyyden, ja sen suuri vetolujuus suojaa kriittist\u00e4 ulosvedinosaj\u00e4rjestelm\u00e4\u00e4.<\/p>\n<p>T\u00e4m\u00e4 tappi toimii ulosveteimen liikkeen akselina ja on siksi elint\u00e4rke\u00e4 osa ulosvetosykli\u00e4. Yll\u00e4pit\u00e4m\u00e4ll\u00e4 tasaista jousivoimaa se est\u00e4\u00e4 mekaanisia vikoja ja varmistaa sujuvan, luotettavan toiminnan jokaisella laukauksella. Oletpa sitten innokas tarkkuuskiipeilij\u00e4 tai itsepuolustuksen harrastaja, ulosvedintappi on olennainen p\u00e4ivitys KMR-pistooliisi, tuoden suorituskyvyn ja rauhan mielelle, jota vaadit.<\/p>\n","protected":false},"excerpt":{"rendered":"<p>Korkealuokkaisen vetolaitteen pivottitappi KMR-pistooleille; tarkka istuvuus ja kest\u00e4v\u00e4 pinnoite.<\/p>\n","protected":false},"featured_media":23776,"template":"","meta":{"_acf_changed":false},"product_brand":[11494],"product_cat":[13175],"product_tag":[],"class_list":{"0":"post-689340","1":"product","2":"type-product","3":"status-publish","4":"has-post-thumbnail","6":"product_brand-kmr-precision","7":"product_cat-kmr-osat","9":"first","10":"instock","11":"taxable","12":"shipping-taxable","13":"product-type-simple"},"acf":[],"_links":{"self":[{"href":"https:\/\/nbg.eu\/fi\/wp-json\/wp\/v2\/product\/689340","targetHints":{"allow":["GET"]}}],"collection":[{"href":"https:\/\/nbg.eu\/fi\/wp-json\/wp\/v2\/product"}],"about":[{"href":"https:\/\/nbg.eu\/fi\/wp-json\/wp\/v2\/types\/product"}],"wp:featuredmedia":[{"embeddable":true,"href":"https:\/\/nbg.eu\/fi\/wp-json\/wp\/v2\/media\/23776"}],"wp:attachment":[{"href":"https:\/\/nbg.eu\/fi\/wp-json\/wp\/v2\/media?parent=689340"}],"wp:term":[{"taxonomy":"product_brand","embeddable":true,"href":"https:\/\/nbg.eu\/fi\/wp-json\/wp\/v2\/product_brand?post=689340"},{"taxonomy":"product_cat","embeddable":true,"href":"https:\/\/nbg.eu\/fi\/wp-json\/wp\/v2\/product_cat?post=689340"},{"taxonomy":"product_tag","embeddable":true,"href":"https:\/\/nbg.eu\/fi\/wp-json\/wp\/v2\/product_tag?post=689340"}],"curies":[{"name":"wp","href":"https:\/\/api.w.org\/{rel}","templated":true}]}}