{"id":689387,"date":"2024-08-17T17:59:06","date_gmt":"2024-08-17T14:59:06","guid":{"rendered":"https:\/\/nbg.eu\/product\/extractor-spring-kmr-s\/"},"modified":"2026-05-13T16:02:41","modified_gmt":"2026-05-13T13:02:41","slug":"extractor-spring-kmr-s","status":"publish","type":"product","link":"https:\/\/nbg.eu\/fi\/tuote\/extractor-spring-kmr-s\/","title":{"rendered":"KMR Ulosvetimen Jousi S"},"content":{"rendered":"<h2>Extractor Spring KMR S: Tarkkuusinsin\u00f6\u00f6rity\u00f6t\u00e4 optimaalisen aseen suorituskyvyn saavuttamiseksi<\/h2>\n<p>Extractor Spring on huolellisesti suunniteltu komponentti, joka on suunniteltu varmistamaan poikkeuksellinen suorituskyky ja luotettavuus erilaisissa KMR-aseissa.<\/p>\n<p>Tarkkuuden ja kest\u00e4vyyden periaatteella suunniteltuna t\u00e4m\u00e4 jousi pelaa ratkaisevan roolin n\u00e4iden edistyneiden asej\u00e4rjestelmien sujuvassa ja luotettavassa toiminnassa. Huolellisesti kalibroitu suunnittelu takaa johdonmukaisen ja luotettavan uudelleenlatauksen, joka mahdollistaa k\u00e4ytt\u00e4jien luottamuksen varusteeseensa my\u00f6s kaikkein vaativimmissa tilanteissa.<\/p>\n<p>Aseita varten KMR:<\/p>\n<p>KMR S-01 LANCE (OR)<\/p>\n<p>KMR S-02 10 (OR) SR ADA<\/p>\n<p>KMR S-02 75 (OR) SR ADA<\/p>\n<p>KMR S-02 FROM 2024<\/p>\n<p>KMR S-02 SH1 (OR) SR ADA<\/p>\n<p>KMR S-02 SH2 (OR) SR ADA<\/p>\n<p>KMR S-02 TS (OR) SR ADA<\/p>\n<p>KMR S-02 UNTIL 2023<\/p>\n","protected":false},"excerpt":{"rendered":"<p>Erilaisten KMR-aseiden purkujousi, yhteensopiva vuodesta 2024 l\u00e4htien.<\/p>\n","protected":false},"featured_media":24752,"template":"","meta":{"_acf_changed":false},"product_brand":[11494],"product_cat":[13193,13175],"product_tag":[],"class_list":{"0":"post-689387","1":"product","2":"type-product","3":"status-publish","4":"has-post-thumbnail","6":"product_brand-kmr-precision","7":"product_cat-jouset","8":"product_cat-kmr-osat","10":"first","11":"instock","12":"taxable","13":"shipping-taxable","14":"product-type-simple"},"acf":[],"_links":{"self":[{"href":"https:\/\/nbg.eu\/fi\/wp-json\/wp\/v2\/product\/689387","targetHints":{"allow":["GET"]}}],"collection":[{"href":"https:\/\/nbg.eu\/fi\/wp-json\/wp\/v2\/product"}],"about":[{"href":"https:\/\/nbg.eu\/fi\/wp-json\/wp\/v2\/types\/product"}],"wp:featuredmedia":[{"embeddable":true,"href":"https:\/\/nbg.eu\/fi\/wp-json\/wp\/v2\/media\/24752"}],"wp:attachment":[{"href":"https:\/\/nbg.eu\/fi\/wp-json\/wp\/v2\/media?parent=689387"}],"wp:term":[{"taxonomy":"product_brand","embeddable":true,"href":"https:\/\/nbg.eu\/fi\/wp-json\/wp\/v2\/product_brand?post=689387"},{"taxonomy":"product_cat","embeddable":true,"href":"https:\/\/nbg.eu\/fi\/wp-json\/wp\/v2\/product_cat?post=689387"},{"taxonomy":"product_tag","embeddable":true,"href":"https:\/\/nbg.eu\/fi\/wp-json\/wp\/v2\/product_tag?post=689387"}],"curies":[{"name":"wp","href":"https:\/\/api.w.org\/{rel}","templated":true}]}}