{"id":689453,"date":"2024-08-17T15:26:35","date_gmt":"2024-08-17T12:26:35","guid":{"rendered":"https:\/\/nbg.eu\/product\/fiber-optic-front-sight-kmr-625xd1x3-red\/"},"modified":"2026-05-13T16:03:18","modified_gmt":"2026-05-13T13:03:18","slug":"fiber-optic-front-sight-kmr-625xd1x3-red","status":"publish","type":"product","link":"https:\/\/nbg.eu\/fi\/tuote\/fiber-optic-front-sight-kmr-625xd1x3-red\/","title":{"rendered":"KMR Kuituoptinen Etut\u00e4ht\u00e4in 6.25xD1x3 Punainen"},"content":{"rendered":"<h2>Paranna aseen t\u00e4ht\u00e4yksen FIBER OPTIC FRONT SIGHT KMR 6,25xD1x3 PUNAISELLA<\/h2>\n<p>T\u00e4ht\u00e4imen mitat 6,25 x D1 x 3 tekev\u00e4t siit\u00e4 t\u00e4ydellisen sopivan aseesesi, mahdollistaen saumattoman integroinnin vaarantamatta kokonaissuunnittelua. Vahva rakenne ja kest\u00e4v\u00e4t materiaalit, joita on k\u00e4ytetty sen valmistuksessa, takaavat pitk\u00e4kestoisen suorituskyvyn, jopa vaativissa ymp\u00e4rist\u00f6iss\u00e4.<\/p>\n<p>Riippumatta siit\u00e4, oletko mukana taktiisissa operaatioissa, kilpailuammunnassa tai virkistysk\u00e4yt\u00f6ss\u00e4, kuituoptinen etut\u00e4ht\u00e4in kohottaa t\u00e4ht\u00e4yskyky\u00e4si ja antaa sinulle tarvitsemasi etuly\u00f6ntiaseman. Luota t\u00e4h\u00e4n luotettavaan ja korkealaatuiseen lis\u00e4varusteeseen parantaaksesi aseesi tarkkuutta ja tarkkuutta.<\/p>\n<p>Aseille KMR:<\/p>\n<p>KMR L-02 ORCA VUOTEEN 2023 SAAKKA<\/p>\n<p>KMR W-02 UMBRA<\/p>\n<p>Viite: 0501-04605-0001<\/p>\n","protected":false},"excerpt":{"rendered":"<p>Kuituvaloinen t\u00e4ht\u00e4inrauta KMR-aseille, 6,25xD1x3, punainen.<\/p>\n","protected":false},"featured_media":24129,"template":"","meta":{"_acf_changed":false},"product_brand":[11494],"product_cat":[13175],"product_tag":[],"class_list":{"0":"post-689453","1":"product","2":"type-product","3":"status-publish","4":"has-post-thumbnail","6":"product_brand-kmr-precision","7":"product_cat-kmr-osat","9":"first","10":"instock","11":"taxable","12":"shipping-taxable","13":"product-type-simple"},"acf":[],"_links":{"self":[{"href":"https:\/\/nbg.eu\/fi\/wp-json\/wp\/v2\/product\/689453","targetHints":{"allow":["GET"]}}],"collection":[{"href":"https:\/\/nbg.eu\/fi\/wp-json\/wp\/v2\/product"}],"about":[{"href":"https:\/\/nbg.eu\/fi\/wp-json\/wp\/v2\/types\/product"}],"wp:featuredmedia":[{"embeddable":true,"href":"https:\/\/nbg.eu\/fi\/wp-json\/wp\/v2\/media\/24129"}],"wp:attachment":[{"href":"https:\/\/nbg.eu\/fi\/wp-json\/wp\/v2\/media?parent=689453"}],"wp:term":[{"taxonomy":"product_brand","embeddable":true,"href":"https:\/\/nbg.eu\/fi\/wp-json\/wp\/v2\/product_brand?post=689453"},{"taxonomy":"product_cat","embeddable":true,"href":"https:\/\/nbg.eu\/fi\/wp-json\/wp\/v2\/product_cat?post=689453"},{"taxonomy":"product_tag","embeddable":true,"href":"https:\/\/nbg.eu\/fi\/wp-json\/wp\/v2\/product_tag?post=689453"}],"curies":[{"name":"wp","href":"https:\/\/api.w.org\/{rel}","templated":true}]}}