{"id":689507,"date":"2024-09-18T14:15:05","date_gmt":"2024-09-18T11:15:05","guid":{"rendered":"https:\/\/nbg.eu\/product\/fiber-optic-front-sight-kmr-675xd1x3-red\/"},"modified":"2026-05-13T16:02:28","modified_gmt":"2026-05-13T13:02:28","slug":"fiber-optic-front-sight-kmr-675xd1x3-red","status":"publish","type":"product","link":"https:\/\/nbg.eu\/fi\/tuote\/fiber-optic-front-sight-kmr-675xd1x3-red\/","title":{"rendered":"KMR Kuituoptinen Etut\u00e4ht\u00e4in 6.75xD1x3 Punainen"},"content":{"rendered":"<h2>Paranna aseesi tarkkuutta FIBER OPTIC FRONT SIGHT KMR 6,75xD1x3 RED -t\u00e4ht\u00e4imell\u00e4<\/h2>\n<p>Suunniteltu optimaaliseen suorituskykyyn, FIBER OPTIC FRONT SIGHT KMR 6,75xD1x3 RED on t\u00e4ydellinen lis\u00e4 KMR-aseisiisi. T\u00e4m\u00e4 korkealaatuinen t\u00e4ht\u00e4in on varustettu kuitukuitusuunnittelulla, joka tarjoaa parannetun n\u00e4kyvyyden ja maalin hankinnan jopa heikossa valaistuksessa.<\/p>\n<p>FIBER OPTIC FRONT SIGHT KMR 6,75xD1x3 RED -t\u00e4ht\u00e4imess\u00e4 on kompakti ja virtaviivainen muotoilu, mik\u00e4 mahdollistaa helpon asennuksen ja saumattoman integroinnin aseesi kanssa. Sen punainen kuitukuituinsertti takaa vahvan, korkean n\u00e4kyvyyden t\u00e4ht\u00e4inkuvan, mik\u00e4 helpottaa maalin tarkempaa ja nopeampaa hankintaa.<\/p>\n<p>Paranna aseesi tarkkuutta ja suorituskyky\u00e4 FIBER OPTIC FRONT SIGHT KMR 6,75xD1x3 RED -t\u00e4ht\u00e4imell\u00e4. P\u00e4ivit\u00e4 KMR-ampumaseesi t\u00e4n\u00e4\u00e4n ja koe t\u00e4m\u00e4n erinomaisen t\u00e4ht\u00e4imen vaikutus.<\/p>\n","protected":false},"excerpt":{"rendered":"<p>Optinen kuitu etun\u00e4kym\u00e4 KMR-aselmalleille, 6,75x1x3 punainen.<\/p>\n","protected":false},"featured_media":24152,"template":"","meta":{"_acf_changed":false},"product_brand":[11494],"product_cat":[13175],"product_tag":[],"class_list":{"0":"post-689507","1":"product","2":"type-product","3":"status-publish","4":"has-post-thumbnail","6":"product_brand-kmr-precision","7":"product_cat-kmr-osat","9":"first","10":"instock","11":"taxable","12":"shipping-taxable","13":"product-type-simple"},"acf":[],"_links":{"self":[{"href":"https:\/\/nbg.eu\/fi\/wp-json\/wp\/v2\/product\/689507","targetHints":{"allow":["GET"]}}],"collection":[{"href":"https:\/\/nbg.eu\/fi\/wp-json\/wp\/v2\/product"}],"about":[{"href":"https:\/\/nbg.eu\/fi\/wp-json\/wp\/v2\/types\/product"}],"wp:featuredmedia":[{"embeddable":true,"href":"https:\/\/nbg.eu\/fi\/wp-json\/wp\/v2\/media\/24152"}],"wp:attachment":[{"href":"https:\/\/nbg.eu\/fi\/wp-json\/wp\/v2\/media?parent=689507"}],"wp:term":[{"taxonomy":"product_brand","embeddable":true,"href":"https:\/\/nbg.eu\/fi\/wp-json\/wp\/v2\/product_brand?post=689507"},{"taxonomy":"product_cat","embeddable":true,"href":"https:\/\/nbg.eu\/fi\/wp-json\/wp\/v2\/product_cat?post=689507"},{"taxonomy":"product_tag","embeddable":true,"href":"https:\/\/nbg.eu\/fi\/wp-json\/wp\/v2\/product_tag?post=689507"}],"curies":[{"name":"wp","href":"https:\/\/api.w.org\/{rel}","templated":true}]}}