{"id":689768,"date":"2024-08-17T18:12:25","date_gmt":"2024-08-17T15:12:25","guid":{"rendered":"https:\/\/nbg.eu\/product\/firing-pin-spring-kmr-s\/"},"modified":"2026-05-13T16:03:36","modified_gmt":"2026-05-13T13:03:36","slug":"firing-pin-spring-kmr-s","status":"publish","type":"product","link":"https:\/\/nbg.eu\/fi\/tuote\/firing-pin-spring-kmr-s\/","title":{"rendered":"KMR Iskuneul\u00e4n Jousi S"},"content":{"rendered":"<h2>Laukaisimen jousiKMR S<\/h2>\n<p>Laukaisimen jousi KMR S on korkealaatuinen korvaava jousi, joka on suunniteltu useisiin KMR-asej\u00e4rjestelmiin<\/p>\n<p>T\u00e4m\u00e4 laukaisimen jousi on valmistettu tarkkuudella ja huolella. Se varmistaa luotettavan ja tasaisen suorituskyvyn KMR-asej\u00e4rjestelm\u00e4ss\u00e4si. Kest\u00e4v\u00e4 rakenne ja korkealaatuiset materiaalit tekev\u00e4t siit\u00e4 pitk\u00e4ik\u00e4isen korvaavan vaihtoehdon, joka pit\u00e4\u00e4 aseesi toiminnassa parhaalla mahdollisella tavalla.<\/p>\n<p>Oletpa sitten ammattiampuja tai intohimoinen harrastaja, t\u00e4m\u00e4 jousi on v\u00e4ltt\u00e4m\u00e4t\u00f6n lis\u00e4varuste, joka pit\u00e4\u00e4 KMR-aseesi toiminnassa parhaimmillaan. P\u00e4ivit\u00e4 aseesi t\u00e4h\u00e4n luotettavaan ja kest\u00e4v\u00e4\u00e4n osaan ja koe ero ampumasuorituksessasi.<\/p>\n<p>Aseet KMR:<\/p>\n<p>KMR S-01 LANCE (OR)<\/p>\n<p>KMR S-02 10 (OR) SR ADA<\/p>\n<p>KMR S-02 75 (OR) SR ADA<\/p>\n<p>KMR S-02 FROM 2024<\/p>\n<p>KMR S-02 SH1 (OR) SR ADA<\/p>\n<p>KMR S-02 SH2 (OR) SR ADA<\/p>\n<p>KMR S-02 TS (OR) SR ADA<\/p>\n<p>KMR S-02 UNTIL 2023<\/p>\n","protected":false},"excerpt":{"rendered":"<p>Laukaisuneulanjousen KMR S &#8211; KMR S-01:lle, KMR S-02:lle ja niiden muunnelmille.<\/p>\n","protected":false},"featured_media":24965,"template":"","meta":{"_acf_changed":false},"product_brand":[11494],"product_cat":[13193,13175],"product_tag":[],"class_list":{"0":"post-689768","1":"product","2":"type-product","3":"status-publish","4":"has-post-thumbnail","6":"product_brand-kmr-precision","7":"product_cat-jouset","8":"product_cat-kmr-osat","10":"first","11":"instock","12":"taxable","13":"shipping-taxable","14":"product-type-simple"},"acf":[],"_links":{"self":[{"href":"https:\/\/nbg.eu\/fi\/wp-json\/wp\/v2\/product\/689768","targetHints":{"allow":["GET"]}}],"collection":[{"href":"https:\/\/nbg.eu\/fi\/wp-json\/wp\/v2\/product"}],"about":[{"href":"https:\/\/nbg.eu\/fi\/wp-json\/wp\/v2\/types\/product"}],"wp:featuredmedia":[{"embeddable":true,"href":"https:\/\/nbg.eu\/fi\/wp-json\/wp\/v2\/media\/24965"}],"wp:attachment":[{"href":"https:\/\/nbg.eu\/fi\/wp-json\/wp\/v2\/media?parent=689768"}],"wp:term":[{"taxonomy":"product_brand","embeddable":true,"href":"https:\/\/nbg.eu\/fi\/wp-json\/wp\/v2\/product_brand?post=689768"},{"taxonomy":"product_cat","embeddable":true,"href":"https:\/\/nbg.eu\/fi\/wp-json\/wp\/v2\/product_cat?post=689768"},{"taxonomy":"product_tag","embeddable":true,"href":"https:\/\/nbg.eu\/fi\/wp-json\/wp\/v2\/product_tag?post=689768"}],"curies":[{"name":"wp","href":"https:\/\/api.w.org\/{rel}","templated":true}]}}