{"id":689779,"date":"2024-08-18T11:10:20","date_gmt":"2024-08-18T08:10:20","guid":{"rendered":"https:\/\/nbg.eu\/product\/firing-pin-screw-m4x5-din-913-kmr\/"},"modified":"2026-02-27T11:54:57","modified_gmt":"2026-02-27T08:54:57","slug":"firing-pin-screw-m4x5-din-913-kmr","status":"publish","type":"product","link":"https:\/\/nbg.eu\/fi\/tuote\/firing-pin-screw-m4x5-din-913-kmr\/","title":{"rendered":"Nallikka M4X5 DIN 913 KMR"},"content":{"rendered":"<h2>Laukaisupultti M4X5 Din 913 KMR<\/h2>\n<p>T\u00e4m\u00e4 Laukaisupultti M4X5 Din 913 KMR on valmistettu tarkoilla teknisill\u00e4 spesifikaatioilla kest\u00e4vist\u00e4 materiaaleista kest\u00e4m\u00e4\u00e4n vaativaa k\u00e4ytt\u00f6\u00e4. Sen M4 x 5 mm mitat ja DIN 913 -rakenne sopivat t\u00e4ydellisesti m\u00e4\u00e4riteltyihin KMR-asemalleihin, tarjoten turvallisen ja luotettavan liitoskohdan laukaisuj\u00e4rjestelm\u00e4\u00e4n.<\/p>\n<p>Olipa kyseess\u00e4 KMR-asej\u00e4rjestelm\u00e4n huolto, korjaus tai p\u00e4ivitys, Laukaisupultti M4X5 Din 913 KMR on olennainen komponentti. Sen kest\u00e4vyys ja tarkka suunnittelu takaavat johdonmukaisen ja luotettavan suorituskyvyn, mik\u00e4 lis\u00e4\u00e4 aseen kokonaisluotettavuutta ja tehokkuutta.<\/p>\n<p>K\u00e4ytt\u00f6kohteena KMR-aseet:<\/p>\n<p>KMR S-01 LANCE (OR)<\/p>\n<p>KMR S-02 10 (OR) SR ADA<\/p>\n<p>KMR S-02 75 (OR) SR ADA<\/p>\n<p>KMR S-02 VUODESTA 2024<\/p>\n<p>KMR S-02 SH1 (OR) SR ADA<\/p>\n<p>KMR S-02 SH2 (OR) SR ADA<\/p>\n<p>KMR S-02 TS (OR) SR ADA<\/p>\n<p>KMR S-02 VUOTEEN 2023 ASTI<\/p>\n","protected":false},"excerpt":{"rendered":"<p>Laukaisijaruuvit M4X5 Din 913 KMR-malleille.<\/p>\n","protected":false},"featured_media":25334,"template":"","meta":{"_acf_changed":false},"product_brand":[11494],"product_cat":[14765,13175],"product_tag":[],"class_list":{"0":"post-689779","1":"product","2":"type-product","3":"status-publish","4":"has-post-thumbnail","6":"product_brand-kmr-precision","7":"product_cat-iskurit","8":"product_cat-kmr-osat","10":"first","11":"instock","12":"taxable","13":"shipping-taxable","14":"product-type-simple"},"acf":[],"_links":{"self":[{"href":"https:\/\/nbg.eu\/fi\/wp-json\/wp\/v2\/product\/689779","targetHints":{"allow":["GET"]}}],"collection":[{"href":"https:\/\/nbg.eu\/fi\/wp-json\/wp\/v2\/product"}],"about":[{"href":"https:\/\/nbg.eu\/fi\/wp-json\/wp\/v2\/types\/product"}],"wp:featuredmedia":[{"embeddable":true,"href":"https:\/\/nbg.eu\/fi\/wp-json\/wp\/v2\/media\/25334"}],"wp:attachment":[{"href":"https:\/\/nbg.eu\/fi\/wp-json\/wp\/v2\/media?parent=689779"}],"wp:term":[{"taxonomy":"product_brand","embeddable":true,"href":"https:\/\/nbg.eu\/fi\/wp-json\/wp\/v2\/product_brand?post=689779"},{"taxonomy":"product_cat","embeddable":true,"href":"https:\/\/nbg.eu\/fi\/wp-json\/wp\/v2\/product_cat?post=689779"},{"taxonomy":"product_tag","embeddable":true,"href":"https:\/\/nbg.eu\/fi\/wp-json\/wp\/v2\/product_tag?post=689779"}],"curies":[{"name":"wp","href":"https:\/\/api.w.org\/{rel}","templated":true}]}}