{"id":689922,"date":"2024-08-24T16:34:19","date_gmt":"2024-08-24T13:34:19","guid":{"rendered":"https:\/\/nbg.eu\/product\/flex-holster-right-hand-color-inlays\/"},"modified":"2026-05-13T17:03:57","modified_gmt":"2026-05-13T14:03:57","slug":"flex-holster-right-hand-color-inlays","status":"publish","type":"product","link":"https:\/\/nbg.eu\/fi\/tuote\/flex-holster-right-hand-color-inlays\/","title":{"rendered":"DAA Flex Holster Right Hand Color Inlays"},"content":{"rendered":"<div class=\"product-description\">\n<h2>Flex-holster oikeak\u00e4tinen v\u00e4rinlis\u00e4ykset<\/h2>\n<p>Mukauta oikeak\u00e4tist\u00e4 Flex-holsteriasi tarkkuuslaserleikatuilla muoviselogoilla. N\u00e4m\u00e4 eloisat v\u00e4riaksentit lis\u00e4\u00e4v\u00e4t persoonallista tyyli\u00e4 holsteriisi s\u00e4ilytt\u00e4en samalla sen sile\u00e4n muotoilun.<\/p>\n<ul>\n<li>Helppo asentaa esiasennetulla 3M-teipill\u00e4<\/li>\n<li>Irrotettavia ja vaihdettavia v\u00e4rimuutoksiin<\/li>\n<li>L\u00e4pin\u00e4kyv\u00e4 suojakalvo sis\u00e4ltyy (irrotettava paras ulkon\u00e4k\u00f6)<\/li>\n<li>Suunniteltu erityisesti oikeak\u00e4tisi\u00e4 Flex-holsteripuisia varten<\/li>\n<\/ul>\n<p><strong>Huomaa:<\/strong> Vaikka lis\u00e4yksi\u00e4 voidaan irrottaa ja vaihtaa, on tiedostettava, ett\u00e4 alkuper\u00e4inen lis\u00e4ys voi rikkoutua irrottamisen aikana. Noudata varovaisuutta vaihtaessasi v\u00e4rej\u00e4, jotta vaihtaminen sujuu mutkattomasti.<\/p>\n<p>Korota holsterisi tyyli\u00e4 n\u00e4ill\u00e4 silmiinpist\u00e4vill\u00e4 v\u00e4rilis\u00e4yksill\u00e4 t\u00e4n\u00e4\u00e4n!<\/p>\n<\/div>\n","protected":false},"excerpt":{"rendered":"<p>Muokattavat v\u00e4rinsis\u00e4kkeet oikeak\u00e4tiset Flex-kotelot varten. Helppo asentaa.<\/p>\n","protected":false},"featured_media":29650,"template":"","meta":{"_acf_changed":false},"product_brand":[11270],"product_cat":[13206,13212,13233],"product_tag":[],"class_list":{"0":"post-689922","1":"product","2":"type-product","3":"status-publish","4":"has-post-thumbnail","6":"product_brand-doublealpha","7":"product_cat-kotelotarvikkeet","8":"product_cat-urheilukotelot","9":"product_cat-varusteet","11":"first","12":"instock","13":"taxable","14":"shipping-taxable","15":"purchasable","16":"product-type-variable","17":"wvs-archive-product-wrapper"},"acf":[],"_links":{"self":[{"href":"https:\/\/nbg.eu\/fi\/wp-json\/wp\/v2\/product\/689922","targetHints":{"allow":["GET"]}}],"collection":[{"href":"https:\/\/nbg.eu\/fi\/wp-json\/wp\/v2\/product"}],"about":[{"href":"https:\/\/nbg.eu\/fi\/wp-json\/wp\/v2\/types\/product"}],"wp:featuredmedia":[{"embeddable":true,"href":"https:\/\/nbg.eu\/fi\/wp-json\/wp\/v2\/media\/29650"}],"wp:attachment":[{"href":"https:\/\/nbg.eu\/fi\/wp-json\/wp\/v2\/media?parent=689922"}],"wp:term":[{"taxonomy":"product_brand","embeddable":true,"href":"https:\/\/nbg.eu\/fi\/wp-json\/wp\/v2\/product_brand?post=689922"},{"taxonomy":"product_cat","embeddable":true,"href":"https:\/\/nbg.eu\/fi\/wp-json\/wp\/v2\/product_cat?post=689922"},{"taxonomy":"product_tag","embeddable":true,"href":"https:\/\/nbg.eu\/fi\/wp-json\/wp\/v2\/product_tag?post=689922"}],"curies":[{"name":"wp","href":"https:\/\/api.w.org\/{rel}","templated":true}]}}