{"id":690229,"date":"2024-09-17T22:42:30","date_gmt":"2024-09-17T19:42:30","guid":{"rendered":"https:\/\/nbg.eu\/product\/firing-pin-spring-kmr\/"},"modified":"2026-05-13T16:04:39","modified_gmt":"2026-05-13T13:04:39","slug":"firing-pin-spring-kmr","status":"publish","type":"product","link":"https:\/\/nbg.eu\/fi\/tuote\/firing-pin-spring-kmr\/","title":{"rendered":"KMR Iskuneul\u00e4n Jousi"},"content":{"rendered":"<h2>Laukaisijakytkin KMR<\/h2>\n<p>Laukaisijakytkin KMR on kriittinen komponentti moniin aseisiin, suunniteltu varmistamaan luotettava ja tasainen toiminta KMR-aseissasi. T\u00e4m\u00e4 jousi on suunniteltu tuottamaan tarvittavan j\u00e4nnityksen ja voiman laukaisijavirityksen aktivoimiseen, varmistaen tasaisen ja luotettavan liipaisinvedon joka kerta.<\/p>\n<p>T\u00e4m\u00e4 laukaisijakytkin on v\u00e4ltt\u00e4m\u00e4t\u00f6n varaosa pit\u00e4m\u00e4\u00e4n aseesi toiminnassa parhaalla mahdollisella tavalla.<\/p>\n<p>Valmistettu korkealaatuisista materiaaleista ja tarkkuusvalmistettu vaativiin standardeihin, laukaisijakytkin KMR varmistaa optimaalisen suorituskyvyn ja kest\u00e4vyyden, jopa vaativimmissa olosuhteissa. Oletpa kilpak\u00e4ytt\u00e4j\u00e4 tai vastuullinen aseen omistaja, t\u00e4m\u00e4 laukaisijakytkin on kriittinen komponentti KMR-aseesi luotettavuuden ja suorituskyvyn yll\u00e4pit\u00e4misess\u00e4.<\/p>\n<\/p>\n<p>Aseille KMR:\n<\/p>\n<p>KMR L-02 EMIQ<\/p>\n<\/p>\n<p>KMR L-02 EMIQ (TAI)<\/p>\n<\/p>\n<p>KMR L-02 ORCA VUODESTA 2024<\/p>\n<\/p>\n<p>KMR L-02 ORCA VUOTEEN 2023<\/p>\n<\/p>\n<p>KMR L-02 SPECTRA VUODESTA 2024<\/p>\n<\/p>\n<p>KMR L-02 SPECTRA VUOTEEN 2023<\/p>\n<\/p>\n<p>KMR L-02 UMBRA (TAI) SR<\/p>\n<\/p>\n<p>KMR W-02 CUDA (TAI)<\/p>\n<\/p>\n<p>KMR W-02 UMBRA<\/p>\n<\/p>\n<p>KMR W-02 UMBRA (TAI)<\/p>\n","protected":false},"excerpt":{"rendered":"<p>Patruunavasaran jousi KMR-sarjan aseita varten, yhteensopivat mallit luetteloitu.<\/p>\n","protected":false},"featured_media":24942,"template":"","meta":{"_acf_changed":false},"product_brand":[11494],"product_cat":[13193,13175],"product_tag":[],"class_list":{"0":"post-690229","1":"product","2":"type-product","3":"status-publish","4":"has-post-thumbnail","6":"product_brand-kmr-precision","7":"product_cat-jouset","8":"product_cat-kmr-osat","10":"first","11":"instock","12":"taxable","13":"shipping-taxable","14":"product-type-simple"},"acf":[],"_links":{"self":[{"href":"https:\/\/nbg.eu\/fi\/wp-json\/wp\/v2\/product\/690229","targetHints":{"allow":["GET"]}}],"collection":[{"href":"https:\/\/nbg.eu\/fi\/wp-json\/wp\/v2\/product"}],"about":[{"href":"https:\/\/nbg.eu\/fi\/wp-json\/wp\/v2\/types\/product"}],"wp:featuredmedia":[{"embeddable":true,"href":"https:\/\/nbg.eu\/fi\/wp-json\/wp\/v2\/media\/24942"}],"wp:attachment":[{"href":"https:\/\/nbg.eu\/fi\/wp-json\/wp\/v2\/media?parent=690229"}],"wp:term":[{"taxonomy":"product_brand","embeddable":true,"href":"https:\/\/nbg.eu\/fi\/wp-json\/wp\/v2\/product_brand?post=690229"},{"taxonomy":"product_cat","embeddable":true,"href":"https:\/\/nbg.eu\/fi\/wp-json\/wp\/v2\/product_cat?post=690229"},{"taxonomy":"product_tag","embeddable":true,"href":"https:\/\/nbg.eu\/fi\/wp-json\/wp\/v2\/product_tag?post=690229"}],"curies":[{"name":"wp","href":"https:\/\/api.w.org\/{rel}","templated":true}]}}