{"id":690520,"date":"2024-08-18T11:12:46","date_gmt":"2024-08-18T08:12:46","guid":{"rendered":"https:\/\/nbg.eu\/product\/front-sight-screw-m3x3-din-914-kmr\/"},"modified":"2026-05-13T15:10:01","modified_gmt":"2026-05-13T12:10:01","slug":"front-sight-screw-m3x3-din-914-kmr","status":"publish","type":"product","link":"https:\/\/nbg.eu\/fi\/tuote\/front-sight-screw-m3x3-din-914-kmr\/","title":{"rendered":"KMR Etut\u00e4ht\u00e4imen Ruuvi M3x3 DIN 914"},"content":{"rendered":"<h2>Etuvisiiranruuvi M3X3 Din 914 KMR<\/h2>\n<p>Paranna aseen suorituskyky\u00e4 Etuvisiiranruuvi M3X3 Din 914 KMR -ruuvilla. Suunniteltu yhteensopivaksi laajan valikoiman KMR-mallien kanssa, t\u00e4m\u00e4 ruuvi varmistaa turvallisen ja tarkan asennuksen, parantaen aseen vakautta ja tarkkuutta. Korkealaatuisista materiaaleista valmistettu Etuvisiiranruuvi M3X3 Din 914 KMR on rakennettu kest\u00e4m\u00e4\u00e4n taktisten ja kilpailullisten ampumaymp\u00e4rist\u00f6jen vaatimuksia.<\/p>\n<p>Aseille KMR:<\/p>\n<p>KMR L-02 EMIQ (OR)<\/p>\n<p>KMR L-02 ORCA VUODESTA 2024<\/p>\n<p>KMR L-02 ORCA VUOTEEN 2023<\/p>\n<p>KMR L-02 SPECTRA VUODESTA 2024<\/p>\n<p>KMR L-02 SPECTRA VUOTEEN 2023<\/p>\n<p>KMR L-02 UMBRA (OR) SR<\/p>\n<p>KMR S-01 LANCE (OR)<\/p>\n<p>KMR S-02 10 (OR) SR ADA<\/p>\n<p>KMR S-02 75 (OR) SR ADA<\/p>\n<p>KMR S-02 VUODESTA 2024<\/p>\n<p>KMR S-02 SH1 (OR) SR ADA<\/p>\n<p>KMR S-02 SH2 (OR) SR ADA<\/p>\n<p>KMR S-02 TS (OR) SR ADA<\/p>\n<p>KMR S-02 VUOTEEN 2023<\/p>\n<p>KMR W-02 CUDA (OR)<\/p>\n<p>KMR W-02 UMBRA<\/p>\n<p>KMR W-02 UMBRA (OR)<\/p>\n","protected":false},"excerpt":{"rendered":"<p>Etut\u00e4ht\u00e4inruuvi M3X3 Din 914 KMR asemallinen.<\/p>\n","protected":false},"featured_media":25403,"template":"","meta":{"_acf_changed":false},"product_brand":[11494],"product_cat":[13175],"product_tag":[],"class_list":{"0":"post-690520","1":"product","2":"type-product","3":"status-publish","4":"has-post-thumbnail","6":"product_brand-kmr-precision","7":"product_cat-kmr-osat","9":"first","10":"instock","11":"taxable","12":"shipping-taxable","13":"product-type-simple"},"acf":[],"_links":{"self":[{"href":"https:\/\/nbg.eu\/fi\/wp-json\/wp\/v2\/product\/690520","targetHints":{"allow":["GET"]}}],"collection":[{"href":"https:\/\/nbg.eu\/fi\/wp-json\/wp\/v2\/product"}],"about":[{"href":"https:\/\/nbg.eu\/fi\/wp-json\/wp\/v2\/types\/product"}],"wp:featuredmedia":[{"embeddable":true,"href":"https:\/\/nbg.eu\/fi\/wp-json\/wp\/v2\/media\/25403"}],"wp:attachment":[{"href":"https:\/\/nbg.eu\/fi\/wp-json\/wp\/v2\/media?parent=690520"}],"wp:term":[{"taxonomy":"product_brand","embeddable":true,"href":"https:\/\/nbg.eu\/fi\/wp-json\/wp\/v2\/product_brand?post=690520"},{"taxonomy":"product_cat","embeddable":true,"href":"https:\/\/nbg.eu\/fi\/wp-json\/wp\/v2\/product_cat?post=690520"},{"taxonomy":"product_tag","embeddable":true,"href":"https:\/\/nbg.eu\/fi\/wp-json\/wp\/v2\/product_tag?post=690520"}],"curies":[{"name":"wp","href":"https:\/\/api.w.org\/{rel}","templated":true}]}}