{"id":690583,"date":"2025-08-20T18:30:18","date_gmt":"2025-08-20T15:30:18","guid":{"rendered":"https:\/\/nbg.eu\/product\/german-tactical-systems-adjustable-ak-rear-sight\/"},"modified":"2026-05-13T16:48:56","modified_gmt":"2026-05-13T13:48:56","slug":"german-tactical-systems-adjustable-ak-rear-sight","status":"publish","type":"product","link":"https:\/\/nbg.eu\/fi\/tuote\/german-tactical-systems-adjustable-ak-rear-sight\/","title":{"rendered":"GERMAN TACTICAL SYSTEMS Adjustable AK Rear Sight"},"content":{"rendered":"<h2>GERMAN TACTICAL SYSTEMS S\u00e4\u00e4dett\u00e4v\u00e4 AK-takat\u00e4ht\u00e4in<\/h2>\n<p>Paranna AK-alustasi tarkkuutta t\u00e4ll\u00e4 tarkasti suunnitellulla takat\u00e4ht\u00e4imell\u00e4. Toisin kuin perinteiset AK-t\u00e4ht\u00e4imet, t\u00e4m\u00e4 innovatiivinen suunnittelu tarjoaa s\u00e4\u00e4d\u00f6n sek\u00e4 sivuttais- ett\u00e4 korkeussuuntaan tarkan t\u00e4ht\u00e4\u00e4misen mahdollistamiseksi.<\/p>\n<ul>\n<li>Kaksinkertainen s\u00e4\u00e4t\u00f6 sivuttais- ja korkeussuuntaan<\/li>\n<li>Kest\u00e4v\u00e4 ter\u00e4srakenne<\/li>\n<li>Ty\u00f6kaluton, nopea s\u00e4\u00e4t\u00f6<\/li>\n<li>Yhteensopiva useimpien AK-mallien kanssa<\/li>\n<li>Matala profiili<\/li>\n<\/ul>\n<p>Sopii kilpapyssyk\u00e4ytt\u00f6\u00f6n, taktisiin operaatioihin ja AK-harrastajille. Paranna AK-aseesi suorituskyky\u00e4 ja ulkon\u00e4k\u00f6\u00e4 t\u00e4ll\u00e4 monipuolisella ja helppok\u00e4ytt\u00f6isell\u00e4 t\u00e4ht\u00e4imell\u00e4. Saavuta parempi tarkkuus miss\u00e4 tahansa olosuhteissa, ampumaradalta maastoon.<\/p>\n","protected":false},"excerpt":{"rendered":"<p>S\u00e4\u00e4dett\u00e4v\u00e4 AK:n takat\u00e4ht\u00e4in: Tuuliohjaus ja korkeudens\u00e4\u00e4t\u00f6, kest\u00e4v\u00e4 ter\u00e4s.<\/p>\n","protected":false},"featured_media":471141,"template":"","meta":{"_acf_changed":false},"product_brand":[],"product_cat":[13163,13225,13186],"product_tag":[],"class_list":{"0":"post-690583","1":"product","2":"type-product","3":"status-publish","4":"has-post-thumbnail","6":"product_cat-ak-viritys","7":"product_cat-kivaeaeri","8":"product_cat-kivaeaerin-viritys","10":"first","11":"outofstock","12":"taxable","13":"shipping-taxable","14":"purchasable","15":"product-type-simple"},"acf":[],"_links":{"self":[{"href":"https:\/\/nbg.eu\/fi\/wp-json\/wp\/v2\/product\/690583","targetHints":{"allow":["GET"]}}],"collection":[{"href":"https:\/\/nbg.eu\/fi\/wp-json\/wp\/v2\/product"}],"about":[{"href":"https:\/\/nbg.eu\/fi\/wp-json\/wp\/v2\/types\/product"}],"wp:featuredmedia":[{"embeddable":true,"href":"https:\/\/nbg.eu\/fi\/wp-json\/wp\/v2\/media\/471141"}],"wp:attachment":[{"href":"https:\/\/nbg.eu\/fi\/wp-json\/wp\/v2\/media?parent=690583"}],"wp:term":[{"taxonomy":"product_brand","embeddable":true,"href":"https:\/\/nbg.eu\/fi\/wp-json\/wp\/v2\/product_brand?post=690583"},{"taxonomy":"product_cat","embeddable":true,"href":"https:\/\/nbg.eu\/fi\/wp-json\/wp\/v2\/product_cat?post=690583"},{"taxonomy":"product_tag","embeddable":true,"href":"https:\/\/nbg.eu\/fi\/wp-json\/wp\/v2\/product_tag?post=690583"}],"curies":[{"name":"wp","href":"https:\/\/api.w.org\/{rel}","templated":true}]}}