{"id":690603,"date":"2024-08-17T14:52:53","date_gmt":"2024-08-17T11:52:53","guid":{"rendered":"https:\/\/nbg.eu\/product\/fully-adjustable-sight-kmr-black-wide\/"},"modified":"2026-05-13T16:04:35","modified_gmt":"2026-05-13T13:04:35","slug":"fully-adjustable-sight-kmr-black-wide","status":"publish","type":"product","link":"https:\/\/nbg.eu\/fi\/tuote\/fully-adjustable-sight-kmr-black-wide\/","title":{"rendered":"KMR T\u00e4ysin S\u00e4\u00e4dett\u00e4v\u00e4 T\u00e4ht\u00e4in Musta Leve\u00e4"},"content":{"rendered":"<h2>T\u00e4ysin s\u00e4\u00e4dett\u00e4v\u00e4 t\u00e4ht\u00e4in KMR Musta-Leve\u00e4: Tarkkuuden hallinta kilpapampuille<\/h2>\n<p>T\u00e4ysin s\u00e4\u00e4dett\u00e4v\u00e4 t\u00e4ht\u00e4in KMR Musta-Leve\u00e4 on huipputarvike kilpapampuille, jotka etsiv\u00e4t vertaansa vailla olevaa tarkkuutta ja monipuolisuutta. Se on suunniteltu keskittyen korkeuden\/sivutuulen s\u00e4\u00e4t\u00f6\u00f6n ja kontrastiseen maaliin tarttumiseen, ja t\u00e4m\u00e4 t\u00e4ht\u00e4in tarjoaa suorituskyvyn, jota tarvitset hallitaksesi ampumarataa.<\/p>\n<p>Mikrometris\u00e4\u00e4t\u00f6isen s\u00e4\u00e4d\u00f6n ansiosta KMR Musta-Leve\u00e4 mahdollistaa oman ammuksen ja et\u00e4isyyden mukaisen osumapisteen tarkistamisen tarkasti, mik\u00e4 takaa kompromissittoman tarkkuuden. Leve\u00e4 takat\u00e4ht\u00e4in tarjoaa erinomaisen t\u00e4ht\u00e4yskuvan nopeisiin siirtymiin, ja h\u00e4ik\u00e4isem\u00e4t\u00f6n, uurrettu musta mattapinta eliminoi auringonh\u00e4ik\u00e4isyn selke\u00e4n musta-musta-profiilin saavuttamiseksi.<\/p>\n<p>Oli kyse sitten pitk\u00e4n matkan tarkkuuskilpailuista tai dynaamisten ter\u00e4skuormitusten navigoinnista, T\u00e4ysin s\u00e4\u00e4dett\u00e4v\u00e4 t\u00e4ht\u00e4in KMR Musta-Leve\u00e4 on avain todellisen potentiaalisi saavuttamiseen. P\u00e4ivit\u00e4 v\u00e4lineist\u00f6\u00e4si ja vie ampumisesi uusiin korkeuksiin t\u00e4ll\u00e4 poikkeuksellisella t\u00e4ht\u00e4ysj\u00e4rjestelm\u00e4ll\u00e4.<\/p>\n","protected":false},"excerpt":{"rendered":"<p>T\u00e4ysin s\u00e4\u00e4dett\u00e4v\u00e4 t\u00e4ht\u00e4in KMR Musta-Leve\u00e4 &#8211; Tarkka korkeuden\/sivutuulen s\u00e4\u00e4t\u00f6 ja korkea-kontrasti kohteen hankinta.<\/p>\n","protected":false},"featured_media":30340,"template":"","meta":{"_acf_changed":false},"product_brand":[11494],"product_cat":[13175],"product_tag":[],"class_list":{"0":"post-690603","1":"product","2":"type-product","3":"status-publish","4":"has-post-thumbnail","6":"product_brand-kmr-precision","7":"product_cat-kmr-osat","9":"first","10":"instock","11":"taxable","12":"shipping-taxable","13":"product-type-simple"},"acf":[],"_links":{"self":[{"href":"https:\/\/nbg.eu\/fi\/wp-json\/wp\/v2\/product\/690603","targetHints":{"allow":["GET"]}}],"collection":[{"href":"https:\/\/nbg.eu\/fi\/wp-json\/wp\/v2\/product"}],"about":[{"href":"https:\/\/nbg.eu\/fi\/wp-json\/wp\/v2\/types\/product"}],"wp:featuredmedia":[{"embeddable":true,"href":"https:\/\/nbg.eu\/fi\/wp-json\/wp\/v2\/media\/30340"}],"wp:attachment":[{"href":"https:\/\/nbg.eu\/fi\/wp-json\/wp\/v2\/media?parent=690603"}],"wp:term":[{"taxonomy":"product_brand","embeddable":true,"href":"https:\/\/nbg.eu\/fi\/wp-json\/wp\/v2\/product_brand?post=690603"},{"taxonomy":"product_cat","embeddable":true,"href":"https:\/\/nbg.eu\/fi\/wp-json\/wp\/v2\/product_cat?post=690603"},{"taxonomy":"product_tag","embeddable":true,"href":"https:\/\/nbg.eu\/fi\/wp-json\/wp\/v2\/product_tag?post=690603"}],"curies":[{"name":"wp","href":"https:\/\/api.w.org\/{rel}","templated":true}]}}