{"id":690765,"date":"2024-08-16T23:16:01","date_gmt":"2024-08-16T20:16:01","guid":{"rendered":"https:\/\/nbg.eu\/product\/hammer-pin-kmr\/"},"modified":"2026-05-13T16:04:31","modified_gmt":"2026-05-13T13:04:31","slug":"hammer-pin-kmr","status":"publish","type":"product","link":"https:\/\/nbg.eu\/fi\/tuote\/hammer-pin-kmr\/","title":{"rendered":"KMR Iskuritappi"},"content":{"rendered":"<h2>Vasara-tappi KMR-pistooleille: tarkkuutta ja luotettavuutta sytytysj\u00e4rjestelm\u00e4llesi<\/h2>\n<p>Varmista KMR-pistoolisi sytytysj\u00e4rjestelm\u00e4n sujuva ja johdonmukainen toiminta k\u00e4ytt\u00e4m\u00e4ll\u00e4 premium-laatuista Vasara-tappia. T\u00e4m\u00e4 tarkasti hiotusta ja karkaistusta ter\u00e4ksest\u00e4 valmistettu tappi on suunniteltu toimimaan vasaran liikkeen p\u00e4\u00e4akselina, taaten luotettavan ja toistuvan vasaran laukeamisen ja liipaisimen vedon geometrian.<\/p>\n<p>Vasara-tappimme on valmistettu KMR-rungon tarkkaan tehdasmittaan sopivaksi, mik\u00e4 est\u00e4\u00e4 yleisi\u00e4 ongelmia kuten &#8221;tappivaellusta&#8221; nopeassa tulituksessa. Kulutusta kest\u00e4v\u00e4 pintak\u00e4sittely lis\u00e4\u00e4 my\u00f6s t\u00e4m\u00e4n tappiin kest\u00e4vyytt\u00e4, suojaten tulenk\u00e4sittelyn kannalta kriittisten komponenttien rakenteellista eheytt\u00e4.<\/p>\n<p>Oletpa sitten innokas kilpakiv\u00e4\u00e4rin ampuja tai omistautunut harrastelija, Vasara-tappi KMR-pistooleille on olennainen osa, jota tarvitset varmistaaksesi sytytysj\u00e4rjestelm\u00e4si sujuvan ja luotettavan toiminnan. Luota sen tarkkaan suunnitteluun ja lujaan suorituskykyyn, jotta voit kohottaa ampumaharrastuksesi uudelle tasolle.<\/p>\n","protected":false},"excerpt":{"rendered":"<p>Tarkkuudella karkaistu ter\u00e4ksinen tappi varmistaa vakaan vasaran nivelen ja pehme\u00e4n liipaisinliikkeen KMR-pistooleille.<\/p>\n","protected":false},"featured_media":23683,"template":"","meta":{"_acf_changed":false},"product_brand":[11494],"product_cat":[13175],"product_tag":[],"class_list":{"0":"post-690765","1":"product","2":"type-product","3":"status-publish","4":"has-post-thumbnail","6":"product_brand-kmr-precision","7":"product_cat-kmr-osat","9":"first","10":"instock","11":"taxable","12":"shipping-taxable","13":"product-type-simple"},"acf":[],"_links":{"self":[{"href":"https:\/\/nbg.eu\/fi\/wp-json\/wp\/v2\/product\/690765","targetHints":{"allow":["GET"]}}],"collection":[{"href":"https:\/\/nbg.eu\/fi\/wp-json\/wp\/v2\/product"}],"about":[{"href":"https:\/\/nbg.eu\/fi\/wp-json\/wp\/v2\/types\/product"}],"wp:featuredmedia":[{"embeddable":true,"href":"https:\/\/nbg.eu\/fi\/wp-json\/wp\/v2\/media\/23683"}],"wp:attachment":[{"href":"https:\/\/nbg.eu\/fi\/wp-json\/wp\/v2\/media?parent=690765"}],"wp:term":[{"taxonomy":"product_brand","embeddable":true,"href":"https:\/\/nbg.eu\/fi\/wp-json\/wp\/v2\/product_brand?post=690765"},{"taxonomy":"product_cat","embeddable":true,"href":"https:\/\/nbg.eu\/fi\/wp-json\/wp\/v2\/product_cat?post=690765"},{"taxonomy":"product_tag","embeddable":true,"href":"https:\/\/nbg.eu\/fi\/wp-json\/wp\/v2\/product_tag?post=690765"}],"curies":[{"name":"wp","href":"https:\/\/api.w.org\/{rel}","templated":true}]}}