{"id":690775,"date":"2024-08-17T15:16:50","date_gmt":"2024-08-17T12:16:50","guid":{"rendered":"https:\/\/nbg.eu\/product\/hammer-pin-safety-pin-kmr\/"},"modified":"2026-05-13T16:03:39","modified_gmt":"2026-05-13T13:03:39","slug":"hammer-pin-safety-pin-kmr","status":"publish","type":"product","link":"https:\/\/nbg.eu\/fi\/tuote\/hammer-pin-safety-pin-kmr\/","title":{"rendered":"KMR Iskurin Varmistintappi"},"content":{"rendered":"<h2>Kammarin tappi Turvallisuustappi KMR-pistooleille<\/h2>\n<p>Varmista KMR-pistoolisi kammarin ja manuaalisen turvallisuuden tarkka kohdistus ja sujuva toiminta Kammarin tappi Turvallisuustapilla. T\u00e4m\u00e4 tarkasti koneistettu komponentti on valmistettu karkaistusta ty\u00f6ter\u00e4ksest\u00e4 KMR-tehtaan tarkkoja m\u00e4\u00e4rityksi\u00e4 noudattaen, tarjoten ylivoimaista kest\u00e4vyytt\u00e4 ja leikkauslujuutta rekyylinkest\u00e4vyydelle.<\/p>\n<p>Kammarin tappi Turvallisuustappi palvelee kaksoisstarkoitusta, tarjoten luotettavan pidon ja tukivakauden kammarin ja turvavivun mekanismeille. Yll\u00e4pit\u00e4m\u00e4ll\u00e4 t\u00e4ydellist\u00e4 kohdistusta, se auttaa s\u00e4ilytt\u00e4m\u00e4\u00e4n ter\u00e4v\u00e4n liipaisinliikkeen ja positiivisen turvallisuuden kytkemisen, samalla est\u00e4en ei-toivotun sivuttaisliikkeen rungossa.<\/p>\n<p>Vaativien KMR-omistajien luottama, t\u00e4m\u00e4 olennainen p\u00e4ivitys varmistaa, ett\u00e4 pistoolisi kriittiset s\u00e4\u00e4timet pysyv\u00e4t tarkasti paikoillaan, jopa vaativimmissa oloissa. Koe luottamuksen tunne sujuvaan, tasaiseen toimintaan ja horjumattomaan turvallisuustoimintaan Kammarin tappi Turvallisuustapilla KMR-pistoollissasi.<\/p>\n","protected":false},"excerpt":{"rendered":"<p>Tarkkuuskuukka ja turvallisuusneula KMR-pistooleille, takaa kohdistuksen ja sujuvan toiminnan.<\/p>\n","protected":false},"featured_media":24083,"template":"","meta":{"_acf_changed":false},"product_brand":[11494],"product_cat":[13175],"product_tag":[],"class_list":{"0":"post-690775","1":"product","2":"type-product","3":"status-publish","4":"has-post-thumbnail","6":"product_brand-kmr-precision","7":"product_cat-kmr-osat","9":"first","10":"instock","11":"taxable","12":"shipping-taxable","13":"product-type-simple"},"acf":[],"_links":{"self":[{"href":"https:\/\/nbg.eu\/fi\/wp-json\/wp\/v2\/product\/690775","targetHints":{"allow":["GET"]}}],"collection":[{"href":"https:\/\/nbg.eu\/fi\/wp-json\/wp\/v2\/product"}],"about":[{"href":"https:\/\/nbg.eu\/fi\/wp-json\/wp\/v2\/types\/product"}],"wp:featuredmedia":[{"embeddable":true,"href":"https:\/\/nbg.eu\/fi\/wp-json\/wp\/v2\/media\/24083"}],"wp:attachment":[{"href":"https:\/\/nbg.eu\/fi\/wp-json\/wp\/v2\/media?parent=690775"}],"wp:term":[{"taxonomy":"product_brand","embeddable":true,"href":"https:\/\/nbg.eu\/fi\/wp-json\/wp\/v2\/product_brand?post=690775"},{"taxonomy":"product_cat","embeddable":true,"href":"https:\/\/nbg.eu\/fi\/wp-json\/wp\/v2\/product_cat?post=690775"},{"taxonomy":"product_tag","embeddable":true,"href":"https:\/\/nbg.eu\/fi\/wp-json\/wp\/v2\/product_tag?post=690775"}],"curies":[{"name":"wp","href":"https:\/\/api.w.org\/{rel}","templated":true}]}}