{"id":690986,"date":"2024-07-25T21:45:22","date_gmt":"2024-07-25T18:45:22","guid":{"rendered":"https:\/\/nbg.eu\/product\/hornady-6mm-arc-108gr-eld-match-ammunition\/"},"modified":"2026-05-13T15:11:56","modified_gmt":"2026-05-13T12:11:56","slug":"hornady-6mm-arc-108gr-eld-match-ammunition","status":"publish","type":"product","link":"https:\/\/nbg.eu\/fi\/tuote\/hornady-6mm-arc-108gr-eld-match-ammunition\/","title":{"rendered":"Hornady 6mm ARC 108gr. ELD MATCH Ammunition"},"content":{"rendered":"<div class=\"product-description\">\n<h2>Hornady 6mm ARC 108gr. ELD MATCH -patruuna<\/h2>\n<p>Koe ennenn\u00e4kem\u00e4t\u00f6n suorituskyky Hornady 6mm ARC 108gr. ELD MATCH -patruunan kanssa. T\u00e4m\u00e4 monipuolinen patruuna tarjoaa:<\/p>\n<ul>\n<li>Erinomaisen tehokkuuden korkean BC:n luodeilla<\/li>\n<li>Ennenn\u00e4kem\u00e4tt\u00f6m\u00e4n suorituskyvyn AR-15-alustoilla<\/li>\n<li>Optimaaliset tulokset lyhyiss\u00e4 tai mikro-toiminnallisissa kiv\u00e4\u00e4rialustoissa<\/li>\n<li>Sopii kilpa-ammuntaan, mets\u00e4stykseen ja henkil\u00f6kohtaiseen puolustukseen<\/li>\n<li>Erinomaisen p\u00e4\u00e4m\u00e4\u00e4r\u00e4vaikutuksen erilaisissa k\u00e4ytt\u00f6kohteissa<\/li>\n<\/ul>\n<p>6mm ARC yhdist\u00e4\u00e4 modernin patruunasuunnittelun huolella valittuihin luoteihin, tarjoten t\u00e4ydellisen tasapainon j\u00e4rjestelm\u00e4n painon, suorituskyvyn ja ammuttavuuden v\u00e4lill\u00e4. Oletpa sitten kilpa-ampuja, mets\u00e4st\u00e4j\u00e4 tai lainvalvontaviranomainen, t\u00e4m\u00e4 patruuna tarjoaa tarvitsemasi tarkkuuden ja tehon.<\/p>\n<\/div>\n","protected":false},"excerpt":{"rendered":"<p>6mm ARC -monipuolinen: Tarkkuuskaliiperin patruunoita AR-15- ja pulttikiv\u00e4\u00e4reihin.<\/p>\n","protected":false},"featured_media":691017,"template":"","meta":{"_acf_changed":false},"product_brand":[11451],"product_cat":[13228,13238],"product_tag":[],"class_list":{"0":"post-690986","1":"product","2":"type-product","3":"status-publish","4":"has-post-thumbnail","6":"product_brand-hornady","7":"product_cat-ammukset","8":"product_cat-kivaeaerin-ammukset","10":"first","11":"instock","12":"taxable","13":"shipping-taxable","14":"purchasable","15":"product-type-simple"},"acf":[],"_links":{"self":[{"href":"https:\/\/nbg.eu\/fi\/wp-json\/wp\/v2\/product\/690986","targetHints":{"allow":["GET"]}}],"collection":[{"href":"https:\/\/nbg.eu\/fi\/wp-json\/wp\/v2\/product"}],"about":[{"href":"https:\/\/nbg.eu\/fi\/wp-json\/wp\/v2\/types\/product"}],"wp:featuredmedia":[{"embeddable":true,"href":"https:\/\/nbg.eu\/fi\/wp-json\/wp\/v2\/media\/691017"}],"wp:attachment":[{"href":"https:\/\/nbg.eu\/fi\/wp-json\/wp\/v2\/media?parent=690986"}],"wp:term":[{"taxonomy":"product_brand","embeddable":true,"href":"https:\/\/nbg.eu\/fi\/wp-json\/wp\/v2\/product_brand?post=690986"},{"taxonomy":"product_cat","embeddable":true,"href":"https:\/\/nbg.eu\/fi\/wp-json\/wp\/v2\/product_cat?post=690986"},{"taxonomy":"product_tag","embeddable":true,"href":"https:\/\/nbg.eu\/fi\/wp-json\/wp\/v2\/product_tag?post=690986"}],"curies":[{"name":"wp","href":"https:\/\/api.w.org\/{rel}","templated":true}]}}