{"id":691123,"date":"2025-03-04T21:24:07","date_gmt":"2025-03-04T18:24:07","guid":{"rendered":"https:\/\/nbg.eu\/product\/kmr-hand-stop-set-m-lok-alu-black\/"},"modified":"2026-05-13T15:56:48","modified_gmt":"2026-05-13T12:56:48","slug":"kmr-hand-stop-set-m-lok-alu-black","status":"publish","type":"product","link":"https:\/\/nbg.eu\/fi\/tuote\/kmr-hand-stop-set-m-lok-alu-black\/","title":{"rendered":"KMR Hand Stop Sarja M-LOK ALU Musta"},"content":{"rendered":"<h2>KMR-k\u00e4sijarjestelm\u00e4sarja (M-LOK) \u2013 Alumiini, Musta<\/h2>\n<p>Kohota ampumiskokemustasi KMR-k\u00e4sijarjestelm\u00e4sarjalla, monipuolisella lis\u00e4varusteella, joka on suunniteltu parantamaan takaiskun hallintaa, k\u00e4den sijoitusta ja aseen yleist\u00e4 hallintaa. T\u00e4m\u00e4 k\u00e4sijarjestelm\u00e4sarja on valmistettu kevyest\u00e4, CNC-koneistetusta alumiinista ja siin\u00e4 on musta anodisoitu pinta. Se integroituu saumattomasti M-LOK-yhteensopivaan ampuma-aseeseen.<\/p>\n<p>Modulaarinen kaksiosainen tai kuvioitu rakenne tarjoaa tasaisen fyysisen vertailukohdan tukik\u00e4delle, varmistaen toistuvan otteen ja est\u00e4en k\u00e4tt\u00e4 luiskahtamasta kohti suuaukkoa. Mahdollistamalla aseen &#8221;vet\u00e4misen&#8221; olkaa vasten, KMR-k\u00e4sijarjestelm\u00e4sarja tarjoaa merkitt\u00e4v\u00e4sti tasaisemman ampumisen ja nopeammat uusintalaukaukset, parantaen yleist\u00e4 tarkkuutta ja ampumasuoritusta.<\/p>\n<p>Oletpa kokenut tarkka-ampuja tai intohimoinen harrastaja, KMR-k\u00e4sijarjestelm\u00e4sarja on pakollinen p\u00e4ivitys ampuma-aseellesi. Kohota ampumiskokemustasi ja ota taitosi uusiin korkeuksiin t\u00e4m\u00e4n innovatiivisen ja luotettavan lis\u00e4varusteen avulla.<\/p>\n","protected":false},"excerpt":{"rendered":"<p>KMR K\u00c4SINPID\u00c4TIN SARJA, M-LOK, ALU, MUSTA &#8211; Parantunut takapotkun hallinta ja aseen hallinta.<\/p>\n","protected":false},"featured_media":236516,"template":"","meta":{"_acf_changed":false},"product_brand":[11494],"product_cat":[13225,13183,13186,13175],"product_tag":[],"class_list":{"0":"post-691123","1":"product","2":"type-product","3":"status-publish","4":"has-post-thumbnail","6":"product_brand-kmr-precision","7":"product_cat-kivaeaeri","8":"product_cat-kivaeaerin-kahvat","9":"product_cat-kivaeaerin-viritys","10":"product_cat-kmr-osat","12":"first","13":"instock","14":"taxable","15":"shipping-taxable","16":"purchasable","17":"product-type-simple"},"acf":[],"_links":{"self":[{"href":"https:\/\/nbg.eu\/fi\/wp-json\/wp\/v2\/product\/691123","targetHints":{"allow":["GET"]}}],"collection":[{"href":"https:\/\/nbg.eu\/fi\/wp-json\/wp\/v2\/product"}],"about":[{"href":"https:\/\/nbg.eu\/fi\/wp-json\/wp\/v2\/types\/product"}],"wp:featuredmedia":[{"embeddable":true,"href":"https:\/\/nbg.eu\/fi\/wp-json\/wp\/v2\/media\/236516"}],"wp:attachment":[{"href":"https:\/\/nbg.eu\/fi\/wp-json\/wp\/v2\/media?parent=691123"}],"wp:term":[{"taxonomy":"product_brand","embeddable":true,"href":"https:\/\/nbg.eu\/fi\/wp-json\/wp\/v2\/product_brand?post=691123"},{"taxonomy":"product_cat","embeddable":true,"href":"https:\/\/nbg.eu\/fi\/wp-json\/wp\/v2\/product_cat?post=691123"},{"taxonomy":"product_tag","embeddable":true,"href":"https:\/\/nbg.eu\/fi\/wp-json\/wp\/v2\/product_tag?post=691123"}],"curies":[{"name":"wp","href":"https:\/\/api.w.org\/{rel}","templated":true}]}}