{"id":691144,"date":"2025-03-07T13:06:11","date_gmt":"2025-03-07T10:06:11","guid":{"rendered":"https:\/\/nbg.eu\/product\/kmr-or-aimpoint-acro-mounting-kit-for-l-02-w-02-steel-black\/"},"modified":"2026-05-13T16:48:14","modified_gmt":"2026-05-13T13:48:14","slug":"kmr-or-aimpoint-acro-mounting-kit-for-l-02-w-02-steel-black","status":"publish","type":"product","link":"https:\/\/nbg.eu\/fi\/tuote\/kmr-or-aimpoint-acro-mounting-kit-for-l-02-w-02-steel-black\/","title":{"rendered":"KMR OR Aimpoint Acro Asennussarja mallille L-02, W-02 Ter\u00e4s Musta"},"content":{"rendered":"<h2>KMR &#8211; TAI AIMPOINT ACRO KIINNITYSJ\u00c4RJESTELM\u00c4 L-02, W-02, TER\u00c4S MUSTA<\/h2>\n<p>KMR Optic Ready (OR) Aimpoint ACRO Kiinnitysj\u00e4rjestelm\u00e4 on korkealaatuinen ratkaisu vakaan optiikan integrointiin ja t\u00e4ydelliseen katsauslinjaukseen KMR L-02 ja W-02 pistooleihisi. T\u00e4m\u00e4 kiinnitysj\u00e4rjestelm\u00e4 on valmistettu tarkkuusty\u00f6st\u00e4m\u00e4ll\u00e4 korkealujuuksisesta ter\u00e4ksest\u00e4, ja siin\u00e4 on Aimpoint ACRO:n muotoinen kiinnitys, matala profiili ja mattamusta korroosionestopinnoite tyylikk\u00e4\u00e4n ja kest\u00e4v\u00e4n ulkon\u00e4\u00f6n saavuttamiseksi.<\/p>\n<p>KMR OR Aimpoint ACRO Kiinnitysj\u00e4rjestelm\u00e4n ter\u00e4srakenne takaa, ett\u00e4 t\u00e4ht\u00e4in ei siirry raskaan rekyylin alla, tarjoten luotettavimman kiinnitysratkaisun suljetun l\u00e4hettimen t\u00e4ht\u00e4imille. Tarkka sovitus varmistaa, ett\u00e4 t\u00e4ht\u00e4imesi pysyy kohdallaan jopa kovassa kilpailuk\u00e4yt\u00f6ss\u00e4 tai kentt\u00e4toiminnassa, tehden siit\u00e4 loistavan valinnan KMR OR -sarjan pistooleihin.<\/p>\n","protected":false},"excerpt":{"rendered":"<p>KMR &#8211; TAI AIMPOINT ACRO KIINNITYSKOKOONPANO L-02, W-02, TER\u00c4S MUSTA. Luja optinen integrointi ja t\u00e4ydellinen kohdistus L-02- ja W-02-malleissa. Tarkkuuskonevoitu korkealujuuster\u00e4ksest\u00e4, Aimpoint ACRO:n jalanj\u00e4lki, matala profiili, musta korroosiosuojamaali. Tarjoaa kest\u00e4vimm\u00e4n kiinnitysratkaisun suljetuille emissiolaitteille; ter\u00e4srakenne takaa nollasiirtym\u00e4n voimakkaan takapotkun alla, kun taas tarkkuusistutus varmistaa, ett\u00e4 optiikka pysyy kalibroituna jopa korkean volyymin kilpailuissa tai virkak\u00e4yt\u00f6ss\u00e4 KMR OR -sarjan pistoolissa.<\/p>\n","protected":false},"featured_media":246143,"template":"","meta":{"_acf_changed":false},"product_brand":[11494],"product_cat":[13175,13171,13207,14897],"product_tag":[],"class_list":{"0":"post-691144","1":"product","2":"type-product","3":"status-publish","4":"has-post-thumbnail","6":"product_brand-kmr-precision","7":"product_cat-kmr-osat","8":"product_cat-pistoolin-osat","9":"product_cat-pistoolin-taehtaeimet","10":"product_cat-red-dot-sights-mounts-fi","12":"first","13":"instock","14":"taxable","15":"shipping-taxable","16":"purchasable","17":"product-type-simple"},"acf":[],"_links":{"self":[{"href":"https:\/\/nbg.eu\/fi\/wp-json\/wp\/v2\/product\/691144","targetHints":{"allow":["GET"]}}],"collection":[{"href":"https:\/\/nbg.eu\/fi\/wp-json\/wp\/v2\/product"}],"about":[{"href":"https:\/\/nbg.eu\/fi\/wp-json\/wp\/v2\/types\/product"}],"wp:featuredmedia":[{"embeddable":true,"href":"https:\/\/nbg.eu\/fi\/wp-json\/wp\/v2\/media\/246143"}],"wp:attachment":[{"href":"https:\/\/nbg.eu\/fi\/wp-json\/wp\/v2\/media?parent=691144"}],"wp:term":[{"taxonomy":"product_brand","embeddable":true,"href":"https:\/\/nbg.eu\/fi\/wp-json\/wp\/v2\/product_brand?post=691144"},{"taxonomy":"product_cat","embeddable":true,"href":"https:\/\/nbg.eu\/fi\/wp-json\/wp\/v2\/product_cat?post=691144"},{"taxonomy":"product_tag","embeddable":true,"href":"https:\/\/nbg.eu\/fi\/wp-json\/wp\/v2\/product_tag?post=691144"}],"curies":[{"name":"wp","href":"https:\/\/api.w.org\/{rel}","templated":true}]}}