{"id":691162,"date":"2025-03-04T21:40:08","date_gmt":"2025-03-04T18:40:08","guid":{"rendered":"https:\/\/nbg.eu\/product\/kmr-qd-sling-swivel\/"},"modified":"2026-05-13T15:10:54","modified_gmt":"2026-05-13T12:10:54","slug":"kmr-qd-sling-swivel","status":"publish","type":"product","link":"https:\/\/nbg.eu\/fi\/tuote\/kmr-qd-sling-swivel\/","title":{"rendered":"KMR QD Hihnan Nivel"},"content":{"rendered":"<h2>Nopea kiinnitys, raskaanpuoleinen luotettavuus: KMR Quick Detach (QD) -kantohihnan vetoketju<\/h2>\n<p>Suunniteltu nopeaa kiinnityst\u00e4 ja raskaanpuoleista luotettavuutta varten, KMR QD -kantohihnan vetoketju on t\u00e4ydellinen kumppani ampuma-asellesi. Valmistettu korkeaj\u00e4nnityster\u00e4ksest\u00e4, t\u00e4ss\u00e4 vetoketjussa on painonappivapautusmekanismi ja 360 asteen kierto, mik\u00e4 mahdollistaa l\u00e4hes v\u00e4litt\u00f6m\u00e4n kantohihnan kiinnityksen tai irrottamisen mist\u00e4 tahansa QD-yhteensopivasta liit\u00e4nn\u00e4st\u00e4, olipa se sitten M-LOK, tukikappale tai k\u00e4sikahva.<\/p>\n<p>Suunniteltu kest\u00e4m\u00e4\u00e4n suuria vetovoima-arvoja ja vaativia kentt\u00e4olosuhteita, KMR QD -kantohihnan vetoketju varmistaa, ett\u00e4 kiv\u00e4\u00e4risi pysyy turvallisesti kiinni liikkeesi aikana. Musta pinnoite lis\u00e4\u00e4 edelleen vetoketjun kest\u00e4vyytt\u00e4, tehden siit\u00e4 luotettavan valinnan kaikkiin kantohihnan kiinnitystarpeisiin.<\/p>\n","protected":false},"excerpt":{"rendered":"<p>KMR QD -LIUKURENGAS, VAKIOSTANDARDI: Nopea kiinnitt\u00e4minen\/irrottaminen.<\/p>\n","protected":false},"featured_media":236790,"template":"","meta":{"_acf_changed":false},"product_brand":[11494],"product_cat":[13161,13186,14932],"product_tag":[],"class_list":{"0":"post-691162","1":"product","2":"type-product","3":"status-publish","4":"has-post-thumbnail","6":"product_brand-kmr-precision","7":"product_cat-hihnat","8":"product_cat-kivaeaerin-viritys","9":"product_cat-sling-swivels-fi","11":"first","12":"instock","13":"taxable","14":"shipping-taxable","15":"purchasable","16":"product-type-simple"},"acf":[],"_links":{"self":[{"href":"https:\/\/nbg.eu\/fi\/wp-json\/wp\/v2\/product\/691162","targetHints":{"allow":["GET"]}}],"collection":[{"href":"https:\/\/nbg.eu\/fi\/wp-json\/wp\/v2\/product"}],"about":[{"href":"https:\/\/nbg.eu\/fi\/wp-json\/wp\/v2\/types\/product"}],"wp:featuredmedia":[{"embeddable":true,"href":"https:\/\/nbg.eu\/fi\/wp-json\/wp\/v2\/media\/236790"}],"wp:attachment":[{"href":"https:\/\/nbg.eu\/fi\/wp-json\/wp\/v2\/media?parent=691162"}],"wp:term":[{"taxonomy":"product_brand","embeddable":true,"href":"https:\/\/nbg.eu\/fi\/wp-json\/wp\/v2\/product_brand?post=691162"},{"taxonomy":"product_cat","embeddable":true,"href":"https:\/\/nbg.eu\/fi\/wp-json\/wp\/v2\/product_cat?post=691162"},{"taxonomy":"product_tag","embeddable":true,"href":"https:\/\/nbg.eu\/fi\/wp-json\/wp\/v2\/product_tag?post=691162"}],"curies":[{"name":"wp","href":"https:\/\/api.w.org\/{rel}","templated":true}]}}