{"id":691190,"date":"2025-03-04T21:26:30","date_gmt":"2025-03-04T18:26:30","guid":{"rendered":"https:\/\/nbg.eu\/product\/kmr-rail-set-m-lok-alu\/"},"modified":"2026-02-05T16:29:20","modified_gmt":"2026-02-05T13:29:20","slug":"kmr-rail-set-m-lok-alu","status":"publish","type":"product","link":"https:\/\/nbg.eu\/fi\/tuote\/kmr-rail-set-m-lok-alu\/","title":{"rendered":"KMR RAIL SET, M-LOK, ALU"},"content":{"rendered":"<h2>KMR RAIL SET, M-LOK, ALU<\/h2>\n<p>Paranna M-LOK -k\u00e4sisuojan monik\u00e4ytt\u00f6isyytt\u00e4 KMR RAIL SET -lis\u00e4varusteella, joka on luja ja kevyt ratkaisemaan lis\u00e4varusteiden kiinnityksen. Se on valmistettu tarkkuuskoneiden CNC-ty\u00f6st\u00f6ll\u00e4 korkeanlaatuisesta 6061-T6-alumiinista ja tarjoaa vakiokokoisen Picatinny-\/Mil-Std 1913 -liit\u00e4nn\u00e4n, jonka avulla voit kiinnitt\u00e4\u00e4 turvallisesti monenlaisia taktisia lis\u00e4varusteita, kuten valoja, lasereita, kahvoja ja jalustoja.<\/p>\n<p>Matalaprofiilinen, musta anodisoitu pinta varmistaa erinomaisen kest\u00e4vyyden ilman turhaa painoa tai kokoa aseen etuosaan. Sis\u00e4ltyvien M-LOK-kiinnitystarvikkeiden avulla voit helposti integroida t\u00e4m\u00e4n kiskoj\u00e4rjestelm\u00e4n olemassa olevaan M-LOK -k\u00e4sisuojaan ja luoda modulaarisen ja muokattavan alustan, joka vastaa tarpeisiisi.<\/p>\n<p>Olipa kyse aseen toiminnallisuuden parantamisesta tai luotettavan tavan l\u00f6yt\u00e4misest\u00e4 suosikkivarusteiden kiinnitt\u00e4miseen, KMR RAIL SET, M-LOK, ALU on t\u00e4ydellinen ratkaisu. T\u00e4m\u00e4 lis\u00e4varuste on suunniteltu suorituskyvyn ja kest\u00e4vyyden kannalta, ja se auttaa viem\u00e4\u00e4n ampumiskokemuksesi uudelle tasolle.<\/p>\n","protected":false},"excerpt":{"rendered":"<p>Modulaarinen M-LOK-kiskosarja kevyest\u00e4, kest\u00e4v\u00e4st\u00e4 alumiinista Picatinny-liit\u00e4nn\u00e4ll\u00e4.<\/p>\n","protected":false},"featured_media":236679,"template":"","meta":{"_acf_changed":false},"product_brand":[11494],"product_cat":[13161,13239,13225,13186,14969],"product_tag":[],"class_list":{"0":"post-691190","1":"product","2":"type-product","3":"status-publish","4":"has-post-thumbnail","6":"product_brand-kmr-precision","7":"product_cat-hihnat","8":"product_cat-kiskot","9":"product_cat-kivaeaeri","10":"product_cat-kivaeaerin-viritys","11":"product_cat-m-lok-rail-systems-fi","13":"first","14":"instock","15":"taxable","16":"shipping-taxable","17":"purchasable","18":"product-type-variable","19":"wvs-archive-product-wrapper"},"acf":[],"_links":{"self":[{"href":"https:\/\/nbg.eu\/fi\/wp-json\/wp\/v2\/product\/691190","targetHints":{"allow":["GET"]}}],"collection":[{"href":"https:\/\/nbg.eu\/fi\/wp-json\/wp\/v2\/product"}],"about":[{"href":"https:\/\/nbg.eu\/fi\/wp-json\/wp\/v2\/types\/product"}],"wp:featuredmedia":[{"embeddable":true,"href":"https:\/\/nbg.eu\/fi\/wp-json\/wp\/v2\/media\/236679"}],"wp:attachment":[{"href":"https:\/\/nbg.eu\/fi\/wp-json\/wp\/v2\/media?parent=691190"}],"wp:term":[{"taxonomy":"product_brand","embeddable":true,"href":"https:\/\/nbg.eu\/fi\/wp-json\/wp\/v2\/product_brand?post=691190"},{"taxonomy":"product_cat","embeddable":true,"href":"https:\/\/nbg.eu\/fi\/wp-json\/wp\/v2\/product_cat?post=691190"},{"taxonomy":"product_tag","embeddable":true,"href":"https:\/\/nbg.eu\/fi\/wp-json\/wp\/v2\/product_tag?post=691190"}],"curies":[{"name":"wp","href":"https:\/\/api.w.org\/{rel}","templated":true}]}}