{"id":692150,"date":"2025-03-04T21:42:27","date_gmt":"2025-03-04T18:42:27","guid":{"rendered":"https:\/\/nbg.eu\/product\/kmr-qd-sling-swivel-small-25-mm\/"},"modified":"2026-05-13T16:02:05","modified_gmt":"2026-05-13T13:02:05","slug":"kmr-qd-sling-swivel-small-25-mm","status":"publish","type":"product","link":"https:\/\/nbg.eu\/fi\/tuote\/kmr-qd-sling-swivel-small-25-mm\/","title":{"rendered":"KMR QD Hihnan Nivel Pieni 25mm"},"content":{"rendered":"<h2>KMR QD -vy\u00f6nsalpa, pieni 25 mm<\/h2>\n<p>KMR QD -vy\u00f6nsalpa on suunniteltu nopeaan kiinnitt\u00e4miseen ja on eritt\u00e4in kest\u00e4v\u00e4. Se on t\u00e4ydellinen lis\u00e4varuste tulitukiaseellesi. T\u00e4m\u00e4 salpa on valmistettu korkealujuuster\u00e4ksest\u00e4 ja siin\u00e4 on painonappilaukaisuj\u00e4rjestelm\u00e4 sek\u00e4 360 asteen kierto, joka mahdollistaa vy\u00f6n nopean kiinnitt\u00e4misen tai irrottamisen mist\u00e4 tahansa QD-yhteensopivasta liittimest\u00e4, kuten M-LOK:sta, ase-elemeentist\u00e4 tai k\u00e4sikahvasta.<\/p>\n<p>Salpa on suunniteltu kest\u00e4m\u00e4\u00e4n suuria vetorasituksia ja kovia kentt\u00e4olosuhteita, ja se pit\u00e4\u00e4 aseesi tukevasti kiinni liikkuessasi. Musta pinnoite lis\u00e4\u00e4 salvan kest\u00e4vyytt\u00e4 entisest\u00e4\u00e4n, tehden siit\u00e4 luotettavan valinta kaikkiin vy\u00f6n kiinnitystarpeisiisi.<\/p>\n","protected":false},"excerpt":{"rendered":"<p>KMR QD HIHNAHOLKKI, PIENI 25 mm: Nopea kiinnitys\/irrotus<\/p>\n","protected":false},"featured_media":236814,"template":"","meta":{"_acf_changed":false},"product_brand":[11494],"product_cat":[13161,13186,14932],"product_tag":[],"class_list":{"0":"post-692150","1":"product","2":"type-product","3":"status-publish","4":"has-post-thumbnail","6":"product_brand-kmr-precision","7":"product_cat-hihnat","8":"product_cat-kivaeaerin-viritys","9":"product_cat-sling-swivels-fi","11":"first","12":"instock","13":"taxable","14":"shipping-taxable","15":"purchasable","16":"product-type-simple"},"acf":[],"_links":{"self":[{"href":"https:\/\/nbg.eu\/fi\/wp-json\/wp\/v2\/product\/692150","targetHints":{"allow":["GET"]}}],"collection":[{"href":"https:\/\/nbg.eu\/fi\/wp-json\/wp\/v2\/product"}],"about":[{"href":"https:\/\/nbg.eu\/fi\/wp-json\/wp\/v2\/types\/product"}],"wp:featuredmedia":[{"embeddable":true,"href":"https:\/\/nbg.eu\/fi\/wp-json\/wp\/v2\/media\/236814"}],"wp:attachment":[{"href":"https:\/\/nbg.eu\/fi\/wp-json\/wp\/v2\/media?parent=692150"}],"wp:term":[{"taxonomy":"product_brand","embeddable":true,"href":"https:\/\/nbg.eu\/fi\/wp-json\/wp\/v2\/product_brand?post=692150"},{"taxonomy":"product_cat","embeddable":true,"href":"https:\/\/nbg.eu\/fi\/wp-json\/wp\/v2\/product_cat?post=692150"},{"taxonomy":"product_tag","embeddable":true,"href":"https:\/\/nbg.eu\/fi\/wp-json\/wp\/v2\/product_tag?post=692150"}],"curies":[{"name":"wp","href":"https:\/\/api.w.org\/{rel}","templated":true}]}}