{"id":692235,"date":"2024-08-18T11:19:07","date_gmt":"2024-08-18T08:19:07","guid":{"rendered":"https:\/\/nbg.eu\/product\/magazine-catch-spring-screw-kmr\/"},"modified":"2026-05-13T16:47:49","modified_gmt":"2026-05-13T13:47:49","slug":"magazine-catch-spring-screw-kmr","status":"publish","type":"product","link":"https:\/\/nbg.eu\/fi\/tuote\/magazine-catch-spring-screw-kmr\/","title":{"rendered":"KMR Lippaanpidikkeen Jousen Ruuvi"},"content":{"rendered":"<h2>Luotettava lehden kiinnityksen jousiruuvi<\/h2>\n<p>KMR-lehden kiinnityksen jousiruuvi on olennainen komponentti useiden eri valmistajien asej\u00e4rjestelmiss\u00e4.<\/p>\n<p>T\u00e4m\u00e4 ruuvi on valmistettu korkeimpien standardien mukaisesti, ja se on erinomainen valinta sek\u00e4 harrastajille ett\u00e4 ammattilaisille. Sen kest\u00e4v\u00e4 rakenne ja huolellinen valmistus tekev\u00e4t siit\u00e4 v\u00e4ltt\u00e4m\u00e4tt\u00f6m\u00e4n lis\u00e4varusteen mink\u00e4 tahansa hyvin varustetun asekokoelman kannalta.<\/p>\n<p>Aseille KMR:<\/p>\n<p>KMR L-02 EMIQ<\/p>\n<p>KMR L-02 EMIQ (TAI)<\/p>\n<p>KMR L-02 ORCA VUODESTA 2024 ALKAEN<\/p>\n<p>KMR L-02 ORCA VUOTEEN 2023 ASTI<\/p>\n<p>KMR L-02 SPECTRA VUODESTA 2024 ALKAEN<\/p>\n<p>KMR L-02 SPECTRA VUOTEEN 2023 ASTI<\/p>\n<p>KMR L-02 UMBRA (TAI) SR<\/p>\n<p>KMR S-01 LANCE (TAI)<\/p>\n<p>KMR S-02 VUODESTA 2024 ALKAEN<\/p>\n<p>KMR S-02 VUOTEEN 2023 ASTI<\/p>\n<p>KMR W-02 CUDA (TAI)<\/p>\n<p>KMR W-02 UMBRA<\/p>\n<p>KMR W-02 UMBRA (TAI).<\/p>\n","protected":false},"excerpt":{"rendered":"<p>Asehille KMR jousik\u00e4\u00e4mij\u00e4n kuulas\u00e4ili\u00f6n ruuvi.<\/p>\n","protected":false},"featured_media":25496,"template":"","meta":{"_acf_changed":false},"product_brand":[11494],"product_cat":[13193,13175],"product_tag":[],"class_list":{"0":"post-692235","1":"product","2":"type-product","3":"status-publish","4":"has-post-thumbnail","6":"product_brand-kmr-precision","7":"product_cat-jouset","8":"product_cat-kmr-osat","10":"first","11":"instock","12":"taxable","13":"shipping-taxable","14":"product-type-simple"},"acf":[],"_links":{"self":[{"href":"https:\/\/nbg.eu\/fi\/wp-json\/wp\/v2\/product\/692235","targetHints":{"allow":["GET"]}}],"collection":[{"href":"https:\/\/nbg.eu\/fi\/wp-json\/wp\/v2\/product"}],"about":[{"href":"https:\/\/nbg.eu\/fi\/wp-json\/wp\/v2\/types\/product"}],"wp:featuredmedia":[{"embeddable":true,"href":"https:\/\/nbg.eu\/fi\/wp-json\/wp\/v2\/media\/25496"}],"wp:attachment":[{"href":"https:\/\/nbg.eu\/fi\/wp-json\/wp\/v2\/media?parent=692235"}],"wp:term":[{"taxonomy":"product_brand","embeddable":true,"href":"https:\/\/nbg.eu\/fi\/wp-json\/wp\/v2\/product_brand?post=692235"},{"taxonomy":"product_cat","embeddable":true,"href":"https:\/\/nbg.eu\/fi\/wp-json\/wp\/v2\/product_cat?post=692235"},{"taxonomy":"product_tag","embeddable":true,"href":"https:\/\/nbg.eu\/fi\/wp-json\/wp\/v2\/product_tag?post=692235"}],"curies":[{"name":"wp","href":"https:\/\/api.w.org\/{rel}","templated":true}]}}