{"id":692294,"date":"2025-05-21T16:01:25","date_gmt":"2025-05-21T13:01:25","guid":{"rendered":"https:\/\/nbg.eu\/product\/magazine-kmr-l-02-orca-cal-9x19-19-rnds\/"},"modified":"2026-05-13T15:09:56","modified_gmt":"2026-05-13T12:09:56","slug":"magazine-kmr-l-02-orca-cal-9x19-19-rnds","status":"publish","type":"product","link":"https:\/\/nbg.eu\/fi\/tuote\/magazine-kmr-l-02-orca-cal-9x19-19-rnds\/","title":{"rendered":"KMR Lipas L-02 ORCA 9&#215;19 19 Ptr."},"content":{"rendered":"<h2>MAGAZINE KMR L-02 ORCA, kaliiperi 9&#215;19, 19 patruunaa<\/h2>\n<p>Paranna KMR L-02 ORCA-pistoolin suorituskyky\u00e4 t\u00e4ll\u00e4 suurikapasiteettisella lippaalla. Lippaan 19 patruunan 9x19mm-patruunam\u00e4\u00e4r\u00e4 takaa luotettavan sy\u00f6tt\u00e4misen ja sujuvan toiminnan, tehden siit\u00e4 erinomaisen lis\u00e4osan aseellesi. Yhteensopiva KMR L-02 EMIQ- ja EMIQ (OR) -mallien kanssa, t\u00e4m\u00e4 lipas on v\u00e4ltt\u00e4m\u00e4t\u00f6n niille, jotka etsiv\u00e4t lis\u00e4\u00e4ntynytt\u00e4 kapasiteettia ja parannettua toimivuutta.<\/p>\n<p>Tuotenumero: 1152-02402-0001<\/p>\n<p>Yhteensopiva:<\/p>\n<ul>\n<li>KMR L-02 EMIQ<\/li>\n<li>KMR L-02 EMIQ (OR)<\/li>\n<li>KMR L-02 ORCA VUOTEEN 2023 SAAKKA<\/li>\n<\/ul>\n","protected":false},"excerpt":{"rendered":"<p>Suuri 19-patruunan lipas KMR L-02 ORCA 9&#215;19 pistooleille. Luotettava sy\u00f6tt\u00e4minen ja sujuva toiminta.<\/p>\n","protected":false},"featured_media":365240,"template":"","meta":{"_acf_changed":false},"product_brand":[11494],"product_cat":[13175,13171],"product_tag":[],"class_list":{"0":"post-692294","1":"product","2":"type-product","3":"status-publish","4":"has-post-thumbnail","6":"product_brand-kmr-precision","7":"product_cat-kmr-osat","8":"product_cat-pistoolin-osat","10":"first","11":"instock","12":"taxable","13":"shipping-taxable","14":"product-type-simple"},"acf":[],"_links":{"self":[{"href":"https:\/\/nbg.eu\/fi\/wp-json\/wp\/v2\/product\/692294","targetHints":{"allow":["GET"]}}],"collection":[{"href":"https:\/\/nbg.eu\/fi\/wp-json\/wp\/v2\/product"}],"about":[{"href":"https:\/\/nbg.eu\/fi\/wp-json\/wp\/v2\/types\/product"}],"wp:featuredmedia":[{"embeddable":true,"href":"https:\/\/nbg.eu\/fi\/wp-json\/wp\/v2\/media\/365240"}],"wp:attachment":[{"href":"https:\/\/nbg.eu\/fi\/wp-json\/wp\/v2\/media?parent=692294"}],"wp:term":[{"taxonomy":"product_brand","embeddable":true,"href":"https:\/\/nbg.eu\/fi\/wp-json\/wp\/v2\/product_brand?post=692294"},{"taxonomy":"product_cat","embeddable":true,"href":"https:\/\/nbg.eu\/fi\/wp-json\/wp\/v2\/product_cat?post=692294"},{"taxonomy":"product_tag","embeddable":true,"href":"https:\/\/nbg.eu\/fi\/wp-json\/wp\/v2\/product_tag?post=692294"}],"curies":[{"name":"wp","href":"https:\/\/api.w.org\/{rel}","templated":true}]}}