{"id":692315,"date":"2025-05-20T23:13:22","date_gmt":"2025-05-20T20:13:22","guid":{"rendered":"https:\/\/nbg.eu\/product\/magazine-mec-gar-cal-9x19-17-rnds\/"},"modified":"2026-05-13T16:02:54","modified_gmt":"2026-05-13T13:02:54","slug":"magazine-mec-gar-cal-9x19-17-rnds","status":"publish","type":"product","link":"https:\/\/nbg.eu\/fi\/tuote\/magazine-mec-gar-cal-9x19-17-rnds\/","title":{"rendered":"KMR Lipas MEC-GAR 9&#215;19 17 Ptr."},"content":{"rendered":"<h2>AIKAKAUSLEHTI MEC-GAR kaliiperi 9&#215;19 17 patruunaa<\/h2>\n<p>Viite: 1152-01901-0000<\/p>\n<p>Suurikapasiteettinen 17 patruunan lipas 9&#215;19 mm pistooleille. Yhteensopiva useiden KMR-mallien kanssa, mukaan lukien SPECTRA, UMBRA ja CUDA (2023 ja 2024 versiot). Sopii my\u00f6s CZ SHADOW 1-, SHADOW 2- ja SP-01-pistooleihin. Luotettava sy\u00f6tt\u00f6 ja kest\u00e4v\u00e4 rakenne takaavat ase suorituskyvyn optimoinnin.<\/p>\n","protected":false},"excerpt":{"rendered":"<p>Tehokas 9 mm:n lipas KMR- ja CZ-pistooleille. 17 patruunaa.<\/p>\n","protected":false},"featured_media":365188,"template":"","meta":{"_acf_changed":false},"product_brand":[11494],"product_cat":[13175,13171],"product_tag":[],"class_list":{"0":"post-692315","1":"product","2":"type-product","3":"status-publish","4":"has-post-thumbnail","6":"product_brand-kmr-precision","7":"product_cat-kmr-osat","8":"product_cat-pistoolin-osat","10":"first","11":"instock","12":"taxable","13":"shipping-taxable","14":"product-type-simple"},"acf":[],"_links":{"self":[{"href":"https:\/\/nbg.eu\/fi\/wp-json\/wp\/v2\/product\/692315","targetHints":{"allow":["GET"]}}],"collection":[{"href":"https:\/\/nbg.eu\/fi\/wp-json\/wp\/v2\/product"}],"about":[{"href":"https:\/\/nbg.eu\/fi\/wp-json\/wp\/v2\/types\/product"}],"wp:featuredmedia":[{"embeddable":true,"href":"https:\/\/nbg.eu\/fi\/wp-json\/wp\/v2\/media\/365188"}],"wp:attachment":[{"href":"https:\/\/nbg.eu\/fi\/wp-json\/wp\/v2\/media?parent=692315"}],"wp:term":[{"taxonomy":"product_brand","embeddable":true,"href":"https:\/\/nbg.eu\/fi\/wp-json\/wp\/v2\/product_brand?post=692315"},{"taxonomy":"product_cat","embeddable":true,"href":"https:\/\/nbg.eu\/fi\/wp-json\/wp\/v2\/product_cat?post=692315"},{"taxonomy":"product_tag","embeddable":true,"href":"https:\/\/nbg.eu\/fi\/wp-json\/wp\/v2\/product_tag?post=692315"}],"curies":[{"name":"wp","href":"https:\/\/api.w.org\/{rel}","templated":true}]}}