{"id":692339,"date":"2024-08-18T11:13:19","date_gmt":"2024-08-18T08:13:19","guid":{"rendered":"https:\/\/nbg.eu\/product\/magwell-screw-m4x8-din-915-kmr\/"},"modified":"2026-05-13T15:11:13","modified_gmt":"2026-05-13T12:11:13","slug":"magwell-screw-m4x8-din-915-kmr","status":"publish","type":"product","link":"https:\/\/nbg.eu\/fi\/tuote\/magwell-screw-m4x8-din-915-kmr\/","title":{"rendered":"KMR Magwellin Ruuvi M4x8 DIN 915"},"content":{"rendered":"<h2>Magwell-ruuvi M4X8 Din 915 KMR &#8211; Turvallinen aseen kiinnikkeet KMR-malleihin<\/h2>\n<p>Magwell-ruuvi on olennainen osa, jolla kiinnitet\u00e4\u00e4n lis\u00e4varusteita ja kiinnikkeit\u00e4 KMR-asej\u00e4rjestelmiin.<\/p>\n<p>Se on valmistettu korkealaatuisista materiaaleista ja suunniteltu kest\u00e4m\u00e4\u00e4n taktisen k\u00e4yt\u00f6n rasitukset. Magwell-ruuvi takaa tiiviin ja turvallisen kiinnityksen, jotta lis\u00e4varusteesi eiv\u00e4t l\u00f6ysty tai irtoa k\u00e4yt\u00f6n aikana. Sen M4x8 Din 915 -kierre tarjoaa kest\u00e4v\u00e4n ja luotettavan kytkenn\u00e4n, jonka avulla voit varmasti asentaa t\u00e4ht\u00e4imi\u00e4, lasereita, valoja ja muita olennaisia varusteita KMR-alustaasi.<\/p>\n<p>Magwell-ruuvi on v\u00e4ltt\u00e4m\u00e4t\u00f6n lis\u00e4varuste, joka parantaa aseesi toiminnallisuutta ja muokattavuutta. Varmista, ett\u00e4 lis\u00e4varusteesi pysyv\u00e4t tukevasti paikallaan ja suorituskyky on optimaalinen t\u00e4ll\u00e4 luotettavalla ja kest\u00e4v\u00e4ll\u00e4 ruuvilla.<\/p>\n","protected":false},"excerpt":{"rendered":"<p>Magwell-ruuvi M4x8 Din 915 KMR L-02 EMIQ:lle, ORCA-malleille.<\/p>\n","protected":false},"featured_media":25426,"template":"","meta":{"_acf_changed":false},"product_brand":[11494],"product_cat":[14979,13195,13171],"product_tag":[],"class_list":{"0":"post-692339","1":"product","2":"type-product","3":"status-publish","4":"has-post-thumbnail","6":"product_brand-kmr-precision","7":"product_cat-pistol-magwells-fi","8":"product_cat-pistooli","9":"product_cat-pistoolin-osat","11":"first","12":"instock","13":"taxable","14":"shipping-taxable","15":"product-type-simple"},"acf":[],"_links":{"self":[{"href":"https:\/\/nbg.eu\/fi\/wp-json\/wp\/v2\/product\/692339","targetHints":{"allow":["GET"]}}],"collection":[{"href":"https:\/\/nbg.eu\/fi\/wp-json\/wp\/v2\/product"}],"about":[{"href":"https:\/\/nbg.eu\/fi\/wp-json\/wp\/v2\/types\/product"}],"wp:featuredmedia":[{"embeddable":true,"href":"https:\/\/nbg.eu\/fi\/wp-json\/wp\/v2\/media\/25426"}],"wp:attachment":[{"href":"https:\/\/nbg.eu\/fi\/wp-json\/wp\/v2\/media?parent=692339"}],"wp:term":[{"taxonomy":"product_brand","embeddable":true,"href":"https:\/\/nbg.eu\/fi\/wp-json\/wp\/v2\/product_brand?post=692339"},{"taxonomy":"product_cat","embeddable":true,"href":"https:\/\/nbg.eu\/fi\/wp-json\/wp\/v2\/product_cat?post=692339"},{"taxonomy":"product_tag","embeddable":true,"href":"https:\/\/nbg.eu\/fi\/wp-json\/wp\/v2\/product_tag?post=692339"}],"curies":[{"name":"wp","href":"https:\/\/api.w.org\/{rel}","templated":true}]}}