{"id":692366,"date":"2024-08-17T15:42:34","date_gmt":"2024-08-17T12:42:34","guid":{"rendered":"https:\/\/nbg.eu\/product\/magwell-kmr-l-02-alu-brass\/"},"modified":"2026-02-04T16:37:47","modified_gmt":"2026-02-04T13:37:47","slug":"magwell-kmr-l-02-alu-brass","status":"publish","type":"product","link":"https:\/\/nbg.eu\/fi\/tuote\/magwell-kmr-l-02-alu-brass\/","title":{"rendered":"Magwell KMR L-02 Messinginen"},"content":{"rendered":"<h2>Magwell KMR L-02 Messinki: Tarkkuusase p\u00e4ivitys KMR-alustoille<\/h2>\n<p>Esittelemme Magwell KMR L-02 Messingin, premium-tuotteen, joka on suunniteltu parantamaan KMR-yhteensopivien aseiden suorituskyky\u00e4 ja toiminnallisuutta. T\u00e4m\u00e4 messinkinen komponentti on valmistettu tarkasti ja huolellisesti, ja se on suunniteltu sulautumaan saumattomasti KMR-alustaan tarjoten tyylikk\u00e4\u00e4n ja kest\u00e4v\u00e4n p\u00e4ivityksen.<\/p>\n<p>Valmistettu korkealaatuisesta messingist\u00e4, Magwell KMR L-02 Messinki tarjoaa erinomaisen kest\u00e4vyyden ja premium-esteettisen ilmeen, joka kohottaa aseesi ulkon\u00e4k\u00f6\u00e4. Sen tyylik\u00e4s suunnittelu ja saumaton integrointi takaavat sujuvan ja huomaamattoman p\u00e4ivityksen, joka mahdollistaa sinulle tutun suorituskyvyn ja k\u00e4sitelt\u00e4vyyden KMR-alustallasi.<\/p>\n<p>Ase KMR<\/p>\n<p>KMR L-02 EMIQ<\/p>\n<p>KMR L-02 EMIQ (OR)<\/p>\n<p>KMR L-02 ORCA VUOTEEN 2023 SAAKKA<\/p>\n<p>KMR L-02 SPECTRA VUOTEEN 2023 SAAKKA<\/p>\n<p>Viite 0531-01101-0316<\/p>\n","protected":false},"excerpt":{"rendered":"<p>Magwell KMR L-02 Messinkinen aseiden KMR-mallia varten<\/p>\n","protected":false},"featured_media":720247,"template":"","meta":{"_acf_changed":false},"product_brand":[11494],"product_cat":[14979,13195,13171],"product_tag":[],"class_list":{"0":"post-692366","1":"product","2":"type-product","3":"status-publish","4":"has-post-thumbnail","6":"product_brand-kmr-precision","7":"product_cat-pistol-magwells-fi","8":"product_cat-pistooli","9":"product_cat-pistoolin-osat","11":"first","12":"outofstock","13":"taxable","14":"shipping-taxable","15":"product-type-simple"},"acf":[],"_links":{"self":[{"href":"https:\/\/nbg.eu\/fi\/wp-json\/wp\/v2\/product\/692366","targetHints":{"allow":["GET"]}}],"collection":[{"href":"https:\/\/nbg.eu\/fi\/wp-json\/wp\/v2\/product"}],"about":[{"href":"https:\/\/nbg.eu\/fi\/wp-json\/wp\/v2\/types\/product"}],"wp:featuredmedia":[{"embeddable":true,"href":"https:\/\/nbg.eu\/fi\/wp-json\/wp\/v2\/media\/720247"}],"wp:attachment":[{"href":"https:\/\/nbg.eu\/fi\/wp-json\/wp\/v2\/media?parent=692366"}],"wp:term":[{"taxonomy":"product_brand","embeddable":true,"href":"https:\/\/nbg.eu\/fi\/wp-json\/wp\/v2\/product_brand?post=692366"},{"taxonomy":"product_cat","embeddable":true,"href":"https:\/\/nbg.eu\/fi\/wp-json\/wp\/v2\/product_cat?post=692366"},{"taxonomy":"product_tag","embeddable":true,"href":"https:\/\/nbg.eu\/fi\/wp-json\/wp\/v2\/product_tag?post=692366"}],"curies":[{"name":"wp","href":"https:\/\/api.w.org\/{rel}","templated":true}]}}