{"id":692397,"date":"2024-08-18T11:19:05","date_gmt":"2024-08-18T08:19:05","guid":{"rendered":"https:\/\/nbg.eu\/product\/mag-release-button-screw-m3x6-iso-14581-kmr\/"},"modified":"2026-05-13T16:03:49","modified_gmt":"2026-05-13T13:03:49","slug":"mag-release-button-screw-m3x6-iso-14581-kmr","status":"publish","type":"product","link":"https:\/\/nbg.eu\/fi\/tuote\/mag-release-button-screw-m3x6-iso-14581-kmr\/","title":{"rendered":"KMR Lippaan Vapautuspainikkeen Ruuvi M3x6 ISO 14581"},"content":{"rendered":"<h2>Patruunan vapautuspainikkeen ruuvi M3X6 Iso 14581 KMR<\/h2>\n<p>T\u00e4m\u00e4 patruunan vapautuspainikkeen ruuvi M3X6 Iso 14581 on olennainen osa laajaa valikoimaa KMR-aseita. Valmistettu vastaamaan ISO 14581 -standardeja, t\u00e4m\u00e4 ruuvi varmistaa turvallisen ja luotettavan yhteyden patruunan vapautuspainikkeeseen, mahdollistaen sujuvan aseen toiminnan ja huollon. Ominaisuuksiltaan M3x6-kokoinen, t\u00e4m\u00e4 lis\u00e4varuste on v\u00e4ltt\u00e4m\u00e4t\u00f6n kaikille, jotka huoltavat tai p\u00e4ivitt\u00e4v\u00e4t KMR-yhteensopivia ampuma-aseitaan.<\/p>\n<\/p>\n<p>Aseille KMR<\/p>\n<\/p>\n<p>KMR L-02 EMIQ<\/p>\n<\/p>\n<p>KMR L-02 EMIQ (OR)<\/p>\n<\/p>\n<p>KMR L-02 ORCA vuodesta 2024 l\u00e4htien<\/p>\n<\/p>\n<p>KMR L-02 ORCA vuoteen 2023 asti<\/p>\n<\/p>\n<p>KMR L-02 SPECTRA vuodesta 2024 l\u00e4htien<\/p>\n<\/p>\n<p>KMR L-02 SPECTRA vuoteen 2023 asti<\/p>\n<\/p>\n<p>KMR L-02 UMBRA (OR) SR<\/p>\n<\/p>\n<p>KMR S-01 LANCE (OR)<\/p>\n<\/p>\n<p>KMR S-02 vuodesta 2024 l\u00e4htien<\/p>\n<\/p>\n<p>KMR S-02 vuoteen 2023 asti<\/p>\n<\/p>\n<p>KMR W-02 CUDA (OR)<\/p>\n<\/p>\n<p>KMR W-02 UMBRA<\/p>\n<\/p>\n<p>KMR W-02 UMBRA (OR<\/p>\n","protected":false},"excerpt":{"rendered":"<p>Magneetinvapauttamispainikkeen ruuvi M3X6 Iso 14581 KMR erilaisille KMR-aseille.<\/p>\n","protected":false},"featured_media":25473,"template":"","meta":{"_acf_changed":false},"product_brand":[11494],"product_cat":[13175],"product_tag":[],"class_list":{"0":"post-692397","1":"product","2":"type-product","3":"status-publish","4":"has-post-thumbnail","6":"product_brand-kmr-precision","7":"product_cat-kmr-osat","9":"first","10":"instock","11":"taxable","12":"shipping-taxable","13":"product-type-simple"},"acf":[],"_links":{"self":[{"href":"https:\/\/nbg.eu\/fi\/wp-json\/wp\/v2\/product\/692397","targetHints":{"allow":["GET"]}}],"collection":[{"href":"https:\/\/nbg.eu\/fi\/wp-json\/wp\/v2\/product"}],"about":[{"href":"https:\/\/nbg.eu\/fi\/wp-json\/wp\/v2\/types\/product"}],"wp:featuredmedia":[{"embeddable":true,"href":"https:\/\/nbg.eu\/fi\/wp-json\/wp\/v2\/media\/25473"}],"wp:attachment":[{"href":"https:\/\/nbg.eu\/fi\/wp-json\/wp\/v2\/media?parent=692397"}],"wp:term":[{"taxonomy":"product_brand","embeddable":true,"href":"https:\/\/nbg.eu\/fi\/wp-json\/wp\/v2\/product_brand?post=692397"},{"taxonomy":"product_cat","embeddable":true,"href":"https:\/\/nbg.eu\/fi\/wp-json\/wp\/v2\/product_cat?post=692397"},{"taxonomy":"product_tag","embeddable":true,"href":"https:\/\/nbg.eu\/fi\/wp-json\/wp\/v2\/product_tag?post=692397"}],"curies":[{"name":"wp","href":"https:\/\/api.w.org\/{rel}","templated":true}]}}