{"id":692427,"date":"2024-09-17T08:06:19","date_gmt":"2024-09-17T05:06:19","guid":{"rendered":"https:\/\/nbg.eu\/product\/main-spring-strut-kmr-l\/"},"modified":"2026-05-13T16:04:34","modified_gmt":"2026-05-13T13:04:34","slug":"main-spring-strut-kmr-l","status":"publish","type":"product","link":"https:\/\/nbg.eu\/fi\/tuote\/main-spring-strut-kmr-l\/","title":{"rendered":"KMR P\u00e4\u00e4jousen Tukirunko L"},"content":{"rendered":"<h2>P\u00e4\u00e4runkojousen tukiruuvi KMR L &#8211; Luotettava jousituksen p\u00e4ivitys Weapons KMR -alustaan<\/h2>\n<p>P\u00e4\u00e4runkojousen tukiruuvi KMR L on korkealaatuinen jousituskomponentti, joka on suunniteltu tarjoamaan tasaisen ja luotettavan ajon Weapons KMR -alustoille. Kest\u00e4v\u00e4n rakenteensa ja edistyneen suunnittelunsa ansiosta t\u00e4m\u00e4 tukiruuvi on olennainen p\u00e4ivitys k\u00e4ytt\u00e4jille, jotka etsiv\u00e4t parempaa suorituskyky\u00e4 ja vakautta.<\/p>\n<p>Tarkkuusinsin\u00f6\u00f6rity\u00f6: Tarkasti suunniteltu P\u00e4\u00e4runkojousen tukiruuvi KMR L tarjoaa tasaisen ja luotettavan suorituskyvyn, varmistaen vakaan ja hallitun ajon jopa vaativissa olosuhteissa. Tukiruuvin edistynyt suunnittelu ja korkealaatuiset materiaalit tekev\u00e4t siit\u00e4 kest\u00e4v\u00e4n ja pitk\u00e4ik\u00e4isen ratkaisun Weapons KMR -alustaasi.<\/p>\n<p>Weapons KMR -alustalle<\/p>\n<p>KMR L-02 EMIQ<\/p>\n<p>KMR L-02 EMIQ (TAI)<\/p>\n<p>KMR L-02 ORCA VUODESTA 2024<\/p>\n<p>KMR L-02 ORCA VUOTEEN 2023 SAAKKA<\/p>\n<p>KMR L-02 SPECTRA VUODESTA 2024<\/p>\n<p>KMR L-02 SPECTRA VUOTEEN 2023 SAAKKA<\/p>\n<p>KMR L-02 UMBRA (TAI) SR<\/p>\n","protected":false},"excerpt":{"rendered":"<p>P\u00e4\u00e4vy\u00f6rytukiruuvi KMR L KMR-sarjan aseille<\/p>\n","protected":false},"featured_media":25588,"template":"","meta":{"_acf_changed":false},"product_brand":[11494],"product_cat":[13193,13175],"product_tag":[],"class_list":{"0":"post-692427","1":"product","2":"type-product","3":"status-publish","4":"has-post-thumbnail","6":"product_brand-kmr-precision","7":"product_cat-jouset","8":"product_cat-kmr-osat","10":"first","11":"instock","12":"taxable","13":"shipping-taxable","14":"product-type-simple"},"acf":[],"_links":{"self":[{"href":"https:\/\/nbg.eu\/fi\/wp-json\/wp\/v2\/product\/692427","targetHints":{"allow":["GET"]}}],"collection":[{"href":"https:\/\/nbg.eu\/fi\/wp-json\/wp\/v2\/product"}],"about":[{"href":"https:\/\/nbg.eu\/fi\/wp-json\/wp\/v2\/types\/product"}],"wp:featuredmedia":[{"embeddable":true,"href":"https:\/\/nbg.eu\/fi\/wp-json\/wp\/v2\/media\/25588"}],"wp:attachment":[{"href":"https:\/\/nbg.eu\/fi\/wp-json\/wp\/v2\/media?parent=692427"}],"wp:term":[{"taxonomy":"product_brand","embeddable":true,"href":"https:\/\/nbg.eu\/fi\/wp-json\/wp\/v2\/product_brand?post=692427"},{"taxonomy":"product_cat","embeddable":true,"href":"https:\/\/nbg.eu\/fi\/wp-json\/wp\/v2\/product_cat?post=692427"},{"taxonomy":"product_tag","embeddable":true,"href":"https:\/\/nbg.eu\/fi\/wp-json\/wp\/v2\/product_tag?post=692427"}],"curies":[{"name":"wp","href":"https:\/\/api.w.org\/{rel}","templated":true}]}}