{"id":692564,"date":"2024-08-17T14:54:00","date_gmt":"2024-08-17T11:54:00","guid":{"rendered":"https:\/\/nbg.eu\/product\/mag-release-button-wide-kmr-alu-black\/"},"modified":"2026-05-13T15:58:16","modified_gmt":"2026-05-13T12:58:16","slug":"mag-release-button-wide-kmr-alu-black","status":"publish","type":"product","link":"https:\/\/nbg.eu\/fi\/tuote\/mag-release-button-wide-kmr-alu-black\/","title":{"rendered":"KMR Lippaan Vapautuspainike Leve\u00e4 ALU Musta"},"content":{"rendered":"<h2>Mag Release Button Wide \u2013 KMR Alumiini, Musta<\/h2>\n<p>Vapauta salamannopeat lipasmuutokset KMR Alumiinin Mag Release Button Widella. T\u00e4m\u00e4 lipastenavauspainike on valmistettu kevyest\u00e4 lentokonealumiinista ja siin\u00e4 on leve\u00e4, ylisuuri kosketuspinta, joka maksimoi peukalon kontaktin varmistaen positiivisen aktivoinnin jopa kaikkein vaativimmissa olosuhteissa.<\/p>\n<p>Aggressiivinen, liukueton pintakuvio tarjoaa tukevan otteen, kun taas musta anodisoitu pinnoite antaa taktisen ja siistin ulkon\u00e4\u00f6n. Suunniteltu minimoimaan siirtymisaikaa kilpailuk\u00e4ytt\u00f6\u00f6n tarkoitetuissa IPSC\/USPSA-ammunnoissa, leve\u00e4 profiili mahdollistaa lippaiden pudottamisen siirt\u00e4m\u00e4tt\u00e4 p\u00e4\u00e4otetta, merkitt\u00e4v\u00e4sti parantaen latausten nopeutta.<\/p>\n<p>Oli kyse sitten kilpailuharjoittelusta tai puolustustaitojen hiomisesta, Mag Release Button Wide KMR Alumiinista on paras p\u00e4ivitys aseeseesi, tarjoten parannetun ergonomisen ulottuvuuden ja vertaansa vailla olevan suorituskyvyn silloin, kun se on t\u00e4rkeint\u00e4.<\/p>\n","protected":false},"excerpt":{"rendered":"<p>Ylikokoinen lipasvapauttimen painike nopeisiin lipasvaihtoihin.<\/p>\n","protected":false},"featured_media":23846,"template":"","meta":{"_acf_changed":false},"product_brand":[11494],"product_cat":[13175],"product_tag":[],"class_list":{"0":"post-692564","1":"product","2":"type-product","3":"status-publish","4":"has-post-thumbnail","6":"product_brand-kmr-precision","7":"product_cat-kmr-osat","9":"first","10":"instock","11":"taxable","12":"shipping-taxable","13":"product-type-simple"},"acf":[],"_links":{"self":[{"href":"https:\/\/nbg.eu\/fi\/wp-json\/wp\/v2\/product\/692564","targetHints":{"allow":["GET"]}}],"collection":[{"href":"https:\/\/nbg.eu\/fi\/wp-json\/wp\/v2\/product"}],"about":[{"href":"https:\/\/nbg.eu\/fi\/wp-json\/wp\/v2\/types\/product"}],"wp:featuredmedia":[{"embeddable":true,"href":"https:\/\/nbg.eu\/fi\/wp-json\/wp\/v2\/media\/23846"}],"wp:attachment":[{"href":"https:\/\/nbg.eu\/fi\/wp-json\/wp\/v2\/media?parent=692564"}],"wp:term":[{"taxonomy":"product_brand","embeddable":true,"href":"https:\/\/nbg.eu\/fi\/wp-json\/wp\/v2\/product_brand?post=692564"},{"taxonomy":"product_cat","embeddable":true,"href":"https:\/\/nbg.eu\/fi\/wp-json\/wp\/v2\/product_cat?post=692564"},{"taxonomy":"product_tag","embeddable":true,"href":"https:\/\/nbg.eu\/fi\/wp-json\/wp\/v2\/product_tag?post=692564"}],"curies":[{"name":"wp","href":"https:\/\/api.w.org\/{rel}","templated":true}]}}