{"id":692631,"date":"2025-03-07T13:29:53","date_gmt":"2025-03-07T10:29:53","guid":{"rendered":"https:\/\/nbg.eu\/product\/nitehog-18650-rechargeable-battery\/"},"modified":"2026-05-13T16:02:19","modified_gmt":"2026-05-13T13:02:19","slug":"nitehog-18650-rechargeable-battery","status":"publish","type":"product","link":"https:\/\/nbg.eu\/fi\/tuote\/nitehog-18650-rechargeable-battery\/","title":{"rendered":"Nitehog 18650 Rechargeable Battery"},"content":{"rendered":"<h2>Nitehog 18650 ladattava Li-ion-akku: Luotettava virtal\u00e4hde l\u00e4mp\u00f6kuvaukseen ja y\u00f6n\u00e4k\u00f6\u00f6n<\/h2>\n<p>Vapauta Nitehog-l\u00e4mp\u00f6kuvaukseen ja y\u00f6n\u00e4k\u00f6laitteisiin t\u00e4ysi potentiaali Nitehog 18650 ladattavan Li-ion-akun avulla. T\u00e4m\u00e4 akku tarjoaa tyypillisesti 3500mAh:n suuren kapasiteetin ja tarvittavan tasaisen, suuren purkuvirran tehokkaiden digitaalisten antureiden ja l\u00e4mp\u00f6ydinten k\u00e4ytt\u00f6\u00f6n.<\/p>\n<p>Optimaalista suorituskyky\u00e4 varten Nitehog 18650 -akussa on 3,7 V:n nimellisj\u00e4nnite ja integroitu suojauspiiri (PCB), joka est\u00e4\u00e4 yllatauksen ja syv\u00e4n purkautumisen. T\u00e4m\u00e4 turvatoiminto varmistaa maksimipitoi\u00e4n ja -turvallisuuden, jotta voit luottaa t\u00e4h\u00e4n virtal\u00e4hteeseen pitkiss\u00e4 y\u00f6mets\u00e4styskausissa tai taktisissa toimissa.<\/p>\n<p>Riippumatta siit\u00e4, j\u00e4ljit\u00e4tk\u00f6 saalista luonnossa vai suoritat salaper\u00e4isi\u00e4 toimia, Nitehog 18650 ladattava akku tarjoaa luotettavan ja suuren kapasiteetin, jota laitteesi tarvitsevat. Koe keskeytym\u00e4t\u00f6n suorituskyky ja suojatun rakenteen tuoma varmuus, joka tekee siit\u00e4 t\u00e4ydellisen kumppanin Nitehog-l\u00e4mp\u00f6kuvaus- ja y\u00f6n\u00e4k\u00f6laitteilleesi.<\/p>\n","protected":false},"excerpt":{"rendered":"<p>Nitehog 18650 ladattava Li-ion-akku: Suuri kapasiteetti ja luotettava virtal\u00e4hde l\u00e4mp\u00f6- ja y\u00f6n\u00e4k\u00f6laitteihin.<\/p>\n","protected":false},"featured_media":246175,"template":"","meta":{"_acf_changed":false},"product_brand":[11592],"product_cat":[13196,13236,13176,13201],"product_tag":[],"class_list":{"0":"post-692631","1":"product","2":"type-product","3":"status-publish","4":"has-post-thumbnail","6":"product_brand-nitehog","7":"product_cat-laempoekamera","8":"product_cat-paristot","9":"product_cat-taehtaeaeminen","10":"product_cat-taehtaeyksen-lisaevarusteet","12":"first","13":"instock","14":"taxable","15":"shipping-taxable","16":"purchasable","17":"product-type-simple"},"acf":[],"_links":{"self":[{"href":"https:\/\/nbg.eu\/fi\/wp-json\/wp\/v2\/product\/692631","targetHints":{"allow":["GET"]}}],"collection":[{"href":"https:\/\/nbg.eu\/fi\/wp-json\/wp\/v2\/product"}],"about":[{"href":"https:\/\/nbg.eu\/fi\/wp-json\/wp\/v2\/types\/product"}],"wp:featuredmedia":[{"embeddable":true,"href":"https:\/\/nbg.eu\/fi\/wp-json\/wp\/v2\/media\/246175"}],"wp:attachment":[{"href":"https:\/\/nbg.eu\/fi\/wp-json\/wp\/v2\/media?parent=692631"}],"wp:term":[{"taxonomy":"product_brand","embeddable":true,"href":"https:\/\/nbg.eu\/fi\/wp-json\/wp\/v2\/product_brand?post=692631"},{"taxonomy":"product_cat","embeddable":true,"href":"https:\/\/nbg.eu\/fi\/wp-json\/wp\/v2\/product_cat?post=692631"},{"taxonomy":"product_tag","embeddable":true,"href":"https:\/\/nbg.eu\/fi\/wp-json\/wp\/v2\/product_tag?post=692631"}],"curies":[{"name":"wp","href":"https:\/\/api.w.org\/{rel}","templated":true}]}}