{"id":692943,"date":"2024-11-02T11:43:26","date_gmt":"2024-11-02T08:43:26","guid":{"rendered":"https:\/\/nbg.eu\/product\/norma-308-win-whitetail-150gr-soft-point-hunting-ammo\/"},"modified":"2026-05-13T16:03:40","modified_gmt":"2026-05-13T13:03:40","slug":"norma-308-win-whitetail-150gr-soft-point-hunting-ammo","status":"publish","type":"product","link":"https:\/\/nbg.eu\/fi\/tuote\/norma-308-win-whitetail-150gr-soft-point-hunting-ammo\/","title":{"rendered":"NORMA .308 Win Whitetail 150gr Soft Point Hunting Ammo"},"content":{"rendered":"<div class=\"product-description\">\n<h2>NORMA cal. .308 Win SP Whitetail 9,7 g\/150 gr<\/h2>\n<p>Koe vastustamaton tarkkuus ja suorituskyky NORMAN .308 Win SP Whitetail -patruunoilla. T\u00e4m\u00e4 150 gr (9,7 g) Soft Point -kuula tarjoaa:<\/p>\n<ul>\n<li>Erinomainen tarkkuus hirvi- ja riistanmets\u00e4stykseen<\/li>\n<li>Litte\u00e4 rakenne tasaisen suorituskyvyn takaamiseksi<\/li>\n<li>Paljastunut lyijyk\u00e4rkinen nopean laajenemisen mahdollistamiseksi<\/li>\n<li>Syv\u00e4 tunkeutuminen ja tehokas energian siirtyminen<\/li>\n<\/ul>\n<h3>Keskeiset tekniset tiedot:<\/h3>\n<ul>\n<li>Tuotenumero: 20177382<\/li>\n<li>Kaliiperi: .308 Win<\/li>\n<li>Paino: 9,7 g\/150 gr<\/li>\n<li>Ballistinen kerroin (G1): 0,274<\/li>\n<li>Suulinopeus (V0): 850 m\/s<\/li>\n<\/ul>\n<p>Valmistettu \u00c5motforsissa, Ruotsissa, NORMAN tunnetulla tarkkuudella ja korkealaatuisilla latiskuilla, t\u00e4m\u00e4 patruuna takaa erinomaisen tasaisuuden ja erinomaiset uudelleenlatausominaisuudet.<\/p>\n<\/div>\n<div class=\"panel panel--no-padding\">\n<div class=\"panel__inner\">\n<table class=\"ballistic-table\">\n<thead>\n<tr>\n<th scope=\"col\"><\/th>\n<th scope=\"col\">50 yd<\/th>\n<th scope=\"col\">75 yd<\/th>\n<th scope=\"col\">100 yd<\/th>\n<th scope=\"col\">150 yd<\/th>\n<th scope=\"col\">200 yd<\/th>\n<th scope=\"col\">300 yd<\/th>\n<\/tr>\n<\/thead>\n<tbody>\n<tr>\n<th scope=\"row\">50<\/th>\n<td><\/td>\n<td>0<\/td>\n<td>0,4<\/td>\n<td>-0,7<\/td>\n<td>-3,3<\/td>\n<td>-14,4<\/td>\n<\/tr>\n<tr>\n<th scope=\"row\">100<\/th>\n<td>-0,2<\/td>\n<td>&#8211;<\/td>\n<td><\/td>\n<td>-1,2<\/td>\n<td>-4<\/td>\n<td>-15,5<\/td>\n<\/tr>\n<tr>\n<th scope=\"row\">150<\/th>\n<td>0,2<\/td>\n<td>&#8211;<\/td>\n<td>0,8<\/td>\n<td><\/td>\n<td>-2,4<\/td>\n<td>-13<\/td>\n<\/tr>\n<tr>\n<th scope=\"row\">200<\/th>\n<td>0,8<\/td>\n<td>&#8211;<\/td>\n<td>2<\/td>\n<td>1,8<\/td>\n<td><\/td>\n<td>-9,4<\/td>\n<\/tr>\n<\/tbody>\n<\/table>\n<\/div>\n<\/div>\n","protected":false},"excerpt":{"rendered":"<p>NORMA .308 Win SP Whitetail: Tarkka, tehokas hirven mets\u00e4styspatruuna.<\/p>\n","protected":false},"featured_media":76624,"template":"","meta":{"_acf_changed":false},"product_brand":[14476],"product_cat":[13228],"product_tag":[],"class_list":{"0":"post-692943","1":"product","2":"type-product","3":"status-publish","4":"has-post-thumbnail","6":"product_brand-norma-precision","7":"product_cat-ammukset","9":"first","10":"instock","11":"taxable","12":"shipping-taxable","13":"purchasable","14":"product-type-simple"},"acf":[],"_links":{"self":[{"href":"https:\/\/nbg.eu\/fi\/wp-json\/wp\/v2\/product\/692943","targetHints":{"allow":["GET"]}}],"collection":[{"href":"https:\/\/nbg.eu\/fi\/wp-json\/wp\/v2\/product"}],"about":[{"href":"https:\/\/nbg.eu\/fi\/wp-json\/wp\/v2\/types\/product"}],"wp:featuredmedia":[{"embeddable":true,"href":"https:\/\/nbg.eu\/fi\/wp-json\/wp\/v2\/media\/76624"}],"wp:attachment":[{"href":"https:\/\/nbg.eu\/fi\/wp-json\/wp\/v2\/media?parent=692943"}],"wp:term":[{"taxonomy":"product_brand","embeddable":true,"href":"https:\/\/nbg.eu\/fi\/wp-json\/wp\/v2\/product_brand?post=692943"},{"taxonomy":"product_cat","embeddable":true,"href":"https:\/\/nbg.eu\/fi\/wp-json\/wp\/v2\/product_cat?post=692943"},{"taxonomy":"product_tag","embeddable":true,"href":"https:\/\/nbg.eu\/fi\/wp-json\/wp\/v2\/product_tag?post=692943"}],"curies":[{"name":"wp","href":"https:\/\/api.w.org\/{rel}","templated":true}]}}