{"id":693150,"date":"2024-08-18T11:29:17","date_gmt":"2024-08-18T08:29:17","guid":{"rendered":"https:\/\/nbg.eu\/product\/recoil-spring-guide-kmr-45-stainless\/"},"modified":"2026-02-06T18:00:05","modified_gmt":"2026-02-06T15:00:05","slug":"recoil-spring-guide-kmr-45-stainless","status":"publish","type":"product","link":"https:\/\/nbg.eu\/fi\/tuote\/recoil-spring-guide-kmr-45-stainless\/","title":{"rendered":"Luistinohjain KMR 4,5&#8243; ruostumaton ter\u00e4s"},"content":{"rendered":"<h2>Recoil Spring Guide KMR 4,5&#8243; Ruostumaton ter\u00e4s<\/h2>\n<p>Recoil Spring Guide KMR 4,5&#8243; Ruostumaton ter\u00e4s on korkealaatuinen lis\u00e4varuste, joka on suunniteltu KMR-sarjan aseille. T\u00e4m\u00e4 kest\u00e4v\u00e4 ruostumattomasta ter\u00e4ksest\u00e4 valmistettu komponentti on v\u00e4ltt\u00e4m\u00e4t\u00f6n aseen sujuvan toiminnan ja luotettavuuden yll\u00e4pit\u00e4miseksi.<\/p>\n<p>Kest\u00e4vyys: Valmistettu korkealuokkaisesta ruostumattomasta ter\u00e4ksest\u00e4, t\u00e4m\u00e4 jousi-iskurin ohjain on suunniteltu kest\u00e4m\u00e4\u00e4n s\u00e4\u00e4nn\u00f6llisen k\u00e4yt\u00f6n rasitukset. Se on korroosionkest\u00e4v\u00e4 ja rakennettu kest\u00e4m\u00e4\u00e4n, mik\u00e4 varmistaa, ett\u00e4 ase jatkaa parhaalla mahdollisella tavalla toimimista.<\/p>\n<p>Helppok\u00e4ytt\u00f6isyys: KMR-aseen p\u00e4ivitt\u00e4minen Recoil Spring Guide KMR 4,5&#8243; Ruostumaton ter\u00e4s -osalla on suoraviivainen prosessi, mik\u00e4 tekee siit\u00e4 k\u00e4tev\u00e4n vaihtoehdon sek\u00e4 kokeneille ett\u00e4 aloitteleville aseiden omistajille.<\/p>\n<p>K\u00e4ytt\u00f6kohteena KMR-aseet:<\/p>\n<p>KMR L-02 UMBRA vuodesta 2024<\/p>\n<p>KMR L-02 UMBRA vuoteen 2023<\/p>\n<p>KMR W-02 UMBRA<\/p>\n<p>KMR W-02 UMBRA (OR)<\/p>\n","protected":false},"excerpt":{"rendered":"<p>Uudelleenk\u00e4ynnistyksen jousilaite KMR 4,5&#8243; ruostumaton ter\u00e4s aseille KMR L-02 UMBRA, KMR W-02 UMBRA.<\/p>\n","protected":false},"featured_media":25635,"template":"","meta":{"_acf_changed":false},"product_brand":[11494],"product_cat":[13193,13175],"product_tag":[],"class_list":{"0":"post-693150","1":"product","2":"type-product","3":"status-publish","4":"has-post-thumbnail","6":"product_brand-kmr-precision","7":"product_cat-jouset","8":"product_cat-kmr-osat","10":"first","11":"instock","12":"taxable","13":"shipping-taxable","14":"product-type-simple"},"acf":[],"_links":{"self":[{"href":"https:\/\/nbg.eu\/fi\/wp-json\/wp\/v2\/product\/693150","targetHints":{"allow":["GET"]}}],"collection":[{"href":"https:\/\/nbg.eu\/fi\/wp-json\/wp\/v2\/product"}],"about":[{"href":"https:\/\/nbg.eu\/fi\/wp-json\/wp\/v2\/types\/product"}],"wp:featuredmedia":[{"embeddable":true,"href":"https:\/\/nbg.eu\/fi\/wp-json\/wp\/v2\/media\/25635"}],"wp:attachment":[{"href":"https:\/\/nbg.eu\/fi\/wp-json\/wp\/v2\/media?parent=693150"}],"wp:term":[{"taxonomy":"product_brand","embeddable":true,"href":"https:\/\/nbg.eu\/fi\/wp-json\/wp\/v2\/product_brand?post=693150"},{"taxonomy":"product_cat","embeddable":true,"href":"https:\/\/nbg.eu\/fi\/wp-json\/wp\/v2\/product_cat?post=693150"},{"taxonomy":"product_tag","embeddable":true,"href":"https:\/\/nbg.eu\/fi\/wp-json\/wp\/v2\/product_tag?post=693150"}],"curies":[{"name":"wp","href":"https:\/\/api.w.org\/{rel}","templated":true}]}}