{"id":693585,"date":"2025-03-07T20:56:56","date_gmt":"2025-03-07T17:56:56","guid":{"rendered":"https:\/\/nbg.eu\/product\/rusan-modular-qr-adapter-for-guide-arta435\/"},"modified":"2026-05-13T16:01:23","modified_gmt":"2026-05-13T13:01:23","slug":"rusan-modular-qr-adapter-for-guide-arta435","status":"publish","type":"product","link":"https:\/\/nbg.eu\/fi\/tuote\/rusan-modular-qr-adapter-for-guide-arta435\/","title":{"rendered":"Rusan Modular QR Adapter for Guide | ARTA435"},"content":{"rendered":"<h2>Rusan Modular QR -sovitin ARTA435-optiikalille<\/h2>\n<p>Paranna tarkkuust\u00e4ht\u00e4\u00e4mist\u00e4si Rusan Modular QR -sovittimella ARTA435-optiikalle. T\u00e4m\u00e4 pikakiinnitysratkaisu (QR) on suunniteltu k\u00e4ytett\u00e4v\u00e4ksi Guide-l\u00e4mp\u00f6kamera-attachmenttien kanssa, tarjoten ennenn\u00e4kem\u00e4tt\u00f6m\u00e4n k\u00e4yt\u00e4nn\u00f6llisyyden ja toistettavuuden.<\/p>\n<p>Sovittimessa on M52x0,75-sis\u00e4kierre, ja se k\u00e4ytt\u00e4\u00e4 kest\u00e4v\u00e4\u00e4 pikakiinnitysvipu-j\u00e4rjestelm\u00e4\u00e4, mik\u00e4 mahdollistaa l\u00e4mp\u00f6kamera-attachmentin nopeaT kiinnitt\u00e4misen ja irrottamisen ilman aseen suuntaamisen muuttumista. Modulaarinen rakenne tarjoaa turvallisen, j\u00e4nnitett\u00e4 s\u00e4\u00e4dett\u00e4v\u00e4n lukituksen, joka s\u00e4ilytt\u00e4\u00e4 tarkkuuden jopa vaativimmissa olosuhteissa.<\/p>\n<p>Rusan Modular QR -sovitin on valmistettu korkealaatuisesta alumiinista, ja se on suunniteltu kest\u00e4m\u00e4\u00e4n kentt\u00e4k\u00e4ytt\u00f6\u00e4. Sen yhteensopivuus Rusan ARADA-renkaiden kanssa lis\u00e4\u00e4 entisest\u00e4\u00e4n j\u00e4rjestelm\u00e4n monipuolisuutta, mahdollistaen r\u00e4\u00e4t\u00e4l\u00f6idyn ratkaisun omiin tarpeisiisi.<\/p>\n<p>Nauti hiljaisesta, ty\u00f6kaluvapaasta k\u00e4yt\u00f6st\u00e4 Rusan Modular QR -sovittimen kanssa. Paranna suorituskyky\u00e4si ja hy\u00f6dynn\u00e4 t\u00e4ysi potentiaali Guide-l\u00e4mp\u00f6kamera-attachmenttien kanssa t\u00e4ll\u00e4 innovatiivisella kiinnitysratkaisulla.<\/p>\n","protected":false},"excerpt":{"rendered":"<p>Tarkan QR-kiinnitys l\u00e4mp\u00f6oheisteit\u00e4 varten. M52x0,75 kierre, modulaarinen, korkealaatuista alumiinia.<\/p>\n","protected":false},"featured_media":248594,"template":"","meta":{"_acf_changed":false},"product_brand":[11686],"product_cat":[13196,13176,13201],"product_tag":[],"class_list":{"0":"post-693585","1":"product","2":"type-product","3":"status-publish","4":"has-post-thumbnail","6":"product_brand-rusan","7":"product_cat-laempoekamera","8":"product_cat-taehtaeaeminen","9":"product_cat-taehtaeyksen-lisaevarusteet","11":"first","12":"outofstock","13":"taxable","14":"shipping-taxable","15":"purchasable","16":"product-type-variable","17":"wvs-archive-product-wrapper"},"acf":[],"_links":{"self":[{"href":"https:\/\/nbg.eu\/fi\/wp-json\/wp\/v2\/product\/693585","targetHints":{"allow":["GET"]}}],"collection":[{"href":"https:\/\/nbg.eu\/fi\/wp-json\/wp\/v2\/product"}],"about":[{"href":"https:\/\/nbg.eu\/fi\/wp-json\/wp\/v2\/types\/product"}],"wp:featuredmedia":[{"embeddable":true,"href":"https:\/\/nbg.eu\/fi\/wp-json\/wp\/v2\/media\/248594"}],"wp:attachment":[{"href":"https:\/\/nbg.eu\/fi\/wp-json\/wp\/v2\/media?parent=693585"}],"wp:term":[{"taxonomy":"product_brand","embeddable":true,"href":"https:\/\/nbg.eu\/fi\/wp-json\/wp\/v2\/product_brand?post=693585"},{"taxonomy":"product_cat","embeddable":true,"href":"https:\/\/nbg.eu\/fi\/wp-json\/wp\/v2\/product_cat?post=693585"},{"taxonomy":"product_tag","embeddable":true,"href":"https:\/\/nbg.eu\/fi\/wp-json\/wp\/v2\/product_tag?post=693585"}],"curies":[{"name":"wp","href":"https:\/\/api.w.org\/{rel}","templated":true}]}}