{"id":694134,"date":"2024-08-17T18:11:52","date_gmt":"2024-08-17T15:11:52","guid":{"rendered":"https:\/\/nbg.eu\/product\/safety-detent-plunger-spring-kmr\/"},"modified":"2026-05-13T16:03:31","modified_gmt":"2026-05-13T13:03:31","slug":"safety-detent-plunger-spring-kmr","status":"publish","type":"product","link":"https:\/\/nbg.eu\/fi\/tuote\/safety-detent-plunger-spring-kmr\/","title":{"rendered":"KMR Varmistimen M\u00e4nn\u00e4ntapin Jousi"},"content":{"rendered":"<h2>Turvalukituksen liipaisinjousi KMR<\/h2>\n<p>Varmista aseesi luotettava ja turvallinen suorituskyky Turvalukituksen liipaisinjousi KMR:n avulla.<\/p>\n<p>Turvalukituksen liipaisinjousi KMR on valmistettu tarkkuudella ja kest\u00e4vyys mieless\u00e4 pit\u00e4en. Se auttaa pit\u00e4m\u00e4\u00e4n aseesi turvaj\u00e4rjestelm\u00e4n asianmukaisessa toiminnassa. Sen luotettava rakenne takaa tasaisen ja johdonmukaisen toiminnan, v\u00e4hent\u00e4en n\u00e4in tahattomien laukausten riski\u00e4 ja parantaen yleist\u00e4 turvallisuutta k\u00e4yt\u00f6n aikana.<\/p>\n<p>Oletpa sitten p\u00e4ivitt\u00e4m\u00e4ss\u00e4 olemassa olevaa KMR-asettasi tai vaihtamassa kulunutta komponenttia, Turvalukituksen liipaisinjousi KMR on v\u00e4ltt\u00e4m\u00e4t\u00f6n lis\u00e4varuste aseesi eheyden ja suorituskyvyn yll\u00e4pit\u00e4miseksi. Sijoita t\u00e4h\u00e4n luotettavaan komponenttiin varmistaaksesi, ett\u00e4 aseesi turvallisuus ja toimivuus pysyv\u00e4t huipputasolla.<\/p>\n<p>Aseille KMR:<\/p>\n<p>KMR L-02 EMIQ<\/p>\n<p>KMR L-02 EMIQ (OR)<\/p>\n<p>KMR L-02 ORCA VUODESTA 2024<\/p>\n<p>KMR L-02 ORCA VUOTEEN 2023<\/p>\n<p>KMR L-02 SPECTRA VUODESTA 2024<\/p>\n<p>KMR L-02 SPECTRA VUOTEEN 2023<\/p>\n<p>KMR L-02 UMBRA (OR) SR<\/p>\n<p>KMR S-01 LANCE (OR)<\/p>\n<p>KMR S-02 VUODESTA 2024<\/p>\n<p>KMR S-02 VUOTEEN 2023<\/p>\n<p>KMR W-02 CUDA (OR)<\/p>\n<p>KMR W-02 UMBRA<\/p>\n<p>KMR W-02 UMBRA (OR)<\/p>\n","protected":false},"excerpt":{"rendered":"<p>Turvalokin jousiliipasin KMR-aseille.<\/p>\n","protected":false},"featured_media":24919,"template":"","meta":{"_acf_changed":false},"product_brand":[11494],"product_cat":[13193,13175],"product_tag":[],"class_list":{"0":"post-694134","1":"product","2":"type-product","3":"status-publish","4":"has-post-thumbnail","6":"product_brand-kmr-precision","7":"product_cat-jouset","8":"product_cat-kmr-osat","10":"first","11":"instock","12":"taxable","13":"shipping-taxable","14":"product-type-simple"},"acf":[],"_links":{"self":[{"href":"https:\/\/nbg.eu\/fi\/wp-json\/wp\/v2\/product\/694134","targetHints":{"allow":["GET"]}}],"collection":[{"href":"https:\/\/nbg.eu\/fi\/wp-json\/wp\/v2\/product"}],"about":[{"href":"https:\/\/nbg.eu\/fi\/wp-json\/wp\/v2\/types\/product"}],"wp:featuredmedia":[{"embeddable":true,"href":"https:\/\/nbg.eu\/fi\/wp-json\/wp\/v2\/media\/24919"}],"wp:attachment":[{"href":"https:\/\/nbg.eu\/fi\/wp-json\/wp\/v2\/media?parent=694134"}],"wp:term":[{"taxonomy":"product_brand","embeddable":true,"href":"https:\/\/nbg.eu\/fi\/wp-json\/wp\/v2\/product_brand?post=694134"},{"taxonomy":"product_cat","embeddable":true,"href":"https:\/\/nbg.eu\/fi\/wp-json\/wp\/v2\/product_cat?post=694134"},{"taxonomy":"product_tag","embeddable":true,"href":"https:\/\/nbg.eu\/fi\/wp-json\/wp\/v2\/product_tag?post=694134"}],"curies":[{"name":"wp","href":"https:\/\/api.w.org\/{rel}","templated":true}]}}