{"id":694146,"date":"2024-09-16T12:35:24","date_gmt":"2024-09-16T09:35:24","guid":{"rendered":"https:\/\/nbg.eu\/product\/safety-detent-plunger-right-kmr\/"},"modified":"2026-02-13T15:06:46","modified_gmt":"2026-02-13T12:06:46","slug":"safety-detent-plunger-right-kmr","status":"publish","type":"product","link":"https:\/\/nbg.eu\/fi\/tuote\/safety-detent-plunger-right-kmr\/","title":{"rendered":"Oikeanpuoleinen turvalukon liipaisinkytkin KMR"},"content":{"rendered":"<h2>Turvallisuuden siirtyv\u00e4 tulppa &#8211; Oikea KMR<\/h2>\n<p>Paranna KMR-asej\u00e4rjestelm\u00e4si turvallisuutta ja toiminnallisuutta Oikealla turvallisuuden siirtyv\u00e4ll\u00e4 tulpalla. Suunniteltu saumattomaan integrointiin, t\u00e4m\u00e4 tulppa tarjoaa turvallisen lukitusj\u00e4rjestelm\u00e4n tahattoman laukeamisen est\u00e4miseksi. Valmistettu tarkkuudella, tulppa on yhteensopiva laajan valikoiman KMR-mallien kanssa.<\/p>\n<p>Aseille KMR<\/p>\n<p>KMR L-02 EMIQ<\/p>\n<p>KMR L-02 EMIQ (OR)<\/p>\n<p>KMR L-02 ORCA VUOTEEN 2023 SAAKKA<\/p>\n<p>KMR L-02 SPECTRA VUOTEEN 2023 SAAKKA<\/p>\n<p>KMR L-02 UMBRA (OR) SR<\/p>\n<p>KMR S-01 LANCE (OR)<\/p>\n<p>KMR S-02 VUOTEEN 2023 SAAKKA<\/p>\n<p>KMR W-02 CUDA (OR)<\/p>\n<p>KMR W-02 UMBRA<\/p>\n<p>KMR W-02 UMBRA (OR)<\/p>\n<p>Viite 1130-00302-0401<\/p>\n","protected":false},"excerpt":{"rendered":"<p>Turvalukitus &#8211; Oikea KMR aseille KMR<\/p>\n","protected":false},"featured_media":25911,"template":"","meta":{"_acf_changed":false},"product_brand":[11494],"product_cat":[13175],"product_tag":[],"class_list":{"0":"post-694146","1":"product","2":"type-product","3":"status-publish","4":"has-post-thumbnail","6":"product_brand-kmr-precision","7":"product_cat-kmr-osat","9":"first","10":"instock","11":"taxable","12":"shipping-taxable","13":"product-type-simple"},"acf":[],"_links":{"self":[{"href":"https:\/\/nbg.eu\/fi\/wp-json\/wp\/v2\/product\/694146","targetHints":{"allow":["GET"]}}],"collection":[{"href":"https:\/\/nbg.eu\/fi\/wp-json\/wp\/v2\/product"}],"about":[{"href":"https:\/\/nbg.eu\/fi\/wp-json\/wp\/v2\/types\/product"}],"wp:featuredmedia":[{"embeddable":true,"href":"https:\/\/nbg.eu\/fi\/wp-json\/wp\/v2\/media\/25911"}],"wp:attachment":[{"href":"https:\/\/nbg.eu\/fi\/wp-json\/wp\/v2\/media?parent=694146"}],"wp:term":[{"taxonomy":"product_brand","embeddable":true,"href":"https:\/\/nbg.eu\/fi\/wp-json\/wp\/v2\/product_brand?post=694146"},{"taxonomy":"product_cat","embeddable":true,"href":"https:\/\/nbg.eu\/fi\/wp-json\/wp\/v2\/product_cat?post=694146"},{"taxonomy":"product_tag","embeddable":true,"href":"https:\/\/nbg.eu\/fi\/wp-json\/wp\/v2\/product_tag?post=694146"}],"curies":[{"name":"wp","href":"https:\/\/api.w.org\/{rel}","templated":true}]}}