{"id":694174,"date":"2024-08-18T12:14:07","date_gmt":"2024-08-18T09:14:07","guid":{"rendered":"https:\/\/nbg.eu\/product\/safety-detent-plunger-left-kmr\/"},"modified":"2026-05-13T16:02:59","modified_gmt":"2026-05-13T13:02:59","slug":"safety-detent-plunger-left-kmr","status":"publish","type":"product","link":"https:\/\/nbg.eu\/fi\/tuote\/safety-detent-plunger-left-kmr\/","title":{"rendered":"KMR Varmistimen M\u00e4nn\u00e4ntappi Vasen"},"content":{"rendered":"<h2>Turvallisuus Detent Plunger &#8211; Left KMR<\/h2>\n<p>Suunniteltu k\u00e4ytett\u00e4v\u00e4ksi erilaisten KMR-asemalleille, Turvallisuus Detent Plunger &#8211; Left KMR on olennainen osa, joka auttaa varmistamaan ampuma-aseesi turvallisen ja luotettavan toiminnan. T\u00e4m\u00e4 plunger pelaa ratkaisevaa roolia aseen turvallisuusmekanismeissa.<\/p>\n<p>Valmistettu tarkkuudella ja kest\u00e4vyydell\u00e4 mieless\u00e4, Turvallisuus Detent Plunger &#8211; Left KMR varmistaa turvallisen ja luotettavan yhteyden, tarjoten rauhan mielen k\u00e4yt\u00f6n aikana.<\/p>\n<\/p>\n<p>Aseille KMR<\/p>\n<\/p>\n<p>KMR L-02 EMIQ<\/p>\n<\/p>\n<p>KMR L-02 EMIQ (OR)<\/p>\n<\/p>\n<p>KMR L-02 ORCA VUOTEEN 2023 SAAKKA<\/p>\n<\/p>\n<p>KMR L-02 SPECTRA VUOTEEN 2023 SAAKKA<\/p>\n<\/p>\n<p>KMR L-02 UMBRA (OR) SR<\/p>\n<\/p>\n<p>KMR S-01 LANCE (OR)<\/p>\n<\/p>\n<p>KMR S-02 VUOTEEN 2023 SAAKKA<\/p>\n<\/p>\n<p>KMR W-02 CUDA (OR)<\/p>\n<\/p>\n<p>KMR W-02 UMBRA<\/p>\n<\/p>\n<p>KMR W-02 UMBRA (OR)<\/p>\n<\/p>\n<p>Viitenumero 1130-00302-0401<\/p>\n","protected":false},"excerpt":{"rendered":"<p>Turvakiinnitysneula &#8211; Vasen KMR aseille KMR, yhteensopiva eri mallien kanssa.<\/p>\n","protected":false},"featured_media":25911,"template":"","meta":{"_acf_changed":false},"product_brand":[11494],"product_cat":[13175],"product_tag":[],"class_list":{"0":"post-694174","1":"product","2":"type-product","3":"status-publish","4":"has-post-thumbnail","6":"product_brand-kmr-precision","7":"product_cat-kmr-osat","9":"first","10":"instock","11":"taxable","12":"shipping-taxable","13":"product-type-simple"},"acf":[],"_links":{"self":[{"href":"https:\/\/nbg.eu\/fi\/wp-json\/wp\/v2\/product\/694174","targetHints":{"allow":["GET"]}}],"collection":[{"href":"https:\/\/nbg.eu\/fi\/wp-json\/wp\/v2\/product"}],"about":[{"href":"https:\/\/nbg.eu\/fi\/wp-json\/wp\/v2\/types\/product"}],"wp:featuredmedia":[{"embeddable":true,"href":"https:\/\/nbg.eu\/fi\/wp-json\/wp\/v2\/media\/25911"}],"wp:attachment":[{"href":"https:\/\/nbg.eu\/fi\/wp-json\/wp\/v2\/media?parent=694174"}],"wp:term":[{"taxonomy":"product_brand","embeddable":true,"href":"https:\/\/nbg.eu\/fi\/wp-json\/wp\/v2\/product_brand?post=694174"},{"taxonomy":"product_cat","embeddable":true,"href":"https:\/\/nbg.eu\/fi\/wp-json\/wp\/v2\/product_cat?post=694174"},{"taxonomy":"product_tag","embeddable":true,"href":"https:\/\/nbg.eu\/fi\/wp-json\/wp\/v2\/product_tag?post=694174"}],"curies":[{"name":"wp","href":"https:\/\/api.w.org\/{rel}","templated":true}]}}