{"id":694243,"date":"2024-08-17T18:03:33","date_gmt":"2024-08-17T15:03:33","guid":{"rendered":"https:\/\/nbg.eu\/product\/sear-spring-kmr\/"},"modified":"2026-05-13T16:01:03","modified_gmt":"2026-05-13T13:01:03","slug":"sear-spring-kmr","status":"publish","type":"product","link":"https:\/\/nbg.eu\/fi\/tuote\/sear-spring-kmr\/","title":{"rendered":"KMR Laukaisinkynnen Jousi"},"content":{"rendered":"<h2>Sear Spring KMR: Tarkkuusaseen takaiskun hallinta<\/h2>\n<p>Esittelemme Sear Spring KMR:n, monipuolisen ja suorituskykyisen takaiskun hallintaj\u00e4rjestelm\u00e4n, joka on suunniteltu laajalle asemallistolle.<\/p>\n<p>Valmistettu korkealaatuisista materiaaleista ja huolellisesti suunniteltu, Sear Spring KMR yhdist\u00e4\u00e4 edistynytt\u00e4 teknologiaa ja kest\u00e4vyytt\u00e4, tarjoten luotettavan suorituskyvyn vaativimmissakin olosuhteissa. Innovatiivinen suunnittelu auttaa v\u00e4hent\u00e4m\u00e4\u00e4n takaiskua, mahdollistaen nopeamman maalin haltuunoton, parantuneen tarkkuuden ja k\u00e4ytt\u00e4j\u00e4n v\u00e4symyksen v\u00e4hentymisen.<\/p>\n<p>Monipuolinen k\u00e4ytt\u00f6kohteissaan, Sear Spring KMR on yhteensopiva laajan asekirjon kanssa, aina kiv\u00e4\u00e4reist\u00e4 ja karabiineista pistooleihin ja haulikoihin. Modulaarinen rakenne mahdollistaa saumattoman integroinnin, taaten optimaalisen suorituskyvyn kullekin aseelle.<\/p>\n<\/p>\n<p>Aseille KMR:<\/p>\n<\/p>\n<p>KMR L-02 EMIQ<\/p>\n<\/p>\n<p>KMR L-02 EMIQ (OR)<\/p>\n<\/p>\n<p>KMR L-02 ORCA FROM 2024<\/p>\n<\/p>\n<p>KMR L-02 ORCA UNTIL 2023<\/p>\n<\/p>\n<p>KMR L-02 SPECTRA FROM 2024<\/p>\n<\/p>\n<p>KMR L-02 SPECTRA UNTIL 2023<\/p>\n<\/p>\n<p>KMR L-02 UMBRA (OR) SR<\/p>\n<\/p>\n<p>KMR S-01 LANCE (OR)<\/p>\n<\/p>\n<p>KMR S-02 FROM 2024<\/p>\n<\/p>\n<p>KMR S-02 UNTIL 2023<\/p>\n<\/p>\n<p>KMR W-02 CUDA (OR)<\/p>\n<\/p>\n<p>KMR W-02 UMBRA<\/p>\n<\/p>\n<p>KMR W-02 UMBRA (OR)<\/p>\n","protected":false},"excerpt":{"rendered":"<p>Jousis\u00e4ppi KMR-aseille, yhteensopiva erilaisten mallien kanssa.<\/p>\n","protected":false},"featured_media":24825,"template":"","meta":{"_acf_changed":false},"product_brand":[11494],"product_cat":[13193,13175],"product_tag":[],"class_list":{"0":"post-694243","1":"product","2":"type-product","3":"status-publish","4":"has-post-thumbnail","6":"product_brand-kmr-precision","7":"product_cat-jouset","8":"product_cat-kmr-osat","10":"first","11":"instock","12":"taxable","13":"shipping-taxable","14":"product-type-simple"},"acf":[],"_links":{"self":[{"href":"https:\/\/nbg.eu\/fi\/wp-json\/wp\/v2\/product\/694243","targetHints":{"allow":["GET"]}}],"collection":[{"href":"https:\/\/nbg.eu\/fi\/wp-json\/wp\/v2\/product"}],"about":[{"href":"https:\/\/nbg.eu\/fi\/wp-json\/wp\/v2\/types\/product"}],"wp:featuredmedia":[{"embeddable":true,"href":"https:\/\/nbg.eu\/fi\/wp-json\/wp\/v2\/media\/24825"}],"wp:attachment":[{"href":"https:\/\/nbg.eu\/fi\/wp-json\/wp\/v2\/media?parent=694243"}],"wp:term":[{"taxonomy":"product_brand","embeddable":true,"href":"https:\/\/nbg.eu\/fi\/wp-json\/wp\/v2\/product_brand?post=694243"},{"taxonomy":"product_cat","embeddable":true,"href":"https:\/\/nbg.eu\/fi\/wp-json\/wp\/v2\/product_cat?post=694243"},{"taxonomy":"product_tag","embeddable":true,"href":"https:\/\/nbg.eu\/fi\/wp-json\/wp\/v2\/product_tag?post=694243"}],"curies":[{"name":"wp","href":"https:\/\/api.w.org\/{rel}","templated":true}]}}