{"id":694296,"date":"2024-08-18T12:10:09","date_gmt":"2024-08-18T09:10:09","guid":{"rendered":"https:\/\/nbg.eu\/product\/sear-kmr\/"},"modified":"2026-05-13T15:10:51","modified_gmt":"2026-05-13T12:10:51","slug":"sear-kmr","status":"publish","type":"product","link":"https:\/\/nbg.eu\/fi\/tuote\/sear-kmr\/","title":{"rendered":"KMR Laukaisinkynsi"},"content":{"rendered":"<h2>KMR Precision Sear<\/h2>\n<p>KMR Sear on keskeinen sis\u00e4inen komponentti, joka on suunniteltu niille, jotka vaativat parhaan mahdollisen liipaisimen suorituskyvyn. K\u00e4ynnistysj\u00e4rjestelm\u00e4n keskeisen\u00e4 osana s\u00e4\u00e4din pit\u00e4\u00e4 vasaran takaisin, kunnes t\u00e4sm\u00e4llinen laukaisu-ajankohta. T\u00e4m\u00e4 aito KMR-osa on suunniteltu tarjoamaan puhdas, &#8221;lasikeppi&#8221;-katkos, joka on tullut KMR-merkin tunnusmerkiksi.<\/p>\n<h3>Kilpatason sytytysj\u00e4rjestelm\u00e4<\/h3>\n<p>KMR Searin geometria on laskettu huolellisesti minimoidakseen mukaantulon ja yliliikkumisen. K\u00e4ytt\u00e4m\u00e4ll\u00e4 korkealuokkaista karkaistua ter\u00e4st\u00e4 KMR varmistaa, ett\u00e4 kytkeytymisreunat pysyv\u00e4t ter\u00e4vin\u00e4 ja tasaisina satojen tuhansien syklien ajan. Rakennatpa sin\u00e4 sitten mukautettua kilpailu-rig:i\u00e4 tai palautat pistoolisi tehdas-uuteen suorituskykyyn, t\u00e4m\u00e4 s\u00e4\u00e4din on avain toistettavaan ja turvalliseen liipaisuotteeseen.<\/p>\n<h3>Tekniset tiedot:<\/h3>\n<ul>\n<li><strong>Korkea-hiili karaistu ter\u00e4s:<\/strong> Takottu \u00e4\u00e4rimm\u00e4iseen kest\u00e4vyyteen ja kulutuksenkest\u00e4vyyteen kytkeytymiskohdassa.<\/li>\n<li><strong>Tarkkuus koneistettu:<\/strong> Valmistettu korkeimpiin toleransseihin varmistaakseen t\u00e4ydellisen liit\u00e4nn\u00e4n vasaran koukkuihin.<\/li>\n<li><strong>Optimoitu palautuksen geometria:<\/strong> Suunniteltu helpottamaan lyhytt\u00e4, positiivista palautusta nopeampiin seuranta-laukauksiin dynaamisissa ammuntatilanteissa.<\/li>\n<li><strong>Yleinen KMR-sovitus:<\/strong> Yhteensopiva KMR L-02 ja W-02 -sarjan runkomekanismien kanssa.<\/li>\n<\/ul>\n<h3>Keskeiset edut:<\/h3>\n<ul>\n<li><strong>Poista liipaisimen mukaantulo:<\/strong> Tarjoaa raikas, v\u00e4lit\u00f6n vapautus, joka parantaa tarkkuutta v\u00e4hent\u00e4m\u00e4ll\u00e4 mahdollisuutta vet\u00e4\u00e4 laukaus.<\/li>\n<li><strong>Parannettu turvallisuus:<\/strong> Tarkkuushiomatut pinnat varmistavat turvallisen vasaran lukituksen, s\u00e4ilytt\u00e4v\u00e4t mekaanisen turvallisuuden jopa kovassa k\u00e4yt\u00f6ss\u00e4.<\/li>\n<li><strong>Pudotus-laatuinen:<\/strong> Vaikka asesep\u00e4n asennus on aina suositeltavaa hienoimpien liipaisinten kannalta, t\u00e4m\u00e4 OEM-osa tarjoaa luotettavimman perustan ammattimaiseen liipaisinparannukseen.<\/li>\n<\/ul>\n<p><em><strong>Huomautus:<\/strong> Koska s\u00e4\u00e4din on kriittinen turvakomponentti, KMR suosittelee, ett\u00e4 asennuksen ja mahdollisen hiomisen suorittaa p\u00e4tev\u00e4 asesepp\u00e4, jotta s\u00e4\u00e4din-vasara-kytkent\u00e4 varmistetaan asianmukaisesti.<\/em><\/p>\n","protected":false},"excerpt":{"rendered":"<p>1110-00106-0401<\/p>\n","protected":false},"featured_media":25796,"template":"","meta":{"_acf_changed":false},"product_brand":[11494],"product_cat":[13175],"product_tag":[],"class_list":{"0":"post-694296","1":"product","2":"type-product","3":"status-publish","4":"has-post-thumbnail","6":"product_brand-kmr-precision","7":"product_cat-kmr-osat","9":"first","10":"instock","11":"taxable","12":"shipping-taxable","13":"product-type-simple"},"acf":[],"_links":{"self":[{"href":"https:\/\/nbg.eu\/fi\/wp-json\/wp\/v2\/product\/694296","targetHints":{"allow":["GET"]}}],"collection":[{"href":"https:\/\/nbg.eu\/fi\/wp-json\/wp\/v2\/product"}],"about":[{"href":"https:\/\/nbg.eu\/fi\/wp-json\/wp\/v2\/types\/product"}],"wp:featuredmedia":[{"embeddable":true,"href":"https:\/\/nbg.eu\/fi\/wp-json\/wp\/v2\/media\/25796"}],"wp:attachment":[{"href":"https:\/\/nbg.eu\/fi\/wp-json\/wp\/v2\/media?parent=694296"}],"wp:term":[{"taxonomy":"product_brand","embeddable":true,"href":"https:\/\/nbg.eu\/fi\/wp-json\/wp\/v2\/product_brand?post=694296"},{"taxonomy":"product_cat","embeddable":true,"href":"https:\/\/nbg.eu\/fi\/wp-json\/wp\/v2\/product_cat?post=694296"},{"taxonomy":"product_tag","embeddable":true,"href":"https:\/\/nbg.eu\/fi\/wp-json\/wp\/v2\/product_tag?post=694296"}],"curies":[{"name":"wp","href":"https:\/\/api.w.org\/{rel}","templated":true}]}}