{"id":694360,"date":"2025-09-05T00:02:56","date_gmt":"2025-09-04T21:02:56","guid":{"rendered":"https:\/\/nbg.eu\/product\/sig-sauer-taper-cap-for-5-56-barrels-1-2-28-thread\/"},"modified":"2026-05-13T16:41:24","modified_gmt":"2026-05-13T13:41:24","slug":"sig-sauer-taper-cap-for-5-56-barrels-1-2-28-thread","status":"publish","type":"product","link":"https:\/\/nbg.eu\/fi\/tuote\/sig-sauer-taper-cap-for-5-56-barrels-1-2-28-thread\/","title":{"rendered":"Sig Sauer Taper Cap for 5.56 Barrels, 1\/2-28 thread"},"content":{"rendered":"<div class=\"product-description\">\n<h2>Sig Sauer-lipputulppa 5.56 NATO -piipuille<\/h2>\n<p>Paranna Sig Sauer -ampuma-aseen suojausta ja ulkon\u00e4k\u00f6\u00e4 t\u00e4ll\u00e4 korkealaatuisella lipputulpalla, joka on suunniteltu erityisesti 5.56 NATO -piippuihin, joissa on 1\/2-28-kierre.<\/p>\n<ul>\n<li>Yhteensopiva nykyisten Sig Sauer 5.56 NATO -mallien, mukaan lukien MCX ja M400, kanssa<\/li>\n<li>Tarkkaan suunniteltu sopimaan 1\/2-28-kierteisiin piippuihin<\/li>\n<li>Tarjoaa erinomaisen suojan piipun kierteille, kun sit\u00e4 ei k\u00e4ytet\u00e4<\/li>\n<li>Helppo asentaa ja irrottaa<\/li>\n<li>Tyylik\u00e4s ulkon\u00e4k\u00f6 t\u00e4ydent\u00e4\u00e4 ampuma-aseen ulkon\u00e4k\u00f6\u00e4<\/li>\n<\/ul>\n<p>T\u00e4m\u00e4 lipputulppa on olennainen lis\u00e4varuste Sig Sauer 5.56 NATO -ampuma-aseen yll\u00e4pitoon. Se auttaa est\u00e4m\u00e4\u00e4n piipun kierteen vaurioitumista ja pit\u00e4\u00e4 ep\u00e4puhtaudet poissa, varmistaen, ett\u00e4 aseesi pysyy huippukunnossa. Riippumatta siit\u00e4, s\u00e4ilyt\u00e4tk\u00f6 ampuma-asettasi vai menetk\u00f6 ampumaradalle, t\u00e4m\u00e4 lipputulppa tarjoaa sek\u00e4 k\u00e4yt\u00e4nn\u00f6llist\u00e4 suojausta ett\u00e4 ammattimaisen viimeistelyn.<\/p>\n<\/div>\n","protected":false},"excerpt":{"rendered":"<p>Sig Sauer:n 5.56 piippujen kierresuojain, 1\/2-28 kierre.<\/p>\n","protected":false},"featured_media":496353,"template":"","meta":{"_acf_changed":false},"product_brand":[15107],"product_cat":[13188,13208],"product_tag":[],"class_list":{"0":"post-694360","1":"product","2":"type-product","3":"status-publish","4":"has-post-thumbnail","6":"product_brand-sig-sauer","7":"product_cat-aeaenenvaimennin-lisaevarusteet","8":"product_cat-kivaeaerin-aeaenenvaimentimet","10":"first","11":"instock","12":"taxable","13":"shipping-taxable","14":"purchasable","15":"product-type-simple"},"acf":[],"_links":{"self":[{"href":"https:\/\/nbg.eu\/fi\/wp-json\/wp\/v2\/product\/694360","targetHints":{"allow":["GET"]}}],"collection":[{"href":"https:\/\/nbg.eu\/fi\/wp-json\/wp\/v2\/product"}],"about":[{"href":"https:\/\/nbg.eu\/fi\/wp-json\/wp\/v2\/types\/product"}],"wp:featuredmedia":[{"embeddable":true,"href":"https:\/\/nbg.eu\/fi\/wp-json\/wp\/v2\/media\/496353"}],"wp:attachment":[{"href":"https:\/\/nbg.eu\/fi\/wp-json\/wp\/v2\/media?parent=694360"}],"wp:term":[{"taxonomy":"product_brand","embeddable":true,"href":"https:\/\/nbg.eu\/fi\/wp-json\/wp\/v2\/product_brand?post=694360"},{"taxonomy":"product_cat","embeddable":true,"href":"https:\/\/nbg.eu\/fi\/wp-json\/wp\/v2\/product_cat?post=694360"},{"taxonomy":"product_tag","embeddable":true,"href":"https:\/\/nbg.eu\/fi\/wp-json\/wp\/v2\/product_tag?post=694360"}],"curies":[{"name":"wp","href":"https:\/\/api.w.org\/{rel}","templated":true}]}}