{"id":694449,"date":"2024-09-16T14:36:57","date_gmt":"2024-09-16T11:36:57","guid":{"rendered":"https:\/\/nbg.eu\/product\/slide-stop-27-kmr\/"},"modified":"2026-02-02T18:40:59","modified_gmt":"2026-02-02T15:40:59","slug":"slide-stop-27-kmr","status":"publish","type":"product","link":"https:\/\/nbg.eu\/fi\/tuote\/slide-stop-27-kmr\/","title":{"rendered":"liukuest\u00e4 27 KMR"},"content":{"rendered":"<h2>SLIDE STOP 27 KMR &#8211; Luotettava aseen turvallisuus- ja uudelleenlatausindikattori<\/h2>\n<p>SLIDE STOP 27 KMR on olennainen ominaisuus, joka parantaa ampuma-aseesi turvallisuutta ja toimivuutta. Kun lipas on tyhj\u00e4, liukulukko lukittuu automaattisesti takaosaan, mik\u00e4 antaa selke\u00e4n visuaalisen merkin siit\u00e4, ett\u00e4 lipas on vaihdettava.<\/p>\n<p>T\u00e4m\u00e4 ominaisuus mahdollistaa sujuvan uudelleenlatauksen, sill\u00e4 ampuja voi yksinkertaisesti painaa lukon pid\u00e4kett\u00e4 vapauttaakseen liukulukon ja ladata ensimm\u00e4isen patruunan kammioon, kun uusi lipas on asetettu paikalleen. SLIDE STOP 27 KMR toimii luotettavana turvallisuusmekanismina, est\u00e4en tahattoman laukeamisen, kunnes lipas on kunnolla kiinnitetty ja ase on valmis k\u00e4ytt\u00f6\u00f6n.<\/p>\n<p>Tarkkuudella ja huolellisuudella valmistettu SLIDE STOP 27 KMR on arvokas lis\u00e4 mihin tahansa ampuma-aseeseen, tarjoten turvallisemman ja tehokkaamman ampumiskokemuksen. Oletpa sitten kokenut tarkka-ampuja tai aloitteleva ampuja, t\u00e4m\u00e4 ominaisuus antaa sinulle tarvittavan rauhan mielen ja varmuuden sek\u00e4 ampumaradalla ett\u00e4 maastossa.<\/p>\n<p>Aseille KMR<br \/>\nKMR L-02 SPECTRA VUOTEEN 2023 ASTI<br \/>\nKMR W-02 CUDA (OR)<br \/>\nKMR W-02 UMBRA<br \/>\nKMR W-02 UMBRA (OR)<\/p>\n","protected":false},"excerpt":{"rendered":"<p>Liukukahvan lukitusominaisuus lukitsee automaattisesti liukukahvan, kun lipas on tyhj\u00e4, mahdollistaa uuden patruunan lataamisen ja est\u00e4\u00e4 vahingossa laukeamisen.<\/p>\n","protected":false},"featured_media":25865,"template":"","meta":{"_acf_changed":false},"product_brand":[11494],"product_cat":[13175],"product_tag":[],"class_list":{"0":"post-694449","1":"product","2":"type-product","3":"status-publish","4":"has-post-thumbnail","6":"product_brand-kmr-precision","7":"product_cat-kmr-osat","9":"first","10":"instock","11":"taxable","12":"shipping-taxable","13":"product-type-simple"},"acf":[],"_links":{"self":[{"href":"https:\/\/nbg.eu\/fi\/wp-json\/wp\/v2\/product\/694449","targetHints":{"allow":["GET"]}}],"collection":[{"href":"https:\/\/nbg.eu\/fi\/wp-json\/wp\/v2\/product"}],"about":[{"href":"https:\/\/nbg.eu\/fi\/wp-json\/wp\/v2\/types\/product"}],"wp:featuredmedia":[{"embeddable":true,"href":"https:\/\/nbg.eu\/fi\/wp-json\/wp\/v2\/media\/25865"}],"wp:attachment":[{"href":"https:\/\/nbg.eu\/fi\/wp-json\/wp\/v2\/media?parent=694449"}],"wp:term":[{"taxonomy":"product_brand","embeddable":true,"href":"https:\/\/nbg.eu\/fi\/wp-json\/wp\/v2\/product_brand?post=694449"},{"taxonomy":"product_cat","embeddable":true,"href":"https:\/\/nbg.eu\/fi\/wp-json\/wp\/v2\/product_cat?post=694449"},{"taxonomy":"product_tag","embeddable":true,"href":"https:\/\/nbg.eu\/fi\/wp-json\/wp\/v2\/product_tag?post=694449"}],"curies":[{"name":"wp","href":"https:\/\/api.w.org\/{rel}","templated":true}]}}