{"id":694476,"date":"2024-09-17T22:47:08","date_gmt":"2024-09-17T19:47:08","guid":{"rendered":"https:\/\/nbg.eu\/product\/slide-stop-spring-22-lr-kmr\/"},"modified":"2026-02-13T18:49:52","modified_gmt":"2026-02-13T15:49:52","slug":"slide-stop-spring-22-lr-kmr","status":"publish","type":"product","link":"https:\/\/nbg.eu\/fi\/tuote\/slide-stop-spring-22-lr-kmr\/","title":{"rendered":"LIUKUVAN PYS\u00c4YTINJOUSI 22 LR KMR"},"content":{"rendered":"<h2>SLIDE STOP SPRING 22 LR KMR Aseille KMR<\/h2>\n<p>Suunniteltu k\u00e4ytett\u00e4v\u00e4ksi KMR-sarjan aseissa, SLIDE STOP SPRING 22 LR KMR on kest\u00e4v\u00e4 ja luotettava lis\u00e4varuste, joka takaa sujuvan toiminnan ja parannetun toiminnallisuuden.<\/p>\n<p>Tarkasti valmistettu ja yksityiskohtiin huomiota kiinnitt\u00e4en, SLIDE STOP SPRING 22 LR KMR varmistaa luotettavan suorituskyvyn ja pitk\u00e4n k\u00e4ytt\u00f6i\u00e4n, tehden siit\u00e4 oleellisen osan KMR-aseen harrastajille ja ammattilaisille. T\u00e4m\u00e4 jousi on yhteensopiva kaikkien KMR-mallien kanssa vuoteen 2023 asti, tarjoten kest\u00e4v\u00e4n ratkaisun tulitukiv\u00e4lineesi huoltoon ja p\u00e4ivitt\u00e4miseen.<\/p>\n<p>Aseille KMR<\/p>\n<p>KMR S-01 LANCE (OR)<\/p>\n<p>KMR S-02 10 (OR) SR ADA<\/p>\n<p>KMR S-02 75 (OR) SR ADA<\/p>\n<p>KMR S-02 SH1 (OR) SR ADA<\/p>\n<p>KMR S-02 SH2 (OR) SR ADA<\/p>\n<p>KMR S-02 TS (OR) SR ADA<\/p>\n<p>KMR S-02 VUOTEEN 2023 ASTI<\/p>\n","protected":false},"excerpt":{"rendered":"<p>Korvaava liukuesteen jousi KMR-aseille.<\/p>\n","protected":false},"featured_media":24896,"template":"","meta":{"_acf_changed":false},"product_brand":[11494],"product_cat":[13193,13175],"product_tag":[],"class_list":{"0":"post-694476","1":"product","2":"type-product","3":"status-publish","4":"has-post-thumbnail","6":"product_brand-kmr-precision","7":"product_cat-jouset","8":"product_cat-kmr-osat","10":"first","11":"instock","12":"taxable","13":"shipping-taxable","14":"product-type-simple"},"acf":[],"_links":{"self":[{"href":"https:\/\/nbg.eu\/fi\/wp-json\/wp\/v2\/product\/694476","targetHints":{"allow":["GET"]}}],"collection":[{"href":"https:\/\/nbg.eu\/fi\/wp-json\/wp\/v2\/product"}],"about":[{"href":"https:\/\/nbg.eu\/fi\/wp-json\/wp\/v2\/types\/product"}],"wp:featuredmedia":[{"embeddable":true,"href":"https:\/\/nbg.eu\/fi\/wp-json\/wp\/v2\/media\/24896"}],"wp:attachment":[{"href":"https:\/\/nbg.eu\/fi\/wp-json\/wp\/v2\/media?parent=694476"}],"wp:term":[{"taxonomy":"product_brand","embeddable":true,"href":"https:\/\/nbg.eu\/fi\/wp-json\/wp\/v2\/product_brand?post=694476"},{"taxonomy":"product_cat","embeddable":true,"href":"https:\/\/nbg.eu\/fi\/wp-json\/wp\/v2\/product_cat?post=694476"},{"taxonomy":"product_tag","embeddable":true,"href":"https:\/\/nbg.eu\/fi\/wp-json\/wp\/v2\/product_tag?post=694476"}],"curies":[{"name":"wp","href":"https:\/\/api.w.org\/{rel}","templated":true}]}}