{"id":694502,"date":"2024-08-17T15:15:43","date_gmt":"2024-08-17T12:15:43","guid":{"rendered":"https:\/\/nbg.eu\/product\/slide-stop-spring-pin-22-lr-15x6-kmr\/"},"modified":"2026-02-18T17:58:01","modified_gmt":"2026-02-18T14:58:01","slug":"slide-stop-spring-pin-22-lr-15x6-kmr","status":"publish","type":"product","link":"https:\/\/nbg.eu\/fi\/tuote\/slide-stop-spring-pin-22-lr-15x6-kmr\/","title":{"rendered":"Liukuvaimentimen jousipalli 22 Lr 1,5X6 KMR"},"content":{"rendered":"<h2>Liukukahvan pys\u00e4ytysjousitapin 22 Lr 1,5X6 KMR<\/h2>\n<p>Liukukahvan pys\u00e4ytysjousitapin 22 Lr 1,5X6 KMR on olennainen osa aseen asianmukaisen toiminnan yll\u00e4pit\u00e4misess\u00e4. Se on suunniteltu erityisesti 22 Lr kaliiperin aseille ja varmistaa turvallisen ja luotettavan liukukahvan pys\u00e4ytysmekanismin, est\u00e4en misfirauksia ja taaten sujuvan toiminnan.<\/p>\n<p>Korkealaatuisista materiaaleista valmistettu Liukukahvan pys\u00e4ytysjousitapin 22 Lr 1,5X6 KMR on suunniteltu kest\u00e4m\u00e4\u00e4n s\u00e4\u00e4nn\u00f6llisen k\u00e4yt\u00f6n rasituksia. Sen kompakti 1,5 mm x 6 mm koko tekee siit\u00e4 sopivan moniin 22 Lr ampuma-aseisiin, tarjoten saumattoman integroinnin aseen sis\u00e4isiin komponentteihin.<\/p>\n<p>Oletpa kilpailuk\u00e4ytt\u00e4j\u00e4, harrastelija tai vastuullinen aseen omistaja, Liukukahvan pys\u00e4ytysjousitapin 22 Lr 1,5X6 KMR on olennainen lis\u00e4varuste 22 Lr aseen optimaalisen suorituskyvyn ja luotettavuuden yll\u00e4pit\u00e4miseen. Sen tarkka suunnittelu ja kest\u00e4v\u00e4 rakenne takaavat pitk\u00e4aikaisen suorituskyvyn, jotta voit keskitty\u00e4 ammuntakokemukseesi luottavaisin mielin.<\/p>\n","protected":false},"excerpt":{"rendered":"<p>Kest\u00e4v\u00e4 jousikiinnitteinen tappi varmistaa liukuvan pys\u00e4yttimen 22 LR -pistooleissa.<\/p>\n","protected":false},"featured_media":24037,"template":"","meta":{"_acf_changed":false},"product_brand":[11494],"product_cat":[13175],"product_tag":[],"class_list":{"0":"post-694502","1":"product","2":"type-product","3":"status-publish","4":"has-post-thumbnail","6":"product_brand-kmr-precision","7":"product_cat-kmr-osat","9":"first","10":"instock","11":"taxable","12":"shipping-taxable","13":"product-type-simple"},"acf":[],"_links":{"self":[{"href":"https:\/\/nbg.eu\/fi\/wp-json\/wp\/v2\/product\/694502","targetHints":{"allow":["GET"]}}],"collection":[{"href":"https:\/\/nbg.eu\/fi\/wp-json\/wp\/v2\/product"}],"about":[{"href":"https:\/\/nbg.eu\/fi\/wp-json\/wp\/v2\/types\/product"}],"wp:featuredmedia":[{"embeddable":true,"href":"https:\/\/nbg.eu\/fi\/wp-json\/wp\/v2\/media\/24037"}],"wp:attachment":[{"href":"https:\/\/nbg.eu\/fi\/wp-json\/wp\/v2\/media?parent=694502"}],"wp:term":[{"taxonomy":"product_brand","embeddable":true,"href":"https:\/\/nbg.eu\/fi\/wp-json\/wp\/v2\/product_brand?post=694502"},{"taxonomy":"product_cat","embeddable":true,"href":"https:\/\/nbg.eu\/fi\/wp-json\/wp\/v2\/product_cat?post=694502"},{"taxonomy":"product_tag","embeddable":true,"href":"https:\/\/nbg.eu\/fi\/wp-json\/wp\/v2\/product_tag?post=694502"}],"curies":[{"name":"wp","href":"https:\/\/api.w.org\/{rel}","templated":true}]}}